{"id":1169,"date":"2019-07-15T06:19:54","date_gmt":"2019-07-15T06:19:54","guid":{"rendered":"https:\/\/traksler.co\/?page_id=1169"},"modified":"2019-07-15T06:31:00","modified_gmt":"2019-07-15T06:31:00","slug":"drvena-kasika-za-decu-i-bebe","status":"publish","type":"page","link":"https:\/\/traksler.co\/en\/drvena-kasika-za-decu-i-bebe\/","title":{"rendered":"wooden spoon for kids and babies"},"content":{"rendered":"<div data-elementor-type=\"wp-post\" data-elementor-id=\"1169\" class=\"elementor elementor-1169\">\n\t\t\t\t\t\t<section class=\"elementor-section elementor-top-section elementor-element elementor-element-5dae3e1 elementor-section-boxed elementor-section-height-default elementor-section-height-default\" data-id=\"5dae3e1\" data-element_type=\"section\">\n\t\t\t\t\t\t<div class=\"elementor-container elementor-column-gap-default\">\n\t\t\t\t\t<div class=\"elementor-column elementor-col-100 elementor-top-column elementor-element elementor-element-d1c11d1\" data-id=\"d1c11d1\" data-element_type=\"column\">\n\t\t\t<div class=\"elementor-widget-wrap elementor-element-populated\">\n\t\t\t\t\t\t<div class=\"elementor-element elementor-element-1822912 elementor-widget elementor-widget-spacer\" data-id=\"1822912\" data-element_type=\"widget\" data-widget_type=\"spacer.default\">\n\t\t\t\t<div class=\"elementor-widget-container\">\n\t\t\t\t\t\t\t<div class=\"elementor-spacer\">\n\t\t\t<div class=\"elementor-spacer-inner\"><\/div>\n\t\t<\/div>\n\t\t\t\t\t\t<\/div>\n\t\t\t\t<\/div>\n\t\t\t\t<div class=\"elementor-element elementor-element-a7ffc0d elementor-invisible elementor-widget elementor-widget-heading\" data-id=\"a7ffc0d\" data-element_type=\"widget\" data-settings=\"{&quot;_animation&quot;:&quot;fadeIn&quot;}\" data-widget_type=\"heading.default\">\n\t\t\t\t<div class=\"elementor-widget-container\">\n\t\t\t\t\t<h2 class=\"elementor-heading-title elementor-size-default\">wooden spoon for kids and babies<\/h2>\t\t\t\t<\/div>\n\t\t\t\t<\/div>\n\t\t\t\t<div class=\"elementor-element elementor-element-cd99a6e elementor-widget elementor-widget-spacer\" data-id=\"cd99a6e\" data-element_type=\"widget\" data-widget_type=\"spacer.default\">\n\t\t\t\t<div class=\"elementor-widget-container\">\n\t\t\t\t\t\t\t<div class=\"elementor-spacer\">\n\t\t\t<div class=\"elementor-spacer-inner\"><\/div>\n\t\t<\/div>\n\t\t\t\t\t\t<\/div>\n\t\t\t\t<\/div>\n\t\t\t\t\t<\/div>\n\t\t<\/div>\n\t\t\t\t\t<\/div>\n\t\t<\/section>\n\t\t\t\t<section class=\"elementor-section elementor-top-section elementor-element elementor-element-271d901 elementor-section-boxed elementor-section-height-default elementor-section-height-default elementor-invisible\" data-id=\"271d901\" data-element_type=\"section\" data-settings=\"{&quot;animation&quot;:&quot;fadeIn&quot;}\">\n\t\t\t\t\t\t<div class=\"elementor-container elementor-column-gap-default\">\n\t\t\t\t\t<div class=\"elementor-column elementor-col-50 elementor-top-column elementor-element elementor-element-262c25c\" data-id=\"262c25c\" data-element_type=\"column\">\n\t\t\t<div class=\"elementor-widget-wrap elementor-element-populated\">\n\t\t\t\t\t\t<div class=\"elementor-element elementor-element-113a562 elementor-widget elementor-widget-image-gallery\" data-id=\"113a562\" data-element_type=\"widget\" data-widget_type=\"image-gallery.default\">\n\t\t\t\t<div class=\"elementor-widget-container\">\n\t\t\t\t\t\t\t<div class=\"elementor-image-gallery\">\n\t\t\t<div id='gallery-1' class='gallery galleryid-1169 gallery-columns-1 gallery-size-large'><figure class='gallery-item'>\n\t\t\t<div class='gallery-icon landscape'>\n\t\t\t\t<a data-elementor-open-lightbox=\"yes\" data-elementor-lightbox-slideshow=\"113a562\" data-elementor-lightbox-title=\"ka\u0161ika-za-bebe-1\" data-e-action-hash=\"#elementor-action%3Aaction%3Dlightbox%26settings%3DeyJpZCI6MTE3MywidXJsIjoiaHR0cHM6XC9cL3RyYWtzbGVyLmNvXC93cC1jb250ZW50XC91cGxvYWRzXC8yMDE5XC8wN1wva2FcdTAxNjFpa2EtemEtYmViZS0xLmpwZyIsInNsaWRlc2hvdyI6IjExM2E1NjIifQ%3D%3D\" href='https:\/\/traksler.co\/wp-content\/uploads\/2019\/07\/ka\u0161ika-za-bebe-1.jpg'><img fetchpriority=\"high\" decoding=\"async\" width=\"1024\" height=\"485\" src=\"https:\/\/traksler.co\/wp-content\/uploads\/2019\/07\/ka\u0161ika-za-bebe-1-1024x485.jpg\" class=\"attachment-large size-large\" alt=\"\" srcset=\"https:\/\/traksler.co\/wp-content\/uploads\/2019\/07\/ka\u0161ika-za-bebe-1-1024x485.jpg 1024w, https:\/\/traksler.co\/wp-content\/uploads\/2019\/07\/ka\u0161ika-za-bebe-1-300x142.jpg 300w, https:\/\/traksler.co\/wp-content\/uploads\/2019\/07\/ka\u0161ika-za-bebe-1-768x364.jpg 768w, https:\/\/traksler.co\/wp-content\/uploads\/2019\/07\/ka\u0161ika-za-bebe-1.jpg 1980w\" sizes=\"(max-width: 1024px) 100vw, 1024px\" \/><\/a>\n\t\t\t<\/div><\/figure><figure class='gallery-item'>\n\t\t\t<div class='gallery-icon landscape'>\n\t\t\t\t<a data-elementor-open-lightbox=\"yes\" data-elementor-lightbox-slideshow=\"113a562\" data-elementor-lightbox-title=\"kasika-za-bebe-2\" data-e-action-hash=\"#elementor-action%3Aaction%3Dlightbox%26settings%3DeyJpZCI6MTE3MiwidXJsIjoiaHR0cHM6XC9cL3RyYWtzbGVyLmNvXC93cC1jb250ZW50XC91cGxvYWRzXC8yMDE5XC8wN1wva2FzaWthLXphLWJlYmUtMi5qcGciLCJzbGlkZXNob3ciOiIxMTNhNTYyIn0%3D\" href='https:\/\/traksler.co\/wp-content\/uploads\/2019\/07\/kasika-za-bebe-2.jpg'><img decoding=\"async\" width=\"1024\" height=\"426\" src=\"https:\/\/traksler.co\/wp-content\/uploads\/2019\/07\/kasika-za-bebe-2-1024x426.jpg\" class=\"attachment-large size-large\" alt=\"\" srcset=\"https:\/\/traksler.co\/wp-content\/uploads\/2019\/07\/kasika-za-bebe-2-1024x426.jpg 1024w, https:\/\/traksler.co\/wp-content\/uploads\/2019\/07\/kasika-za-bebe-2-300x125.jpg 300w, https:\/\/traksler.co\/wp-content\/uploads\/2019\/07\/kasika-za-bebe-2-768x320.jpg 768w, https:\/\/traksler.co\/wp-content\/uploads\/2019\/07\/kasika-za-bebe-2.jpg 1980w\" sizes=\"(max-width: 1024px) 100vw, 1024px\" \/><\/a>\n\t\t\t<\/div><\/figure><figure class='gallery-item'>\n\t\t\t<div class='gallery-icon landscape'>\n\t\t\t\t<a data-elementor-open-lightbox=\"yes\" data-elementor-lightbox-slideshow=\"113a562\" data-elementor-lightbox-title=\"IMG_0508\" data-e-action-hash=\"#elementor-action%3Aaction%3Dlightbox%26settings%3DeyJpZCI6ODM4LCJ1cmwiOiJodHRwczpcL1wvdHJha3NsZXIuY29cL3dwLWNvbnRlbnRcL3VwbG9hZHNcLzIwMTlcLzA2XC9JTUdfMDUwOC5qcGciLCJzbGlkZXNob3ciOiIxMTNhNTYyIn0%3D\" href='https:\/\/traksler.co\/wp-content\/uploads\/2019\/06\/IMG_0508.jpg'><img decoding=\"async\" width=\"1024\" height=\"562\" src=\"https:\/\/traksler.co\/wp-content\/uploads\/2019\/06\/IMG_0508-1024x562.jpg\" class=\"attachment-large size-large\" alt=\"\" srcset=\"https:\/\/traksler.co\/wp-content\/uploads\/2019\/06\/IMG_0508-1024x562.jpg 1024w, https:\/\/traksler.co\/wp-content\/uploads\/2019\/06\/IMG_0508-300x165.jpg 300w, https:\/\/traksler.co\/wp-content\/uploads\/2019\/06\/IMG_0508-768x421.jpg 768w, https:\/\/traksler.co\/wp-content\/uploads\/2019\/06\/IMG_0508-600x329.jpg 600w, https:\/\/traksler.co\/wp-content\/uploads\/2019\/06\/IMG_0508.jpg 1980w\" sizes=\"(max-width: 1024px) 100vw, 1024px\" \/><\/a>\n\t\t\t<\/div><\/figure>\n\t\t<\/div>\n\t\t<\/div>\n\t\t\t\t\t\t<\/div>\n\t\t\t\t<\/div>\n\t\t\t\t\t<\/div>\n\t\t<\/div>\n\t\t\t\t<div class=\"elementor-column elementor-col-50 elementor-top-column elementor-element elementor-element-d31325c elementor-hidden-phone\" data-id=\"d31325c\" data-element_type=\"column\">\n\t\t\t<div class=\"elementor-widget-wrap elementor-element-populated\">\n\t\t\t\t\t\t<div class=\"elementor-element elementor-element-93f52aa elementor-hidden-phone elementor-widget elementor-widget-image\" data-id=\"93f52aa\" data-element_type=\"widget\" data-widget_type=\"image.default\">\n\t\t\t\t<div class=\"elementor-widget-container\">\n\t\t\t\t\t\t\t\t\t\t\t\t\t\t\t<img loading=\"lazy\" decoding=\"async\" width=\"1024\" height=\"485\" src=\"https:\/\/traksler.co\/wp-content\/uploads\/2019\/07\/ka\u0161ika-za-bebe-1-1024x485.jpg\" class=\"attachment-large size-large wp-image-1173\" alt=\"\" srcset=\"https:\/\/traksler.co\/wp-content\/uploads\/2019\/07\/ka\u0161ika-za-bebe-1-1024x485.jpg 1024w, https:\/\/traksler.co\/wp-content\/uploads\/2019\/07\/ka\u0161ika-za-bebe-1-300x142.jpg 300w, https:\/\/traksler.co\/wp-content\/uploads\/2019\/07\/ka\u0161ika-za-bebe-1-768x364.jpg 768w, https:\/\/traksler.co\/wp-content\/uploads\/2019\/07\/ka\u0161ika-za-bebe-1.jpg 1980w\" sizes=\"(max-width: 1024px) 100vw, 1024px\" \/>\t\t\t\t\t\t\t\t\t\t\t\t\t\t\t<\/div>\n\t\t\t\t<\/div>\n\t\t\t\t<div class=\"elementor-element elementor-element-1a7e30b elementor-widget elementor-widget-text-editor\" data-id=\"1a7e30b\" data-element_type=\"widget\" data-widget_type=\"text-editor.default\">\n\t\t\t\t<div class=\"elementor-widget-container\">\n\t\t\t\t\t\t\t\t\t<p>a wooden spoon for children and babies is hand-made from a maple tree. it's protected by natural oil certified for direct contact with food.<\/p><p>dimensions: length is 30cm +- 5mm, width in it's widest part is 2cm +- 2mm.<\/p>\t\t\t\t\t\t\t\t<\/div>\n\t\t\t\t<\/div>\n\t\t\t\t\t<\/div>\n\t\t<\/div>\n\t\t\t\t\t<\/div>\n\t\t<\/section>\n\t\t\t\t<\/div>","protected":false},"excerpt":{"rendered":"<p>drvena ka\u0161ika za decu i bebe drvena ka\u0161ika za decu i bebe pravi se ru\u010dno od drveta javora. za\u0161ti\u0107ena je prirodnim uljem sertifikovanim za direktan kontakt sa hranom. dimenzije: du\u017eina 30cm +- 5mm, \u0161irina u naj\u0161irem delu 2cm +- 2mm.<\/p>","protected":false},"author":1,"featured_media":0,"parent":0,"menu_order":0,"comment_status":"closed","ping_status":"closed","template":"","meta":{"ngg_post_thumbnail":0,"footnotes":""},"class_list":["post-1169","page","type-page","status-publish","hentry"],"yoast_head":"<!-- This site is optimized with the Yoast SEO plugin v27.2 - https:\/\/yoast.com\/product\/yoast-seo-wordpress\/ -->\n<title>drvena ka\u0161ika za decu i bebe - traksler<\/title>\n<meta name=\"robots\" content=\"index, follow, max-snippet:-1, max-image-preview:large, max-video-preview:-1\" \/>\n<link rel=\"canonical\" href=\"https:\/\/traksler.co\/en\/drvena-kasika-za-decu-i-bebe\/\" \/>\n<meta property=\"og:locale\" content=\"en_US\" \/>\n<meta property=\"og:type\" content=\"article\" \/>\n<meta property=\"og:title\" content=\"drvena ka\u0161ika za decu i bebe - traksler\" \/>\n<meta property=\"og:description\" content=\"drvena ka\u0161ika za decu i bebe drvena ka\u0161ika za decu i bebe pravi se ru\u010dno od drveta javora. za\u0161ti\u0107ena je prirodnim uljem sertifikovanim za direktan kontakt sa hranom. dimenzije: du\u017eina 30cm +- 5mm, \u0161irina u naj\u0161irem delu 2cm +- 2mm.\" \/>\n<meta property=\"og:url\" content=\"https:\/\/traksler.co\/en\/drvena-kasika-za-decu-i-bebe\/\" \/>\n<meta property=\"og:site_name\" content=\"traksler\" \/>\n<meta property=\"article:publisher\" content=\"https:\/\/www.facebook.com\/trakslershapeswood\/\" \/>\n<meta property=\"article:modified_time\" content=\"2019-07-15T06:31:00+00:00\" \/>\n<meta property=\"og:image\" content=\"https:\/\/traksler.co\/wp-content\/uploads\/2019\/07\/kasika-za-bebe-2-1024x426.jpg\" \/>\n<meta name=\"twitter:card\" content=\"summary_large_image\" \/>\n<script type=\"application\/ld+json\" class=\"yoast-schema-graph\">{\"@context\":\"https:\/\/schema.org\",\"@graph\":[{\"@type\":\"WebPage\",\"@id\":\"https:\/\/traksler.co\/drvena-kasika-za-decu-i-bebe\/\",\"url\":\"https:\/\/traksler.co\/drvena-kasika-za-decu-i-bebe\/\",\"name\":\"drvena ka\u0161ika za decu i bebe - traksler\",\"isPartOf\":{\"@id\":\"https:\/\/traksler.co\/#website\"},\"primaryImageOfPage\":{\"@id\":\"https:\/\/traksler.co\/drvena-kasika-za-decu-i-bebe\/#primaryimage\"},\"image\":{\"@id\":\"https:\/\/traksler.co\/drvena-kasika-za-decu-i-bebe\/#primaryimage\"},\"thumbnailUrl\":\"https:\/\/traksler.co\/wp-content\/uploads\/2019\/07\/kasika-za-bebe-2-1024x426.jpg\",\"datePublished\":\"2019-07-15T06:19:54+00:00\",\"dateModified\":\"2019-07-15T06:31:00+00:00\",\"breadcrumb\":{\"@id\":\"https:\/\/traksler.co\/drvena-kasika-za-decu-i-bebe\/#breadcrumb\"},\"inLanguage\":\"en-US\",\"potentialAction\":[{\"@type\":\"ReadAction\",\"target\":[\"https:\/\/traksler.co\/drvena-kasika-za-decu-i-bebe\/\"]}]},{\"@type\":\"ImageObject\",\"inLanguage\":\"en-US\",\"@id\":\"https:\/\/traksler.co\/drvena-kasika-za-decu-i-bebe\/#primaryimage\",\"url\":\"https:\/\/traksler.co\/wp-content\/uploads\/2019\/07\/kasika-za-bebe-2-1024x426.jpg\",\"contentUrl\":\"https:\/\/traksler.co\/wp-content\/uploads\/2019\/07\/kasika-za-bebe-2-1024x426.jpg\"},{\"@type\":\"BreadcrumbList\",\"@id\":\"https:\/\/traksler.co\/drvena-kasika-za-decu-i-bebe\/#breadcrumb\",\"itemListElement\":[{\"@type\":\"ListItem\",\"position\":1,\"name\":\"Home\",\"item\":\"https:\/\/traksler.co\/\"},{\"@type\":\"ListItem\",\"position\":2,\"name\":\"drvena ka\u0161ika za decu i bebe\"}]},{\"@type\":\"WebSite\",\"@id\":\"https:\/\/traksler.co\/#website\",\"url\":\"https:\/\/traksler.co\/\",\"name\":\"traksler\",\"description\":\"wood products\",\"publisher\":{\"@id\":\"https:\/\/traksler.co\/#organization\"},\"potentialAction\":[{\"@type\":\"SearchAction\",\"target\":{\"@type\":\"EntryPoint\",\"urlTemplate\":\"https:\/\/traksler.co\/?s={search_term_string}\"},\"query-input\":{\"@type\":\"PropertyValueSpecification\",\"valueRequired\":true,\"valueName\":\"search_term_string\"}}],\"inLanguage\":\"en-US\"},{\"@type\":\"Organization\",\"@id\":\"https:\/\/traksler.co\/#organization\",\"name\":\"traksler\",\"url\":\"https:\/\/traksler.co\/\",\"logo\":{\"@type\":\"ImageObject\",\"inLanguage\":\"en-US\",\"@id\":\"https:\/\/traksler.co\/#\/schema\/logo\/image\/\",\"url\":\"https:\/\/traksler.co\/wp-content\/uploads\/2019\/01\/vertikalni.jpg\",\"contentUrl\":\"https:\/\/traksler.co\/wp-content\/uploads\/2019\/01\/vertikalni.jpg\",\"width\":2158,\"height\":2494,\"caption\":\"traksler\"},\"image\":{\"@id\":\"https:\/\/traksler.co\/#\/schema\/logo\/image\/\"},\"sameAs\":[\"https:\/\/www.facebook.com\/trakslershapeswood\/\",\"https:\/\/www.instagram.com\/traksler_shapeswood\/\"]}]}<\/script>\n<!-- \/ Yoast SEO plugin. -->","yoast_head_json":{"title":"drvena ka\u0161ika za decu i bebe - traksler","robots":{"index":"index","follow":"follow","max-snippet":"max-snippet:-1","max-image-preview":"max-image-preview:large","max-video-preview":"max-video-preview:-1"},"canonical":"https:\/\/traksler.co\/en\/drvena-kasika-za-decu-i-bebe\/","og_locale":"en_US","og_type":"article","og_title":"drvena ka\u0161ika za decu i bebe - traksler","og_description":"drvena ka\u0161ika za decu i bebe drvena ka\u0161ika za decu i bebe pravi se ru\u010dno od drveta javora. za\u0161ti\u0107ena je prirodnim uljem sertifikovanim za direktan kontakt sa hranom. dimenzije: du\u017eina 30cm +- 5mm, \u0161irina u naj\u0161irem delu 2cm +- 2mm.","og_url":"https:\/\/traksler.co\/en\/drvena-kasika-za-decu-i-bebe\/","og_site_name":"traksler","article_publisher":"https:\/\/www.facebook.com\/trakslershapeswood\/","article_modified_time":"2019-07-15T06:31:00+00:00","og_image":[{"url":"https:\/\/traksler.co\/wp-content\/uploads\/2019\/07\/kasika-za-bebe-2-1024x426.jpg","type":"","width":"","height":""}],"twitter_card":"summary_large_image","schema":{"@context":"https:\/\/schema.org","@graph":[{"@type":"WebPage","@id":"https:\/\/traksler.co\/drvena-kasika-za-decu-i-bebe\/","url":"https:\/\/traksler.co\/drvena-kasika-za-decu-i-bebe\/","name":"drvena ka\u0161ika za decu i bebe - traksler","isPartOf":{"@id":"https:\/\/traksler.co\/#website"},"primaryImageOfPage":{"@id":"https:\/\/traksler.co\/drvena-kasika-za-decu-i-bebe\/#primaryimage"},"image":{"@id":"https:\/\/traksler.co\/drvena-kasika-za-decu-i-bebe\/#primaryimage"},"thumbnailUrl":"https:\/\/traksler.co\/wp-content\/uploads\/2019\/07\/kasika-za-bebe-2-1024x426.jpg","datePublished":"2019-07-15T06:19:54+00:00","dateModified":"2019-07-15T06:31:00+00:00","breadcrumb":{"@id":"https:\/\/traksler.co\/drvena-kasika-za-decu-i-bebe\/#breadcrumb"},"inLanguage":"en-US","potentialAction":[{"@type":"ReadAction","target":["https:\/\/traksler.co\/drvena-kasika-za-decu-i-bebe\/"]}]},{"@type":"ImageObject","inLanguage":"en-US","@id":"https:\/\/traksler.co\/drvena-kasika-za-decu-i-bebe\/#primaryimage","url":"https:\/\/traksler.co\/wp-content\/uploads\/2019\/07\/kasika-za-bebe-2-1024x426.jpg","contentUrl":"https:\/\/traksler.co\/wp-content\/uploads\/2019\/07\/kasika-za-bebe-2-1024x426.jpg"},{"@type":"BreadcrumbList","@id":"https:\/\/traksler.co\/drvena-kasika-za-decu-i-bebe\/#breadcrumb","itemListElement":[{"@type":"ListItem","position":1,"name":"Home","item":"https:\/\/traksler.co\/"},{"@type":"ListItem","position":2,"name":"drvena ka\u0161ika za decu i bebe"}]},{"@type":"WebSite","@id":"https:\/\/traksler.co\/#website","url":"https:\/\/traksler.co\/","name":"traksler","description":"wood products","publisher":{"@id":"https:\/\/traksler.co\/#organization"},"potentialAction":[{"@type":"SearchAction","target":{"@type":"EntryPoint","urlTemplate":"https:\/\/traksler.co\/?s={search_term_string}"},"query-input":{"@type":"PropertyValueSpecification","valueRequired":true,"valueName":"search_term_string"}}],"inLanguage":"en-US"},{"@type":"Organization","@id":"https:\/\/traksler.co\/#organization","name":"traksler","url":"https:\/\/traksler.co\/","logo":{"@type":"ImageObject","inLanguage":"en-US","@id":"https:\/\/traksler.co\/#\/schema\/logo\/image\/","url":"https:\/\/traksler.co\/wp-content\/uploads\/2019\/01\/vertikalni.jpg","contentUrl":"https:\/\/traksler.co\/wp-content\/uploads\/2019\/01\/vertikalni.jpg","width":2158,"height":2494,"caption":"traksler"},"image":{"@id":"https:\/\/traksler.co\/#\/schema\/logo\/image\/"},"sameAs":["https:\/\/www.facebook.com\/trakslershapeswood\/","https:\/\/www.instagram.com\/traksler_shapeswood\/"]}]}},"_links":{"self":[{"href":"https:\/\/traksler.co\/en\/wp-json\/wp\/v2\/pages\/1169","targetHints":{"allow":["GET"]}}],"collection":[{"href":"https:\/\/traksler.co\/en\/wp-json\/wp\/v2\/pages"}],"about":[{"href":"https:\/\/traksler.co\/en\/wp-json\/wp\/v2\/types\/page"}],"author":[{"embeddable":true,"href":"https:\/\/traksler.co\/en\/wp-json\/wp\/v2\/users\/1"}],"replies":[{"embeddable":true,"href":"https:\/\/traksler.co\/en\/wp-json\/wp\/v2\/comments?post=1169"}],"version-history":[{"count":3,"href":"https:\/\/traksler.co\/en\/wp-json\/wp\/v2\/pages\/1169\/revisions"}],"predecessor-version":[{"id":1188,"href":"https:\/\/traksler.co\/en\/wp-json\/wp\/v2\/pages\/1169\/revisions\/1188"}],"wp:attachment":[{"href":"https:\/\/traksler.co\/en\/wp-json\/wp\/v2\/media?parent=1169"}],"curies":[{"name":"wp","href":"https:\/\/api.w.org\/{rel}","templated":true}]}}