{"id":1180,"date":"2019-07-15T06:26:39","date_gmt":"2019-07-15T06:26:39","guid":{"rendered":"https:\/\/traksler.co\/?page_id=1180"},"modified":"2019-08-19T19:43:13","modified_gmt":"2019-08-19T19:43:13","slug":"avan-i-tucak","status":"publish","type":"page","link":"https:\/\/traksler.co\/en\/avan-i-tucak\/","title":{"rendered":"mortar and pestle"},"content":{"rendered":"<div data-elementor-type=\"wp-post\" data-elementor-id=\"1180\" class=\"elementor elementor-1180\">\n\t\t\t\t\t\t<section class=\"elementor-section elementor-top-section elementor-element elementor-element-294c7c9 elementor-section-boxed elementor-section-height-default elementor-section-height-default\" data-id=\"294c7c9\" data-element_type=\"section\">\n\t\t\t\t\t\t<div class=\"elementor-container elementor-column-gap-default\">\n\t\t\t\t\t<div class=\"elementor-column elementor-col-100 elementor-top-column elementor-element elementor-element-3e541c2\" data-id=\"3e541c2\" data-element_type=\"column\">\n\t\t\t<div class=\"elementor-widget-wrap elementor-element-populated\">\n\t\t\t\t\t\t<div class=\"elementor-element elementor-element-1a31161 elementor-widget elementor-widget-spacer\" data-id=\"1a31161\" data-element_type=\"widget\" data-widget_type=\"spacer.default\">\n\t\t\t\t<div class=\"elementor-widget-container\">\n\t\t\t\t\t\t\t<div class=\"elementor-spacer\">\n\t\t\t<div class=\"elementor-spacer-inner\"><\/div>\n\t\t<\/div>\n\t\t\t\t\t\t<\/div>\n\t\t\t\t<\/div>\n\t\t\t\t<div class=\"elementor-element elementor-element-a4e46b0 elementor-invisible elementor-widget elementor-widget-heading\" data-id=\"a4e46b0\" data-element_type=\"widget\" data-settings=\"{&quot;_animation&quot;:&quot;fadeIn&quot;}\" data-widget_type=\"heading.default\">\n\t\t\t\t<div class=\"elementor-widget-container\">\n\t\t\t\t\t<h2 class=\"elementor-heading-title elementor-size-default\">mortar and pestle<\/h2>\t\t\t\t<\/div>\n\t\t\t\t<\/div>\n\t\t\t\t<div class=\"elementor-element elementor-element-2c0a372 elementor-widget elementor-widget-spacer\" data-id=\"2c0a372\" data-element_type=\"widget\" data-widget_type=\"spacer.default\">\n\t\t\t\t<div class=\"elementor-widget-container\">\n\t\t\t\t\t\t\t<div class=\"elementor-spacer\">\n\t\t\t<div class=\"elementor-spacer-inner\"><\/div>\n\t\t<\/div>\n\t\t\t\t\t\t<\/div>\n\t\t\t\t<\/div>\n\t\t\t\t\t<\/div>\n\t\t<\/div>\n\t\t\t\t\t<\/div>\n\t\t<\/section>\n\t\t\t\t<section class=\"elementor-section elementor-top-section elementor-element elementor-element-053135a elementor-section-boxed elementor-section-height-default elementor-section-height-default elementor-invisible\" data-id=\"053135a\" data-element_type=\"section\" data-settings=\"{&quot;animation&quot;:&quot;fadeIn&quot;}\">\n\t\t\t\t\t\t<div class=\"elementor-container elementor-column-gap-default\">\n\t\t\t\t\t<div class=\"elementor-column elementor-col-50 elementor-top-column elementor-element elementor-element-9eb4c2c\" data-id=\"9eb4c2c\" data-element_type=\"column\">\n\t\t\t<div class=\"elementor-widget-wrap elementor-element-populated\">\n\t\t\t\t\t\t<div class=\"elementor-element elementor-element-5242639 elementor-widget elementor-widget-image-gallery\" data-id=\"5242639\" data-element_type=\"widget\" data-widget_type=\"image-gallery.default\">\n\t\t\t\t<div class=\"elementor-widget-container\">\n\t\t\t\t\t\t\t<div class=\"elementor-image-gallery\">\n\t\t\t<div id='gallery-1' class='gallery galleryid-1180 gallery-columns-1 gallery-size-large'><figure class='gallery-item'>\n\t\t\t<div class='gallery-icon landscape'>\n\t\t\t\t<a data-elementor-open-lightbox=\"yes\" data-elementor-lightbox-slideshow=\"5242639\" data-elementor-lightbox-title=\"avan-3\" data-e-action-hash=\"#elementor-action%3Aaction%3Dlightbox%26settings%3DeyJpZCI6MTE3MSwidXJsIjoiaHR0cHM6XC9cL3RyYWtzbGVyLmNvXC93cC1jb250ZW50XC91cGxvYWRzXC8yMDE5XC8wN1wvYXZhbi0zLmpwZyIsInNsaWRlc2hvdyI6IjUyNDI2MzkifQ%3D%3D\" href='https:\/\/traksler.co\/wp-content\/uploads\/2019\/07\/avan-3.jpg'><img fetchpriority=\"high\" decoding=\"async\" width=\"1024\" height=\"682\" src=\"https:\/\/traksler.co\/wp-content\/uploads\/2019\/07\/avan-3-1024x682.jpg\" class=\"attachment-large size-large\" alt=\"\" srcset=\"https:\/\/traksler.co\/wp-content\/uploads\/2019\/07\/avan-3-1024x682.jpg 1024w, https:\/\/traksler.co\/wp-content\/uploads\/2019\/07\/avan-3-300x200.jpg 300w, https:\/\/traksler.co\/wp-content\/uploads\/2019\/07\/avan-3-768x512.jpg 768w, https:\/\/traksler.co\/wp-content\/uploads\/2019\/07\/avan-3.jpg 1980w\" sizes=\"(max-width: 1024px) 100vw, 1024px\" \/><\/a>\n\t\t\t<\/div><\/figure><figure class='gallery-item'>\n\t\t\t<div class='gallery-icon landscape'>\n\t\t\t\t<a data-elementor-open-lightbox=\"yes\" data-elementor-lightbox-slideshow=\"5242639\" data-elementor-lightbox-title=\"avan-4\" data-e-action-hash=\"#elementor-action%3Aaction%3Dlightbox%26settings%3DeyJpZCI6MTE3MCwidXJsIjoiaHR0cHM6XC9cL3RyYWtzbGVyLmNvXC93cC1jb250ZW50XC91cGxvYWRzXC8yMDE5XC8wN1wvYXZhbi00LmpwZyIsInNsaWRlc2hvdyI6IjUyNDI2MzkifQ%3D%3D\" href='https:\/\/traksler.co\/wp-content\/uploads\/2019\/07\/avan-4.jpg'><img decoding=\"async\" width=\"1024\" height=\"669\" src=\"https:\/\/traksler.co\/wp-content\/uploads\/2019\/07\/avan-4-1024x669.jpg\" class=\"attachment-large size-large\" alt=\"\" srcset=\"https:\/\/traksler.co\/wp-content\/uploads\/2019\/07\/avan-4-1024x669.jpg 1024w, https:\/\/traksler.co\/wp-content\/uploads\/2019\/07\/avan-4-300x196.jpg 300w, https:\/\/traksler.co\/wp-content\/uploads\/2019\/07\/avan-4-768x502.jpg 768w, https:\/\/traksler.co\/wp-content\/uploads\/2019\/07\/avan-4.jpg 1980w\" sizes=\"(max-width: 1024px) 100vw, 1024px\" \/><\/a>\n\t\t\t<\/div><\/figure><figure class='gallery-item'>\n\t\t\t<div class='gallery-icon landscape'>\n\t\t\t\t<a data-elementor-open-lightbox=\"yes\" data-elementor-lightbox-slideshow=\"5242639\" data-elementor-lightbox-title=\"avan-1\" data-e-action-hash=\"#elementor-action%3Aaction%3Dlightbox%26settings%3DeyJpZCI6MTE4MywidXJsIjoiaHR0cHM6XC9cL3RyYWtzbGVyLmNvXC93cC1jb250ZW50XC91cGxvYWRzXC8yMDE5XC8wN1wvYXZhbi0xLmpwZyIsInNsaWRlc2hvdyI6IjUyNDI2MzkifQ%3D%3D\" href='https:\/\/traksler.co\/wp-content\/uploads\/2019\/07\/avan-1.jpg'><img decoding=\"async\" width=\"1024\" height=\"680\" src=\"https:\/\/traksler.co\/wp-content\/uploads\/2019\/07\/avan-1-1024x680.jpg\" class=\"attachment-large size-large\" alt=\"\" srcset=\"https:\/\/traksler.co\/wp-content\/uploads\/2019\/07\/avan-1-1024x680.jpg 1024w, https:\/\/traksler.co\/wp-content\/uploads\/2019\/07\/avan-1-300x199.jpg 300w, https:\/\/traksler.co\/wp-content\/uploads\/2019\/07\/avan-1-768x510.jpg 768w, https:\/\/traksler.co\/wp-content\/uploads\/2019\/07\/avan-1.jpg 1980w\" sizes=\"(max-width: 1024px) 100vw, 1024px\" \/><\/a>\n\t\t\t<\/div><\/figure><figure class='gallery-item'>\n\t\t\t<div class='gallery-icon landscape'>\n\t\t\t\t<a data-elementor-open-lightbox=\"yes\" data-elementor-lightbox-slideshow=\"5242639\" data-elementor-lightbox-title=\"avan-2\" data-e-action-hash=\"#elementor-action%3Aaction%3Dlightbox%26settings%3DeyJpZCI6MTE4NCwidXJsIjoiaHR0cHM6XC9cL3RyYWtzbGVyLmNvXC93cC1jb250ZW50XC91cGxvYWRzXC8yMDE5XC8wN1wvYXZhbi0yLmpwZyIsInNsaWRlc2hvdyI6IjUyNDI2MzkifQ%3D%3D\" href='https:\/\/traksler.co\/wp-content\/uploads\/2019\/07\/avan-2.jpg'><img loading=\"lazy\" decoding=\"async\" width=\"1024\" height=\"677\" src=\"https:\/\/traksler.co\/wp-content\/uploads\/2019\/07\/avan-2-1024x677.jpg\" class=\"attachment-large size-large\" alt=\"\" srcset=\"https:\/\/traksler.co\/wp-content\/uploads\/2019\/07\/avan-2-1024x677.jpg 1024w, https:\/\/traksler.co\/wp-content\/uploads\/2019\/07\/avan-2-300x198.jpg 300w, https:\/\/traksler.co\/wp-content\/uploads\/2019\/07\/avan-2-768x508.jpg 768w, https:\/\/traksler.co\/wp-content\/uploads\/2019\/07\/avan-2.jpg 1980w\" sizes=\"(max-width: 1024px) 100vw, 1024px\" \/><\/a>\n\t\t\t<\/div><\/figure><figure class='gallery-item'>\n\t\t\t<div class='gallery-icon landscape'>\n\t\t\t\t<a data-elementor-open-lightbox=\"yes\" data-elementor-lightbox-slideshow=\"5242639\" data-elementor-lightbox-title=\"avan-5\" data-e-action-hash=\"#elementor-action%3Aaction%3Dlightbox%26settings%3DeyJpZCI6MTE4NiwidXJsIjoiaHR0cHM6XC9cL3RyYWtzbGVyLmNvXC93cC1jb250ZW50XC91cGxvYWRzXC8yMDE5XC8wN1wvYXZhbi01LmpwZyIsInNsaWRlc2hvdyI6IjUyNDI2MzkifQ%3D%3D\" href='https:\/\/traksler.co\/wp-content\/uploads\/2019\/07\/avan-5.jpg'><img loading=\"lazy\" decoding=\"async\" width=\"1024\" height=\"690\" src=\"https:\/\/traksler.co\/wp-content\/uploads\/2019\/07\/avan-5-1024x690.jpg\" class=\"attachment-large size-large\" alt=\"\" srcset=\"https:\/\/traksler.co\/wp-content\/uploads\/2019\/07\/avan-5-1024x690.jpg 1024w, https:\/\/traksler.co\/wp-content\/uploads\/2019\/07\/avan-5-300x202.jpg 300w, https:\/\/traksler.co\/wp-content\/uploads\/2019\/07\/avan-5-768x517.jpg 768w, https:\/\/traksler.co\/wp-content\/uploads\/2019\/07\/avan-5.jpg 1980w\" sizes=\"(max-width: 1024px) 100vw, 1024px\" \/><\/a>\n\t\t\t<\/div><\/figure>\n\t\t<\/div>\n\t\t<\/div>\n\t\t\t\t\t\t<\/div>\n\t\t\t\t<\/div>\n\t\t\t\t\t<\/div>\n\t\t<\/div>\n\t\t\t\t<div class=\"elementor-column elementor-col-50 elementor-top-column elementor-element elementor-element-01e4fb9 elementor-hidden-phone\" data-id=\"01e4fb9\" data-element_type=\"column\">\n\t\t\t<div class=\"elementor-widget-wrap elementor-element-populated\">\n\t\t\t\t\t\t<div class=\"elementor-element elementor-element-8b54fdb elementor-hidden-phone elementor-widget elementor-widget-image\" data-id=\"8b54fdb\" data-element_type=\"widget\" data-widget_type=\"image.default\">\n\t\t\t\t<div class=\"elementor-widget-container\">\n\t\t\t\t\t\t\t\t\t\t\t\t\t\t\t<img loading=\"lazy\" decoding=\"async\" width=\"1024\" height=\"682\" src=\"https:\/\/traksler.co\/wp-content\/uploads\/2019\/07\/avan-3-1024x682.jpg\" class=\"attachment-large size-large wp-image-1171\" alt=\"\" srcset=\"https:\/\/traksler.co\/wp-content\/uploads\/2019\/07\/avan-3-1024x682.jpg 1024w, https:\/\/traksler.co\/wp-content\/uploads\/2019\/07\/avan-3-300x200.jpg 300w, https:\/\/traksler.co\/wp-content\/uploads\/2019\/07\/avan-3-768x512.jpg 768w, https:\/\/traksler.co\/wp-content\/uploads\/2019\/07\/avan-3.jpg 1980w\" sizes=\"(max-width: 1024px) 100vw, 1024px\" \/>\t\t\t\t\t\t\t\t\t\t\t\t\t\t\t<\/div>\n\t\t\t\t<\/div>\n\t\t\t\t<div class=\"elementor-element elementor-element-be9ab86 elementor-widget elementor-widget-text-editor\" data-id=\"be9ab86\" data-element_type=\"widget\" data-widget_type=\"text-editor.default\">\n\t\t\t\t<div class=\"elementor-widget-container\">\n\t\t\t\t\t\t\t\t\t<p>mortar and pestle are made from a cherry tree. the outer side of the pestle is easy to hold due to the brushing method,  while the interior is treated with the finest granulation. both are protected by natural oil certified for direct contact with food.<\/p><p>dimensions: height and width are 11,5cm<\/p>\t\t\t\t\t\t\t\t<\/div>\n\t\t\t\t<\/div>\n\t\t\t\t\t<\/div>\n\t\t<\/div>\n\t\t\t\t\t<\/div>\n\t\t<\/section>\n\t\t\t\t<\/div>","protected":false},"excerpt":{"rendered":"<p>avan i tu\u010dak avan i tu\u010dak se prave od drveta tre\u0161nje. spoljna strana avana je \u010detkana zbog lak\u0161eg dr\u017eanja dok je unutra\u0161njost obradjena najfinijim granulacijama. za\u0161ti\u0107eni su prirodnim uljem sertifikovanim za direktan kontakt sa hranom. dimenzije: visina i pre\u010dnik 11,5cm<\/p>","protected":false},"author":1,"featured_media":0,"parent":0,"menu_order":0,"comment_status":"closed","ping_status":"closed","template":"","meta":{"ngg_post_thumbnail":0,"footnotes":""},"class_list":["post-1180","page","type-page","status-publish","hentry"],"yoast_head":"<!-- This site is optimized with the Yoast SEO plugin v27.2 - https:\/\/yoast.com\/product\/yoast-seo-wordpress\/ -->\n<title>avan i tu\u010dak - traksler<\/title>\n<meta name=\"description\" content=\"drveno posu\u0111e, ru\u010dni rad\" \/>\n<meta name=\"robots\" content=\"index, follow, max-snippet:-1, max-image-preview:large, max-video-preview:-1\" \/>\n<link rel=\"canonical\" href=\"https:\/\/traksler.co\/en\/avan-i-tucak\/\" \/>\n<meta property=\"og:locale\" content=\"en_US\" \/>\n<meta property=\"og:type\" content=\"article\" \/>\n<meta property=\"og:title\" content=\"avan i tu\u010dak - traksler\" \/>\n<meta property=\"og:description\" content=\"drveno posu\u0111e, ru\u010dni rad\" \/>\n<meta property=\"og:url\" content=\"https:\/\/traksler.co\/en\/avan-i-tucak\/\" \/>\n<meta property=\"og:site_name\" content=\"traksler\" \/>\n<meta property=\"article:publisher\" content=\"https:\/\/www.facebook.com\/trakslershapeswood\/\" \/>\n<meta property=\"article:modified_time\" content=\"2019-08-19T19:43:13+00:00\" \/>\n<meta property=\"og:image\" content=\"https:\/\/traksler.co\/wp-content\/uploads\/2019\/07\/avan-3-1024x682.jpg\" \/>\n<meta name=\"twitter:card\" content=\"summary_large_image\" \/>\n<script type=\"application\/ld+json\" class=\"yoast-schema-graph\">{\"@context\":\"https:\/\/schema.org\",\"@graph\":[{\"@type\":\"WebPage\",\"@id\":\"https:\/\/traksler.co\/avan-i-tucak\/\",\"url\":\"https:\/\/traksler.co\/avan-i-tucak\/\",\"name\":\"avan i tu\u010dak - traksler\",\"isPartOf\":{\"@id\":\"https:\/\/traksler.co\/#website\"},\"primaryImageOfPage\":{\"@id\":\"https:\/\/traksler.co\/avan-i-tucak\/#primaryimage\"},\"image\":{\"@id\":\"https:\/\/traksler.co\/avan-i-tucak\/#primaryimage\"},\"thumbnailUrl\":\"https:\/\/traksler.co\/wp-content\/uploads\/2019\/07\/avan-3-1024x682.jpg\",\"datePublished\":\"2019-07-15T06:26:39+00:00\",\"dateModified\":\"2019-08-19T19:43:13+00:00\",\"description\":\"drveno posu\u0111e, ru\u010dni rad\",\"breadcrumb\":{\"@id\":\"https:\/\/traksler.co\/avan-i-tucak\/#breadcrumb\"},\"inLanguage\":\"en-US\",\"potentialAction\":[{\"@type\":\"ReadAction\",\"target\":[\"https:\/\/traksler.co\/avan-i-tucak\/\"]}]},{\"@type\":\"ImageObject\",\"inLanguage\":\"en-US\",\"@id\":\"https:\/\/traksler.co\/avan-i-tucak\/#primaryimage\",\"url\":\"https:\/\/traksler.co\/wp-content\/uploads\/2019\/07\/avan-3-1024x682.jpg\",\"contentUrl\":\"https:\/\/traksler.co\/wp-content\/uploads\/2019\/07\/avan-3-1024x682.jpg\"},{\"@type\":\"BreadcrumbList\",\"@id\":\"https:\/\/traksler.co\/avan-i-tucak\/#breadcrumb\",\"itemListElement\":[{\"@type\":\"ListItem\",\"position\":1,\"name\":\"Home\",\"item\":\"https:\/\/traksler.co\/\"},{\"@type\":\"ListItem\",\"position\":2,\"name\":\"avan i tu\u010dak\"}]},{\"@type\":\"WebSite\",\"@id\":\"https:\/\/traksler.co\/#website\",\"url\":\"https:\/\/traksler.co\/\",\"name\":\"traksler\",\"description\":\"wood products\",\"publisher\":{\"@id\":\"https:\/\/traksler.co\/#organization\"},\"potentialAction\":[{\"@type\":\"SearchAction\",\"target\":{\"@type\":\"EntryPoint\",\"urlTemplate\":\"https:\/\/traksler.co\/?s={search_term_string}\"},\"query-input\":{\"@type\":\"PropertyValueSpecification\",\"valueRequired\":true,\"valueName\":\"search_term_string\"}}],\"inLanguage\":\"en-US\"},{\"@type\":\"Organization\",\"@id\":\"https:\/\/traksler.co\/#organization\",\"name\":\"traksler\",\"url\":\"https:\/\/traksler.co\/\",\"logo\":{\"@type\":\"ImageObject\",\"inLanguage\":\"en-US\",\"@id\":\"https:\/\/traksler.co\/#\/schema\/logo\/image\/\",\"url\":\"https:\/\/traksler.co\/wp-content\/uploads\/2019\/01\/vertikalni.jpg\",\"contentUrl\":\"https:\/\/traksler.co\/wp-content\/uploads\/2019\/01\/vertikalni.jpg\",\"width\":2158,\"height\":2494,\"caption\":\"traksler\"},\"image\":{\"@id\":\"https:\/\/traksler.co\/#\/schema\/logo\/image\/\"},\"sameAs\":[\"https:\/\/www.facebook.com\/trakslershapeswood\/\",\"https:\/\/www.instagram.com\/traksler_shapeswood\/\"]}]}<\/script>\n<!-- \/ Yoast SEO plugin. -->","yoast_head_json":{"title":"avan i tu\u010dak - traksler","description":"drveno posu\u0111e, ru\u010dni rad","robots":{"index":"index","follow":"follow","max-snippet":"max-snippet:-1","max-image-preview":"max-image-preview:large","max-video-preview":"max-video-preview:-1"},"canonical":"https:\/\/traksler.co\/en\/avan-i-tucak\/","og_locale":"en_US","og_type":"article","og_title":"avan i tu\u010dak - traksler","og_description":"drveno posu\u0111e, ru\u010dni rad","og_url":"https:\/\/traksler.co\/en\/avan-i-tucak\/","og_site_name":"traksler","article_publisher":"https:\/\/www.facebook.com\/trakslershapeswood\/","article_modified_time":"2019-08-19T19:43:13+00:00","og_image":[{"url":"https:\/\/traksler.co\/wp-content\/uploads\/2019\/07\/avan-3-1024x682.jpg","type":"","width":"","height":""}],"twitter_card":"summary_large_image","schema":{"@context":"https:\/\/schema.org","@graph":[{"@type":"WebPage","@id":"https:\/\/traksler.co\/avan-i-tucak\/","url":"https:\/\/traksler.co\/avan-i-tucak\/","name":"avan i tu\u010dak - traksler","isPartOf":{"@id":"https:\/\/traksler.co\/#website"},"primaryImageOfPage":{"@id":"https:\/\/traksler.co\/avan-i-tucak\/#primaryimage"},"image":{"@id":"https:\/\/traksler.co\/avan-i-tucak\/#primaryimage"},"thumbnailUrl":"https:\/\/traksler.co\/wp-content\/uploads\/2019\/07\/avan-3-1024x682.jpg","datePublished":"2019-07-15T06:26:39+00:00","dateModified":"2019-08-19T19:43:13+00:00","description":"drveno posu\u0111e, ru\u010dni rad","breadcrumb":{"@id":"https:\/\/traksler.co\/avan-i-tucak\/#breadcrumb"},"inLanguage":"en-US","potentialAction":[{"@type":"ReadAction","target":["https:\/\/traksler.co\/avan-i-tucak\/"]}]},{"@type":"ImageObject","inLanguage":"en-US","@id":"https:\/\/traksler.co\/avan-i-tucak\/#primaryimage","url":"https:\/\/traksler.co\/wp-content\/uploads\/2019\/07\/avan-3-1024x682.jpg","contentUrl":"https:\/\/traksler.co\/wp-content\/uploads\/2019\/07\/avan-3-1024x682.jpg"},{"@type":"BreadcrumbList","@id":"https:\/\/traksler.co\/avan-i-tucak\/#breadcrumb","itemListElement":[{"@type":"ListItem","position":1,"name":"Home","item":"https:\/\/traksler.co\/"},{"@type":"ListItem","position":2,"name":"avan i tu\u010dak"}]},{"@type":"WebSite","@id":"https:\/\/traksler.co\/#website","url":"https:\/\/traksler.co\/","name":"traksler","description":"wood products","publisher":{"@id":"https:\/\/traksler.co\/#organization"},"potentialAction":[{"@type":"SearchAction","target":{"@type":"EntryPoint","urlTemplate":"https:\/\/traksler.co\/?s={search_term_string}"},"query-input":{"@type":"PropertyValueSpecification","valueRequired":true,"valueName":"search_term_string"}}],"inLanguage":"en-US"},{"@type":"Organization","@id":"https:\/\/traksler.co\/#organization","name":"traksler","url":"https:\/\/traksler.co\/","logo":{"@type":"ImageObject","inLanguage":"en-US","@id":"https:\/\/traksler.co\/#\/schema\/logo\/image\/","url":"https:\/\/traksler.co\/wp-content\/uploads\/2019\/01\/vertikalni.jpg","contentUrl":"https:\/\/traksler.co\/wp-content\/uploads\/2019\/01\/vertikalni.jpg","width":2158,"height":2494,"caption":"traksler"},"image":{"@id":"https:\/\/traksler.co\/#\/schema\/logo\/image\/"},"sameAs":["https:\/\/www.facebook.com\/trakslershapeswood\/","https:\/\/www.instagram.com\/traksler_shapeswood\/"]}]}},"_links":{"self":[{"href":"https:\/\/traksler.co\/en\/wp-json\/wp\/v2\/pages\/1180","targetHints":{"allow":["GET"]}}],"collection":[{"href":"https:\/\/traksler.co\/en\/wp-json\/wp\/v2\/pages"}],"about":[{"href":"https:\/\/traksler.co\/en\/wp-json\/wp\/v2\/types\/page"}],"author":[{"embeddable":true,"href":"https:\/\/traksler.co\/en\/wp-json\/wp\/v2\/users\/1"}],"replies":[{"embeddable":true,"href":"https:\/\/traksler.co\/en\/wp-json\/wp\/v2\/comments?post=1180"}],"version-history":[{"count":4,"href":"https:\/\/traksler.co\/en\/wp-json\/wp\/v2\/pages\/1180\/revisions"}],"predecessor-version":[{"id":1200,"href":"https:\/\/traksler.co\/en\/wp-json\/wp\/v2\/pages\/1180\/revisions\/1200"}],"wp:attachment":[{"href":"https:\/\/traksler.co\/en\/wp-json\/wp\/v2\/media?parent=1180"}],"curies":[{"name":"wp","href":"https:\/\/api.w.org\/{rel}","templated":true}]}}