{"id":728,"date":"2019-06-12T12:25:40","date_gmt":"2019-06-12T12:25:40","guid":{"rendered":"http:\/\/traksler.co\/?page_id=728"},"modified":"2019-06-24T12:33:21","modified_gmt":"2019-06-24T12:33:21","slug":"velike-drvene-posude","status":"publish","type":"page","link":"https:\/\/traksler.co\/en\/velike-drvene-posude\/","title":{"rendered":"large wooden bowls"},"content":{"rendered":"<div data-elementor-type=\"wp-post\" data-elementor-id=\"728\" class=\"elementor elementor-728\">\n\t\t\t\t\t\t<section class=\"elementor-section elementor-top-section elementor-element elementor-element-b96bbfa elementor-section-boxed elementor-section-height-default elementor-section-height-default\" data-id=\"b96bbfa\" data-element_type=\"section\">\n\t\t\t\t\t\t<div class=\"elementor-container elementor-column-gap-default\">\n\t\t\t\t\t<div class=\"elementor-column elementor-col-100 elementor-top-column elementor-element elementor-element-4206d9e\" data-id=\"4206d9e\" data-element_type=\"column\">\n\t\t\t<div class=\"elementor-widget-wrap elementor-element-populated\">\n\t\t\t\t\t\t<div class=\"elementor-element elementor-element-eb45742 elementor-widget elementor-widget-spacer\" data-id=\"eb45742\" data-element_type=\"widget\" data-widget_type=\"spacer.default\">\n\t\t\t\t<div class=\"elementor-widget-container\">\n\t\t\t\t\t\t\t<div class=\"elementor-spacer\">\n\t\t\t<div class=\"elementor-spacer-inner\"><\/div>\n\t\t<\/div>\n\t\t\t\t\t\t<\/div>\n\t\t\t\t<\/div>\n\t\t\t\t<div class=\"elementor-element elementor-element-d0d204f elementor-invisible elementor-widget elementor-widget-heading\" data-id=\"d0d204f\" data-element_type=\"widget\" data-settings=\"{&quot;_animation&quot;:&quot;fadeIn&quot;}\" data-widget_type=\"heading.default\">\n\t\t\t\t<div class=\"elementor-widget-container\">\n\t\t\t\t\t<h2 class=\"elementor-heading-title elementor-size-default\">large wooden bowls<\/h2>\t\t\t\t<\/div>\n\t\t\t\t<\/div>\n\t\t\t\t<div class=\"elementor-element elementor-element-4ae074e elementor-widget elementor-widget-spacer\" data-id=\"4ae074e\" data-element_type=\"widget\" data-widget_type=\"spacer.default\">\n\t\t\t\t<div class=\"elementor-widget-container\">\n\t\t\t\t\t\t\t<div class=\"elementor-spacer\">\n\t\t\t<div class=\"elementor-spacer-inner\"><\/div>\n\t\t<\/div>\n\t\t\t\t\t\t<\/div>\n\t\t\t\t<\/div>\n\t\t\t\t\t<\/div>\n\t\t<\/div>\n\t\t\t\t\t<\/div>\n\t\t<\/section>\n\t\t\t\t<section class=\"elementor-section elementor-top-section elementor-element elementor-element-e548f91 elementor-section-boxed elementor-section-height-default elementor-section-height-default elementor-invisible\" data-id=\"e548f91\" data-element_type=\"section\" data-settings=\"{&quot;animation&quot;:&quot;fadeIn&quot;}\">\n\t\t\t\t\t\t<div class=\"elementor-container elementor-column-gap-default\">\n\t\t\t\t\t<div class=\"elementor-column elementor-col-50 elementor-top-column elementor-element elementor-element-fc2ef87\" data-id=\"fc2ef87\" data-element_type=\"column\">\n\t\t\t<div class=\"elementor-widget-wrap elementor-element-populated\">\n\t\t\t\t\t\t<div class=\"elementor-element elementor-element-e0bef1f elementor-widget elementor-widget-image-gallery\" data-id=\"e0bef1f\" data-element_type=\"widget\" data-widget_type=\"image-gallery.default\">\n\t\t\t\t<div class=\"elementor-widget-container\">\n\t\t\t\t\t\t\t<div class=\"elementor-image-gallery\">\n\t\t\t<div id='gallery-1' class='gallery galleryid-728 gallery-columns-1 gallery-size-large'><figure class='gallery-item'>\n\t\t\t<div class='gallery-icon landscape'>\n\t\t\t\t<a data-elementor-open-lightbox=\"yes\" data-elementor-lightbox-slideshow=\"e0bef1f\" data-elementor-lightbox-title=\"posuda-velika\" data-e-action-hash=\"#elementor-action%3Aaction%3Dlightbox%26settings%3DeyJpZCI6ODk3LCJ1cmwiOiJodHRwczpcL1wvdHJha3NsZXIuY29cL3dwLWNvbnRlbnRcL3VwbG9hZHNcLzIwMTlcLzA2XC9wb3N1ZGEtdmVsaWthLmpwZyIsInNsaWRlc2hvdyI6ImUwYmVmMWYifQ%3D%3D\" href='https:\/\/traksler.co\/wp-content\/uploads\/2019\/06\/posuda-velika.jpg'><img fetchpriority=\"high\" decoding=\"async\" width=\"1024\" height=\"577\" src=\"https:\/\/traksler.co\/wp-content\/uploads\/2019\/06\/posuda-velika-1024x577.jpg\" class=\"attachment-large size-large\" alt=\"\" srcset=\"https:\/\/traksler.co\/wp-content\/uploads\/2019\/06\/posuda-velika-1024x577.jpg 1024w, https:\/\/traksler.co\/wp-content\/uploads\/2019\/06\/posuda-velika-300x169.jpg 300w, https:\/\/traksler.co\/wp-content\/uploads\/2019\/06\/posuda-velika-768x433.jpg 768w, https:\/\/traksler.co\/wp-content\/uploads\/2019\/06\/posuda-velika-600x338.jpg 600w, https:\/\/traksler.co\/wp-content\/uploads\/2019\/06\/posuda-velika.jpg 1980w\" sizes=\"(max-width: 1024px) 100vw, 1024px\" \/><\/a>\n\t\t\t<\/div><\/figure><figure class='gallery-item'>\n\t\t\t<div class='gallery-icon landscape'>\n\t\t\t\t<a data-elementor-open-lightbox=\"yes\" data-elementor-lightbox-slideshow=\"e0bef1f\" data-elementor-lightbox-title=\"posuda-velika-1\" data-e-action-hash=\"#elementor-action%3Aaction%3Dlightbox%26settings%3DeyJpZCI6ODk4LCJ1cmwiOiJodHRwczpcL1wvdHJha3NsZXIuY29cL3dwLWNvbnRlbnRcL3VwbG9hZHNcLzIwMTlcLzA2XC9wb3N1ZGEtdmVsaWthLTEuanBnIiwic2xpZGVzaG93IjoiZTBiZWYxZiJ9\" href='https:\/\/traksler.co\/wp-content\/uploads\/2019\/06\/posuda-velika-1.jpg'><img decoding=\"async\" width=\"1024\" height=\"609\" src=\"https:\/\/traksler.co\/wp-content\/uploads\/2019\/06\/posuda-velika-1-1024x609.jpg\" class=\"attachment-large size-large\" alt=\"\" srcset=\"https:\/\/traksler.co\/wp-content\/uploads\/2019\/06\/posuda-velika-1-1024x609.jpg 1024w, https:\/\/traksler.co\/wp-content\/uploads\/2019\/06\/posuda-velika-1-300x178.jpg 300w, https:\/\/traksler.co\/wp-content\/uploads\/2019\/06\/posuda-velika-1-768x457.jpg 768w, https:\/\/traksler.co\/wp-content\/uploads\/2019\/06\/posuda-velika-1-600x357.jpg 600w, https:\/\/traksler.co\/wp-content\/uploads\/2019\/06\/posuda-velika-1.jpg 1980w\" sizes=\"(max-width: 1024px) 100vw, 1024px\" \/><\/a>\n\t\t\t<\/div><\/figure><figure class='gallery-item'>\n\t\t\t<div class='gallery-icon landscape'>\n\t\t\t\t<a data-elementor-open-lightbox=\"yes\" data-elementor-lightbox-slideshow=\"e0bef1f\" data-elementor-lightbox-title=\"posuda-velika-2\" data-e-action-hash=\"#elementor-action%3Aaction%3Dlightbox%26settings%3DeyJpZCI6ODk5LCJ1cmwiOiJodHRwczpcL1wvdHJha3NsZXIuY29cL3dwLWNvbnRlbnRcL3VwbG9hZHNcLzIwMTlcLzA2XC9wb3N1ZGEtdmVsaWthLTIuanBnIiwic2xpZGVzaG93IjoiZTBiZWYxZiJ9\" href='https:\/\/traksler.co\/wp-content\/uploads\/2019\/06\/posuda-velika-2.jpg'><img decoding=\"async\" width=\"1024\" height=\"680\" src=\"https:\/\/traksler.co\/wp-content\/uploads\/2019\/06\/posuda-velika-2-1024x680.jpg\" class=\"attachment-large size-large\" alt=\"\" srcset=\"https:\/\/traksler.co\/wp-content\/uploads\/2019\/06\/posuda-velika-2-1024x680.jpg 1024w, https:\/\/traksler.co\/wp-content\/uploads\/2019\/06\/posuda-velika-2-300x199.jpg 300w, https:\/\/traksler.co\/wp-content\/uploads\/2019\/06\/posuda-velika-2-768x510.jpg 768w, https:\/\/traksler.co\/wp-content\/uploads\/2019\/06\/posuda-velika-2-600x398.jpg 600w, https:\/\/traksler.co\/wp-content\/uploads\/2019\/06\/posuda-velika-2.jpg 1980w\" sizes=\"(max-width: 1024px) 100vw, 1024px\" \/><\/a>\n\t\t\t<\/div><\/figure><figure class='gallery-item'>\n\t\t\t<div class='gallery-icon portrait'>\n\t\t\t\t<a data-elementor-open-lightbox=\"yes\" data-elementor-lightbox-slideshow=\"e0bef1f\" data-elementor-lightbox-title=\"velike-posude-lipa\" data-e-action-hash=\"#elementor-action%3Aaction%3Dlightbox%26settings%3DeyJpZCI6ODczLCJ1cmwiOiJodHRwczpcL1wvdHJha3NsZXIuY29cL3dwLWNvbnRlbnRcL3VwbG9hZHNcLzIwMTlcLzA2XC92ZWxpa2UtcG9zdWRlLWxpcGEtMS5qcGciLCJzbGlkZXNob3ciOiJlMGJlZjFmIn0%3D\" href='https:\/\/traksler.co\/wp-content\/uploads\/2019\/06\/velike-posude-lipa-1.jpg'><img loading=\"lazy\" decoding=\"async\" width=\"869\" height=\"1024\" src=\"https:\/\/traksler.co\/wp-content\/uploads\/2019\/06\/velike-posude-lipa-1-869x1024.jpg\" class=\"attachment-large size-large\" alt=\"\" srcset=\"https:\/\/traksler.co\/wp-content\/uploads\/2019\/06\/velike-posude-lipa-1-869x1024.jpg 869w, https:\/\/traksler.co\/wp-content\/uploads\/2019\/06\/velike-posude-lipa-1-254x300.jpg 254w, https:\/\/traksler.co\/wp-content\/uploads\/2019\/06\/velike-posude-lipa-1-768x905.jpg 768w, https:\/\/traksler.co\/wp-content\/uploads\/2019\/06\/velike-posude-lipa-1-600x707.jpg 600w, https:\/\/traksler.co\/wp-content\/uploads\/2019\/06\/velike-posude-lipa-1.jpg 1650w\" sizes=\"(max-width: 869px) 100vw, 869px\" \/><\/a>\n\t\t\t<\/div><\/figure><figure class='gallery-item'>\n\t\t\t<div class='gallery-icon landscape'>\n\t\t\t\t<a data-elementor-open-lightbox=\"yes\" data-elementor-lightbox-slideshow=\"e0bef1f\" data-elementor-lightbox-title=\"IMG_0481\" data-e-action-hash=\"#elementor-action%3Aaction%3Dlightbox%26settings%3DeyJpZCI6ODc0LCJ1cmwiOiJodHRwczpcL1wvdHJha3NsZXIuY29cL3dwLWNvbnRlbnRcL3VwbG9hZHNcLzIwMTlcLzA2XC9JTUdfMDQ4MS5qcGciLCJzbGlkZXNob3ciOiJlMGJlZjFmIn0%3D\" href='https:\/\/traksler.co\/wp-content\/uploads\/2019\/06\/IMG_0481.jpg'><img loading=\"lazy\" decoding=\"async\" width=\"1024\" height=\"683\" src=\"https:\/\/traksler.co\/wp-content\/uploads\/2019\/06\/IMG_0481-1024x683.jpg\" class=\"attachment-large size-large\" alt=\"\" srcset=\"https:\/\/traksler.co\/wp-content\/uploads\/2019\/06\/IMG_0481-1024x683.jpg 1024w, https:\/\/traksler.co\/wp-content\/uploads\/2019\/06\/IMG_0481-300x200.jpg 300w, https:\/\/traksler.co\/wp-content\/uploads\/2019\/06\/IMG_0481-768x512.jpg 768w, https:\/\/traksler.co\/wp-content\/uploads\/2019\/06\/IMG_0481-600x400.jpg 600w, https:\/\/traksler.co\/wp-content\/uploads\/2019\/06\/IMG_0481.jpg 1980w\" sizes=\"(max-width: 1024px) 100vw, 1024px\" \/><\/a>\n\t\t\t<\/div><\/figure><figure class='gallery-item'>\n\t\t\t<div class='gallery-icon landscape'>\n\t\t\t\t<a data-elementor-open-lightbox=\"yes\" data-elementor-lightbox-slideshow=\"e0bef1f\" data-elementor-lightbox-title=\"IMG_0499\" data-e-action-hash=\"#elementor-action%3Aaction%3Dlightbox%26settings%3DeyJpZCI6ODc2LCJ1cmwiOiJodHRwczpcL1wvdHJha3NsZXIuY29cL3dwLWNvbnRlbnRcL3VwbG9hZHNcLzIwMTlcLzA2XC9JTUdfMDQ5OS0xLmpwZyIsInNsaWRlc2hvdyI6ImUwYmVmMWYifQ%3D%3D\" href='https:\/\/traksler.co\/wp-content\/uploads\/2019\/06\/IMG_0499-1.jpg'><img loading=\"lazy\" decoding=\"async\" width=\"1024\" height=\"683\" src=\"https:\/\/traksler.co\/wp-content\/uploads\/2019\/06\/IMG_0499-1-1024x683.jpg\" class=\"attachment-large size-large\" alt=\"\" srcset=\"https:\/\/traksler.co\/wp-content\/uploads\/2019\/06\/IMG_0499-1-1024x683.jpg 1024w, https:\/\/traksler.co\/wp-content\/uploads\/2019\/06\/IMG_0499-1-300x200.jpg 300w, https:\/\/traksler.co\/wp-content\/uploads\/2019\/06\/IMG_0499-1-768x512.jpg 768w, https:\/\/traksler.co\/wp-content\/uploads\/2019\/06\/IMG_0499-1-600x400.jpg 600w, https:\/\/traksler.co\/wp-content\/uploads\/2019\/06\/IMG_0499-1.jpg 1980w\" sizes=\"(max-width: 1024px) 100vw, 1024px\" \/><\/a>\n\t\t\t<\/div><\/figure><figure class='gallery-item'>\n\t\t\t<div class='gallery-icon landscape'>\n\t\t\t\t<a data-elementor-open-lightbox=\"yes\" data-elementor-lightbox-slideshow=\"e0bef1f\" data-elementor-lightbox-title=\"velika-lipova\" data-e-action-hash=\"#elementor-action%3Aaction%3Dlightbox%26settings%3DeyJpZCI6ODc3LCJ1cmwiOiJodHRwczpcL1wvdHJha3NsZXIuY29cL3dwLWNvbnRlbnRcL3VwbG9hZHNcLzIwMTlcLzA2XC92ZWxpa2EtbGlwb3ZhLTEuanBnIiwic2xpZGVzaG93IjoiZTBiZWYxZiJ9\" href='https:\/\/traksler.co\/wp-content\/uploads\/2019\/06\/velika-lipova-1.jpg'><img loading=\"lazy\" decoding=\"async\" width=\"1024\" height=\"680\" src=\"https:\/\/traksler.co\/wp-content\/uploads\/2019\/06\/velika-lipova-1-1024x680.jpg\" class=\"attachment-large size-large\" alt=\"drveno posu\u0111e \u010dinija\" srcset=\"https:\/\/traksler.co\/wp-content\/uploads\/2019\/06\/velika-lipova-1-1024x680.jpg 1024w, https:\/\/traksler.co\/wp-content\/uploads\/2019\/06\/velika-lipova-1-300x199.jpg 300w, https:\/\/traksler.co\/wp-content\/uploads\/2019\/06\/velika-lipova-1-768x510.jpg 768w, https:\/\/traksler.co\/wp-content\/uploads\/2019\/06\/velika-lipova-1-600x398.jpg 600w, https:\/\/traksler.co\/wp-content\/uploads\/2019\/06\/velika-lipova-1.jpg 1980w\" sizes=\"(max-width: 1024px) 100vw, 1024px\" \/><\/a>\n\t\t\t<\/div><\/figure>\n\t\t<\/div>\n\t\t<\/div>\n\t\t\t\t\t\t<\/div>\n\t\t\t\t<\/div>\n\t\t\t\t\t<\/div>\n\t\t<\/div>\n\t\t\t\t<div class=\"elementor-column elementor-col-50 elementor-top-column elementor-element elementor-element-9a4fab0 elementor-hidden-phone\" data-id=\"9a4fab0\" data-element_type=\"column\">\n\t\t\t<div class=\"elementor-widget-wrap elementor-element-populated\">\n\t\t\t\t\t\t<div class=\"elementor-element elementor-element-6e24aa2 elementor-widget elementor-widget-image\" data-id=\"6e24aa2\" data-element_type=\"widget\" data-widget_type=\"image.default\">\n\t\t\t\t<div class=\"elementor-widget-container\">\n\t\t\t\t\t\t\t\t\t\t\t\t\t\t\t<img loading=\"lazy\" decoding=\"async\" width=\"1024\" height=\"680\" src=\"https:\/\/traksler.co\/wp-content\/uploads\/2019\/06\/velika-lipova-1-1024x680.jpg\" class=\"attachment-large size-large wp-image-877\" alt=\"drveno posu\u0111e \u010dinija\" srcset=\"https:\/\/traksler.co\/wp-content\/uploads\/2019\/06\/velika-lipova-1-1024x680.jpg 1024w, https:\/\/traksler.co\/wp-content\/uploads\/2019\/06\/velika-lipova-1-300x199.jpg 300w, https:\/\/traksler.co\/wp-content\/uploads\/2019\/06\/velika-lipova-1-768x510.jpg 768w, https:\/\/traksler.co\/wp-content\/uploads\/2019\/06\/velika-lipova-1-600x398.jpg 600w, https:\/\/traksler.co\/wp-content\/uploads\/2019\/06\/velika-lipova-1.jpg 1980w\" sizes=\"(max-width: 1024px) 100vw, 1024px\" \/>\t\t\t\t\t\t\t\t\t\t\t\t\t\t\t<\/div>\n\t\t\t\t<\/div>\n\t\t\t\t<div class=\"elementor-element elementor-element-fa43af5 elementor-widget elementor-widget-text-editor\" data-id=\"fa43af5\" data-element_type=\"widget\" data-widget_type=\"text-editor.default\">\n\t\t\t\t<div class=\"elementor-widget-container\">\n\t\t\t\t\t\t\t\t\t<p>large wooden bowls are made of one piece of wood, most often walnuts, cherries, alder and black linden. they are hand-made and they are all different dimensions.<\/p><p>dimensions: width of the bowls is 22cm to 60cm and the height of the bowls is 7 to 12cm. they are protected by natural oil certified for direct contact with food.<\/p>\t\t\t\t\t\t\t\t<\/div>\n\t\t\t\t<\/div>\n\t\t\t\t\t<\/div>\n\t\t<\/div>\n\t\t\t\t\t<\/div>\n\t\t<\/section>\n\t\t\t\t<\/div>","protected":false},"excerpt":{"rendered":"<p>velike drvene posude velike drvene posude se prave iz jednog komada drveta, naj\u010de\u0161\u0107e oraha,tre\u0161nje,johe i crne lipe. ru\u010dno su radjene i sve su razli\u010ditih dimenzija. dimenzija: pre\u010dnici posuda idu od 22cm do 60cm a visina posuda od 7 do 12cm. za\u0161ti\u0107ene su prirodnim uljem sertifikovanim za direktan kontakt sa hranom.<\/p>","protected":false},"author":1,"featured_media":0,"parent":0,"menu_order":0,"comment_status":"closed","ping_status":"closed","template":"","meta":{"ngg_post_thumbnail":0,"footnotes":""},"class_list":["post-728","page","type-page","status-publish","hentry"],"yoast_head":"<!-- This site is optimized with the Yoast SEO plugin v27.2 - https:\/\/yoast.com\/product\/yoast-seo-wordpress\/ -->\n<title>velike drvene posude - traksler<\/title>\n<meta name=\"robots\" content=\"index, follow, max-snippet:-1, max-image-preview:large, max-video-preview:-1\" \/>\n<link rel=\"canonical\" href=\"https:\/\/traksler.co\/en\/velike-drvene-posude\/\" \/>\n<meta property=\"og:locale\" content=\"en_US\" \/>\n<meta property=\"og:type\" content=\"article\" \/>\n<meta property=\"og:title\" content=\"velike drvene posude - traksler\" \/>\n<meta property=\"og:description\" content=\"velike drvene posude velike drvene posude se prave iz jednog komada drveta, naj\u010de\u0161\u0107e oraha,tre\u0161nje,johe i crne lipe. ru\u010dno su radjene i sve su razli\u010ditih dimenzija. dimenzija: pre\u010dnici posuda idu od 22cm do 60cm a visina posuda od 7 do 12cm. za\u0161ti\u0107ene su prirodnim uljem sertifikovanim za direktan kontakt sa hranom.\" \/>\n<meta property=\"og:url\" content=\"https:\/\/traksler.co\/en\/velike-drvene-posude\/\" \/>\n<meta property=\"og:site_name\" content=\"traksler\" \/>\n<meta property=\"article:publisher\" content=\"https:\/\/www.facebook.com\/trakslershapeswood\/\" \/>\n<meta property=\"article:modified_time\" content=\"2019-06-24T12:33:21+00:00\" \/>\n<meta property=\"og:image\" content=\"https:\/\/traksler.co\/wp-content\/uploads\/2019\/06\/posuda-velika-1024x577.jpg\" \/>\n<meta name=\"twitter:card\" content=\"summary_large_image\" \/>\n<script type=\"application\/ld+json\" class=\"yoast-schema-graph\">{\"@context\":\"https:\/\/schema.org\",\"@graph\":[{\"@type\":\"WebPage\",\"@id\":\"https:\/\/traksler.co\/velike-drvene-posude\/\",\"url\":\"https:\/\/traksler.co\/velike-drvene-posude\/\",\"name\":\"velike drvene posude - traksler\",\"isPartOf\":{\"@id\":\"https:\/\/traksler.co\/#website\"},\"primaryImageOfPage\":{\"@id\":\"https:\/\/traksler.co\/velike-drvene-posude\/#primaryimage\"},\"image\":{\"@id\":\"https:\/\/traksler.co\/velike-drvene-posude\/#primaryimage\"},\"thumbnailUrl\":\"https:\/\/traksler.co\/wp-content\/uploads\/2019\/06\/posuda-velika-1024x577.jpg\",\"datePublished\":\"2019-06-12T12:25:40+00:00\",\"dateModified\":\"2019-06-24T12:33:21+00:00\",\"breadcrumb\":{\"@id\":\"https:\/\/traksler.co\/velike-drvene-posude\/#breadcrumb\"},\"inLanguage\":\"en-US\",\"potentialAction\":[{\"@type\":\"ReadAction\",\"target\":[\"https:\/\/traksler.co\/velike-drvene-posude\/\"]}]},{\"@type\":\"ImageObject\",\"inLanguage\":\"en-US\",\"@id\":\"https:\/\/traksler.co\/velike-drvene-posude\/#primaryimage\",\"url\":\"https:\/\/traksler.co\/wp-content\/uploads\/2019\/06\/posuda-velika-1024x577.jpg\",\"contentUrl\":\"https:\/\/traksler.co\/wp-content\/uploads\/2019\/06\/posuda-velika-1024x577.jpg\"},{\"@type\":\"BreadcrumbList\",\"@id\":\"https:\/\/traksler.co\/velike-drvene-posude\/#breadcrumb\",\"itemListElement\":[{\"@type\":\"ListItem\",\"position\":1,\"name\":\"Home\",\"item\":\"https:\/\/traksler.co\/\"},{\"@type\":\"ListItem\",\"position\":2,\"name\":\"velike drvene posude\"}]},{\"@type\":\"WebSite\",\"@id\":\"https:\/\/traksler.co\/#website\",\"url\":\"https:\/\/traksler.co\/\",\"name\":\"traksler\",\"description\":\"wood products\",\"publisher\":{\"@id\":\"https:\/\/traksler.co\/#organization\"},\"potentialAction\":[{\"@type\":\"SearchAction\",\"target\":{\"@type\":\"EntryPoint\",\"urlTemplate\":\"https:\/\/traksler.co\/?s={search_term_string}\"},\"query-input\":{\"@type\":\"PropertyValueSpecification\",\"valueRequired\":true,\"valueName\":\"search_term_string\"}}],\"inLanguage\":\"en-US\"},{\"@type\":\"Organization\",\"@id\":\"https:\/\/traksler.co\/#organization\",\"name\":\"traksler\",\"url\":\"https:\/\/traksler.co\/\",\"logo\":{\"@type\":\"ImageObject\",\"inLanguage\":\"en-US\",\"@id\":\"https:\/\/traksler.co\/#\/schema\/logo\/image\/\",\"url\":\"https:\/\/traksler.co\/wp-content\/uploads\/2019\/01\/vertikalni.jpg\",\"contentUrl\":\"https:\/\/traksler.co\/wp-content\/uploads\/2019\/01\/vertikalni.jpg\",\"width\":2158,\"height\":2494,\"caption\":\"traksler\"},\"image\":{\"@id\":\"https:\/\/traksler.co\/#\/schema\/logo\/image\/\"},\"sameAs\":[\"https:\/\/www.facebook.com\/trakslershapeswood\/\",\"https:\/\/www.instagram.com\/traksler_shapeswood\/\"]}]}<\/script>\n<!-- \/ Yoast SEO plugin. -->","yoast_head_json":{"title":"velike drvene posude - traksler","robots":{"index":"index","follow":"follow","max-snippet":"max-snippet:-1","max-image-preview":"max-image-preview:large","max-video-preview":"max-video-preview:-1"},"canonical":"https:\/\/traksler.co\/en\/velike-drvene-posude\/","og_locale":"en_US","og_type":"article","og_title":"velike drvene posude - traksler","og_description":"velike drvene posude velike drvene posude se prave iz jednog komada drveta, naj\u010de\u0161\u0107e oraha,tre\u0161nje,johe i crne lipe. ru\u010dno su radjene i sve su razli\u010ditih dimenzija. dimenzija: pre\u010dnici posuda idu od 22cm do 60cm a visina posuda od 7 do 12cm. za\u0161ti\u0107ene su prirodnim uljem sertifikovanim za direktan kontakt sa hranom.","og_url":"https:\/\/traksler.co\/en\/velike-drvene-posude\/","og_site_name":"traksler","article_publisher":"https:\/\/www.facebook.com\/trakslershapeswood\/","article_modified_time":"2019-06-24T12:33:21+00:00","og_image":[{"url":"https:\/\/traksler.co\/wp-content\/uploads\/2019\/06\/posuda-velika-1024x577.jpg","type":"","width":"","height":""}],"twitter_card":"summary_large_image","schema":{"@context":"https:\/\/schema.org","@graph":[{"@type":"WebPage","@id":"https:\/\/traksler.co\/velike-drvene-posude\/","url":"https:\/\/traksler.co\/velike-drvene-posude\/","name":"velike drvene posude - traksler","isPartOf":{"@id":"https:\/\/traksler.co\/#website"},"primaryImageOfPage":{"@id":"https:\/\/traksler.co\/velike-drvene-posude\/#primaryimage"},"image":{"@id":"https:\/\/traksler.co\/velike-drvene-posude\/#primaryimage"},"thumbnailUrl":"https:\/\/traksler.co\/wp-content\/uploads\/2019\/06\/posuda-velika-1024x577.jpg","datePublished":"2019-06-12T12:25:40+00:00","dateModified":"2019-06-24T12:33:21+00:00","breadcrumb":{"@id":"https:\/\/traksler.co\/velike-drvene-posude\/#breadcrumb"},"inLanguage":"en-US","potentialAction":[{"@type":"ReadAction","target":["https:\/\/traksler.co\/velike-drvene-posude\/"]}]},{"@type":"ImageObject","inLanguage":"en-US","@id":"https:\/\/traksler.co\/velike-drvene-posude\/#primaryimage","url":"https:\/\/traksler.co\/wp-content\/uploads\/2019\/06\/posuda-velika-1024x577.jpg","contentUrl":"https:\/\/traksler.co\/wp-content\/uploads\/2019\/06\/posuda-velika-1024x577.jpg"},{"@type":"BreadcrumbList","@id":"https:\/\/traksler.co\/velike-drvene-posude\/#breadcrumb","itemListElement":[{"@type":"ListItem","position":1,"name":"Home","item":"https:\/\/traksler.co\/"},{"@type":"ListItem","position":2,"name":"velike drvene posude"}]},{"@type":"WebSite","@id":"https:\/\/traksler.co\/#website","url":"https:\/\/traksler.co\/","name":"traksler","description":"wood products","publisher":{"@id":"https:\/\/traksler.co\/#organization"},"potentialAction":[{"@type":"SearchAction","target":{"@type":"EntryPoint","urlTemplate":"https:\/\/traksler.co\/?s={search_term_string}"},"query-input":{"@type":"PropertyValueSpecification","valueRequired":true,"valueName":"search_term_string"}}],"inLanguage":"en-US"},{"@type":"Organization","@id":"https:\/\/traksler.co\/#organization","name":"traksler","url":"https:\/\/traksler.co\/","logo":{"@type":"ImageObject","inLanguage":"en-US","@id":"https:\/\/traksler.co\/#\/schema\/logo\/image\/","url":"https:\/\/traksler.co\/wp-content\/uploads\/2019\/01\/vertikalni.jpg","contentUrl":"https:\/\/traksler.co\/wp-content\/uploads\/2019\/01\/vertikalni.jpg","width":2158,"height":2494,"caption":"traksler"},"image":{"@id":"https:\/\/traksler.co\/#\/schema\/logo\/image\/"},"sameAs":["https:\/\/www.facebook.com\/trakslershapeswood\/","https:\/\/www.instagram.com\/traksler_shapeswood\/"]}]}},"_links":{"self":[{"href":"https:\/\/traksler.co\/en\/wp-json\/wp\/v2\/pages\/728","targetHints":{"allow":["GET"]}}],"collection":[{"href":"https:\/\/traksler.co\/en\/wp-json\/wp\/v2\/pages"}],"about":[{"href":"https:\/\/traksler.co\/en\/wp-json\/wp\/v2\/types\/page"}],"author":[{"embeddable":true,"href":"https:\/\/traksler.co\/en\/wp-json\/wp\/v2\/users\/1"}],"replies":[{"embeddable":true,"href":"https:\/\/traksler.co\/en\/wp-json\/wp\/v2\/comments?post=728"}],"version-history":[{"count":10,"href":"https:\/\/traksler.co\/en\/wp-json\/wp\/v2\/pages\/728\/revisions"}],"predecessor-version":[{"id":1032,"href":"https:\/\/traksler.co\/en\/wp-json\/wp\/v2\/pages\/728\/revisions\/1032"}],"wp:attachment":[{"href":"https:\/\/traksler.co\/en\/wp-json\/wp\/v2\/media?parent=728"}],"curies":[{"name":"wp","href":"https:\/\/api.w.org\/{rel}","templated":true}]}}