{"id":747,"date":"2019-06-12T12:55:19","date_gmt":"2019-06-12T12:55:19","guid":{"rendered":"http:\/\/traksler.co\/?page_id=747"},"modified":"2019-06-24T12:36:22","modified_gmt":"2019-06-24T12:36:22","slug":"male-drvene-posude","status":"publish","type":"page","link":"https:\/\/traksler.co\/en\/male-drvene-posude\/","title":{"rendered":"small wooden bowls"},"content":{"rendered":"<div data-elementor-type=\"wp-post\" data-elementor-id=\"747\" class=\"elementor elementor-747\">\n\t\t\t\t\t\t<section class=\"elementor-section elementor-top-section elementor-element elementor-element-f7d0740 elementor-section-boxed elementor-section-height-default elementor-section-height-default\" data-id=\"f7d0740\" data-element_type=\"section\">\n\t\t\t\t\t\t<div class=\"elementor-container elementor-column-gap-default\">\n\t\t\t\t\t<div class=\"elementor-column elementor-col-100 elementor-top-column elementor-element elementor-element-dfb6501\" data-id=\"dfb6501\" data-element_type=\"column\">\n\t\t\t<div class=\"elementor-widget-wrap elementor-element-populated\">\n\t\t\t\t\t\t<div class=\"elementor-element elementor-element-6e04568 elementor-widget elementor-widget-spacer\" data-id=\"6e04568\" data-element_type=\"widget\" data-widget_type=\"spacer.default\">\n\t\t\t\t<div class=\"elementor-widget-container\">\n\t\t\t\t\t\t\t<div class=\"elementor-spacer\">\n\t\t\t<div class=\"elementor-spacer-inner\"><\/div>\n\t\t<\/div>\n\t\t\t\t\t\t<\/div>\n\t\t\t\t<\/div>\n\t\t\t\t<div class=\"elementor-element elementor-element-a3067c2 elementor-invisible elementor-widget elementor-widget-heading\" data-id=\"a3067c2\" data-element_type=\"widget\" data-settings=\"{&quot;_animation&quot;:&quot;fadeIn&quot;}\" data-widget_type=\"heading.default\">\n\t\t\t\t<div class=\"elementor-widget-container\">\n\t\t\t\t\t<h2 class=\"elementor-heading-title elementor-size-default\">small wooden bowls<\/h2>\t\t\t\t<\/div>\n\t\t\t\t<\/div>\n\t\t\t\t<div class=\"elementor-element elementor-element-74a3477 elementor-widget elementor-widget-spacer\" data-id=\"74a3477\" data-element_type=\"widget\" data-widget_type=\"spacer.default\">\n\t\t\t\t<div class=\"elementor-widget-container\">\n\t\t\t\t\t\t\t<div class=\"elementor-spacer\">\n\t\t\t<div class=\"elementor-spacer-inner\"><\/div>\n\t\t<\/div>\n\t\t\t\t\t\t<\/div>\n\t\t\t\t<\/div>\n\t\t\t\t\t<\/div>\n\t\t<\/div>\n\t\t\t\t\t<\/div>\n\t\t<\/section>\n\t\t\t\t<section class=\"elementor-section elementor-top-section elementor-element elementor-element-7a7354a elementor-section-boxed elementor-section-height-default elementor-section-height-default elementor-invisible\" data-id=\"7a7354a\" data-element_type=\"section\" data-settings=\"{&quot;animation&quot;:&quot;fadeIn&quot;}\">\n\t\t\t\t\t\t<div class=\"elementor-container elementor-column-gap-default\">\n\t\t\t\t\t<div class=\"elementor-column elementor-col-50 elementor-top-column elementor-element elementor-element-0ffb925\" data-id=\"0ffb925\" data-element_type=\"column\">\n\t\t\t<div class=\"elementor-widget-wrap elementor-element-populated\">\n\t\t\t\t\t\t<div class=\"elementor-element elementor-element-4f39907 elementor-widget elementor-widget-image-gallery\" data-id=\"4f39907\" data-element_type=\"widget\" data-widget_type=\"image-gallery.default\">\n\t\t\t\t<div class=\"elementor-widget-container\">\n\t\t\t\t\t\t\t<div class=\"elementor-image-gallery\">\n\t\t\t<div id='gallery-1' class='gallery galleryid-747 gallery-columns-1 gallery-size-full'><figure class='gallery-item'>\n\t\t\t<div class='gallery-icon landscape'>\n\t\t\t\t<a data-elementor-open-lightbox=\"yes\" data-elementor-lightbox-slideshow=\"4f39907\" data-elementor-lightbox-title=\"male-posudice-1\" data-e-action-hash=\"#elementor-action%3Aaction%3Dlightbox%26settings%3DeyJpZCI6OTAxLCJ1cmwiOiJodHRwczpcL1wvdHJha3NsZXIuY29cL3dwLWNvbnRlbnRcL3VwbG9hZHNcLzIwMTlcLzA2XC9tYWxlLXBvc3VkaWNlLTEuanBnIiwic2xpZGVzaG93IjoiNGYzOTkwNyJ9\" href='https:\/\/traksler.co\/wp-content\/uploads\/2019\/06\/male-posudice-1.jpg'><img fetchpriority=\"high\" decoding=\"async\" width=\"1980\" height=\"1219\" src=\"https:\/\/traksler.co\/wp-content\/uploads\/2019\/06\/male-posudice-1.jpg\" class=\"attachment-full size-full\" alt=\"\" srcset=\"https:\/\/traksler.co\/wp-content\/uploads\/2019\/06\/male-posudice-1.jpg 1980w, https:\/\/traksler.co\/wp-content\/uploads\/2019\/06\/male-posudice-1-300x185.jpg 300w, https:\/\/traksler.co\/wp-content\/uploads\/2019\/06\/male-posudice-1-768x473.jpg 768w, https:\/\/traksler.co\/wp-content\/uploads\/2019\/06\/male-posudice-1-1024x630.jpg 1024w, https:\/\/traksler.co\/wp-content\/uploads\/2019\/06\/male-posudice-1-600x369.jpg 600w\" sizes=\"(max-width: 1980px) 100vw, 1980px\" \/><\/a>\n\t\t\t<\/div><\/figure><figure class='gallery-item'>\n\t\t\t<div class='gallery-icon landscape'>\n\t\t\t\t<a data-elementor-open-lightbox=\"yes\" data-elementor-lightbox-slideshow=\"4f39907\" data-elementor-lightbox-title=\"male-posudice-2\" data-e-action-hash=\"#elementor-action%3Aaction%3Dlightbox%26settings%3DeyJpZCI6OTAyLCJ1cmwiOiJodHRwczpcL1wvdHJha3NsZXIuY29cL3dwLWNvbnRlbnRcL3VwbG9hZHNcLzIwMTlcLzA2XC9tYWxlLXBvc3VkaWNlLTIuanBnIiwic2xpZGVzaG93IjoiNGYzOTkwNyJ9\" href='https:\/\/traksler.co\/wp-content\/uploads\/2019\/06\/male-posudice-2.jpg'><img decoding=\"async\" width=\"1980\" height=\"1167\" src=\"https:\/\/traksler.co\/wp-content\/uploads\/2019\/06\/male-posudice-2.jpg\" class=\"attachment-full size-full\" alt=\"\" srcset=\"https:\/\/traksler.co\/wp-content\/uploads\/2019\/06\/male-posudice-2.jpg 1980w, https:\/\/traksler.co\/wp-content\/uploads\/2019\/06\/male-posudice-2-300x177.jpg 300w, https:\/\/traksler.co\/wp-content\/uploads\/2019\/06\/male-posudice-2-768x453.jpg 768w, https:\/\/traksler.co\/wp-content\/uploads\/2019\/06\/male-posudice-2-1024x604.jpg 1024w, https:\/\/traksler.co\/wp-content\/uploads\/2019\/06\/male-posudice-2-600x354.jpg 600w\" sizes=\"(max-width: 1980px) 100vw, 1980px\" \/><\/a>\n\t\t\t<\/div><\/figure><figure class='gallery-item'>\n\t\t\t<div class='gallery-icon landscape'>\n\t\t\t\t<a data-elementor-open-lightbox=\"yes\" data-elementor-lightbox-slideshow=\"4f39907\" data-elementor-lightbox-title=\"male-posudice-3\" data-e-action-hash=\"#elementor-action%3Aaction%3Dlightbox%26settings%3DeyJpZCI6OTAzLCJ1cmwiOiJodHRwczpcL1wvdHJha3NsZXIuY29cL3dwLWNvbnRlbnRcL3VwbG9hZHNcLzIwMTlcLzA2XC9tYWxlLXBvc3VkaWNlLTMuanBnIiwic2xpZGVzaG93IjoiNGYzOTkwNyJ9\" href='https:\/\/traksler.co\/wp-content\/uploads\/2019\/06\/male-posudice-3.jpg'><img decoding=\"async\" width=\"1980\" height=\"1315\" src=\"https:\/\/traksler.co\/wp-content\/uploads\/2019\/06\/male-posudice-3.jpg\" class=\"attachment-full size-full\" alt=\"\" srcset=\"https:\/\/traksler.co\/wp-content\/uploads\/2019\/06\/male-posudice-3.jpg 1980w, https:\/\/traksler.co\/wp-content\/uploads\/2019\/06\/male-posudice-3-300x199.jpg 300w, https:\/\/traksler.co\/wp-content\/uploads\/2019\/06\/male-posudice-3-768x510.jpg 768w, https:\/\/traksler.co\/wp-content\/uploads\/2019\/06\/male-posudice-3-1024x680.jpg 1024w, https:\/\/traksler.co\/wp-content\/uploads\/2019\/06\/male-posudice-3-600x398.jpg 600w\" sizes=\"(max-width: 1980px) 100vw, 1980px\" \/><\/a>\n\t\t\t<\/div><\/figure><figure class='gallery-item'>\n\t\t\t<div class='gallery-icon landscape'>\n\t\t\t\t<a data-elementor-open-lightbox=\"yes\" data-elementor-lightbox-slideshow=\"4f39907\" data-elementor-lightbox-title=\"male-posudice\" data-e-action-hash=\"#elementor-action%3Aaction%3Dlightbox%26settings%3DeyJpZCI6ODYxLCJ1cmwiOiJodHRwczpcL1wvdHJha3NsZXIuY29cL3dwLWNvbnRlbnRcL3VwbG9hZHNcLzIwMTlcLzA2XC9tYWxlLXBvc3VkaWNlLmpwZyIsInNsaWRlc2hvdyI6IjRmMzk5MDcifQ%3D%3D\" href='https:\/\/traksler.co\/wp-content\/uploads\/2019\/06\/male-posudice.jpg'><img loading=\"lazy\" decoding=\"async\" width=\"1980\" height=\"1315\" src=\"https:\/\/traksler.co\/wp-content\/uploads\/2019\/06\/male-posudice.jpg\" class=\"attachment-full size-full\" alt=\"\" srcset=\"https:\/\/traksler.co\/wp-content\/uploads\/2019\/06\/male-posudice.jpg 1980w, https:\/\/traksler.co\/wp-content\/uploads\/2019\/06\/male-posudice-300x199.jpg 300w, https:\/\/traksler.co\/wp-content\/uploads\/2019\/06\/male-posudice-768x510.jpg 768w, https:\/\/traksler.co\/wp-content\/uploads\/2019\/06\/male-posudice-1024x680.jpg 1024w, https:\/\/traksler.co\/wp-content\/uploads\/2019\/06\/male-posudice-600x398.jpg 600w\" sizes=\"(max-width: 1980px) 100vw, 1980px\" \/><\/a>\n\t\t\t<\/div><\/figure><figure class='gallery-item'>\n\t\t\t<div class='gallery-icon landscape'>\n\t\t\t\t<a data-elementor-open-lightbox=\"yes\" data-elementor-lightbox-slideshow=\"4f39907\" data-elementor-lightbox-title=\"mala-posuda-joha\" data-e-action-hash=\"#elementor-action%3Aaction%3Dlightbox%26settings%3DeyJpZCI6ODYyLCJ1cmwiOiJodHRwczpcL1wvdHJha3NsZXIuY29cL3dwLWNvbnRlbnRcL3VwbG9hZHNcLzIwMTlcLzA2XC9tYWxhLXBvc3VkYS1qb2hhLTEuanBnIiwic2xpZGVzaG93IjoiNGYzOTkwNyJ9\" href='https:\/\/traksler.co\/wp-content\/uploads\/2019\/06\/mala-posuda-joha-1.jpg'><img loading=\"lazy\" decoding=\"async\" width=\"1980\" height=\"1315\" src=\"https:\/\/traksler.co\/wp-content\/uploads\/2019\/06\/mala-posuda-joha-1.jpg\" class=\"attachment-full size-full\" alt=\"\" srcset=\"https:\/\/traksler.co\/wp-content\/uploads\/2019\/06\/mala-posuda-joha-1.jpg 1980w, https:\/\/traksler.co\/wp-content\/uploads\/2019\/06\/mala-posuda-joha-1-300x199.jpg 300w, https:\/\/traksler.co\/wp-content\/uploads\/2019\/06\/mala-posuda-joha-1-768x510.jpg 768w, https:\/\/traksler.co\/wp-content\/uploads\/2019\/06\/mala-posuda-joha-1-1024x680.jpg 1024w, https:\/\/traksler.co\/wp-content\/uploads\/2019\/06\/mala-posuda-joha-1-600x398.jpg 600w\" sizes=\"(max-width: 1980px) 100vw, 1980px\" \/><\/a>\n\t\t\t<\/div><\/figure><figure class='gallery-item'>\n\t\t\t<div class='gallery-icon landscape'>\n\t\t\t\t<a data-elementor-open-lightbox=\"yes\" data-elementor-lightbox-slideshow=\"4f39907\" data-elementor-lightbox-title=\"mala-posuda-joha-2\" data-e-action-hash=\"#elementor-action%3Aaction%3Dlightbox%26settings%3DeyJpZCI6ODYzLCJ1cmwiOiJodHRwczpcL1wvdHJha3NsZXIuY29cL3dwLWNvbnRlbnRcL3VwbG9hZHNcLzIwMTlcLzA2XC9tYWxhLXBvc3VkYS1qb2hhLTIuanBnIiwic2xpZGVzaG93IjoiNGYzOTkwNyJ9\" href='https:\/\/traksler.co\/wp-content\/uploads\/2019\/06\/mala-posuda-joha-2.jpg'><img loading=\"lazy\" decoding=\"async\" width=\"1980\" height=\"1315\" src=\"https:\/\/traksler.co\/wp-content\/uploads\/2019\/06\/mala-posuda-joha-2.jpg\" class=\"attachment-full size-full\" alt=\"\" srcset=\"https:\/\/traksler.co\/wp-content\/uploads\/2019\/06\/mala-posuda-joha-2.jpg 1980w, https:\/\/traksler.co\/wp-content\/uploads\/2019\/06\/mala-posuda-joha-2-300x199.jpg 300w, https:\/\/traksler.co\/wp-content\/uploads\/2019\/06\/mala-posuda-joha-2-768x510.jpg 768w, https:\/\/traksler.co\/wp-content\/uploads\/2019\/06\/mala-posuda-joha-2-1024x680.jpg 1024w, https:\/\/traksler.co\/wp-content\/uploads\/2019\/06\/mala-posuda-joha-2-600x398.jpg 600w\" sizes=\"(max-width: 1980px) 100vw, 1980px\" \/><\/a>\n\t\t\t<\/div><\/figure><figure class='gallery-item'>\n\t\t\t<div class='gallery-icon landscape'>\n\t\t\t\t<a data-elementor-open-lightbox=\"yes\" data-elementor-lightbox-slideshow=\"4f39907\" data-elementor-lightbox-title=\"mala-posuda-orah\" data-e-action-hash=\"#elementor-action%3Aaction%3Dlightbox%26settings%3DeyJpZCI6ODY0LCJ1cmwiOiJodHRwczpcL1wvdHJha3NsZXIuY29cL3dwLWNvbnRlbnRcL3VwbG9hZHNcLzIwMTlcLzA2XC9tYWxhLXBvc3VkYS1vcmFoLTIuanBnIiwic2xpZGVzaG93IjoiNGYzOTkwNyJ9\" href='https:\/\/traksler.co\/wp-content\/uploads\/2019\/06\/mala-posuda-orah-2.jpg'><img loading=\"lazy\" decoding=\"async\" width=\"1980\" height=\"1315\" src=\"https:\/\/traksler.co\/wp-content\/uploads\/2019\/06\/mala-posuda-orah-2.jpg\" class=\"attachment-full size-full\" alt=\"\" srcset=\"https:\/\/traksler.co\/wp-content\/uploads\/2019\/06\/mala-posuda-orah-2.jpg 1980w, https:\/\/traksler.co\/wp-content\/uploads\/2019\/06\/mala-posuda-orah-2-300x199.jpg 300w, https:\/\/traksler.co\/wp-content\/uploads\/2019\/06\/mala-posuda-orah-2-768x510.jpg 768w, https:\/\/traksler.co\/wp-content\/uploads\/2019\/06\/mala-posuda-orah-2-1024x680.jpg 1024w, https:\/\/traksler.co\/wp-content\/uploads\/2019\/06\/mala-posuda-orah-2-600x398.jpg 600w\" sizes=\"(max-width: 1980px) 100vw, 1980px\" \/><\/a>\n\t\t\t<\/div><\/figure><figure class='gallery-item'>\n\t\t\t<div class='gallery-icon landscape'>\n\t\t\t\t<a data-elementor-open-lightbox=\"yes\" data-elementor-lightbox-slideshow=\"4f39907\" data-elementor-lightbox-title=\"mala-posuda-orah-1\" data-e-action-hash=\"#elementor-action%3Aaction%3Dlightbox%26settings%3DeyJpZCI6ODY1LCJ1cmwiOiJodHRwczpcL1wvdHJha3NsZXIuY29cL3dwLWNvbnRlbnRcL3VwbG9hZHNcLzIwMTlcLzA2XC9tYWxhLXBvc3VkYS1vcmFoLTEtMS5qcGciLCJzbGlkZXNob3ciOiI0ZjM5OTA3In0%3D\" href='https:\/\/traksler.co\/wp-content\/uploads\/2019\/06\/mala-posuda-orah-1-1.jpg'><img loading=\"lazy\" decoding=\"async\" width=\"1980\" height=\"1131\" src=\"https:\/\/traksler.co\/wp-content\/uploads\/2019\/06\/mala-posuda-orah-1-1.jpg\" class=\"attachment-full size-full\" alt=\"\" srcset=\"https:\/\/traksler.co\/wp-content\/uploads\/2019\/06\/mala-posuda-orah-1-1.jpg 1980w, https:\/\/traksler.co\/wp-content\/uploads\/2019\/06\/mala-posuda-orah-1-1-300x171.jpg 300w, https:\/\/traksler.co\/wp-content\/uploads\/2019\/06\/mala-posuda-orah-1-1-768x439.jpg 768w, https:\/\/traksler.co\/wp-content\/uploads\/2019\/06\/mala-posuda-orah-1-1-1024x585.jpg 1024w, https:\/\/traksler.co\/wp-content\/uploads\/2019\/06\/mala-posuda-orah-1-1-600x343.jpg 600w\" sizes=\"(max-width: 1980px) 100vw, 1980px\" \/><\/a>\n\t\t\t<\/div><\/figure>\n\t\t<\/div>\n\t\t<\/div>\n\t\t\t\t\t\t<\/div>\n\t\t\t\t<\/div>\n\t\t\t\t\t<\/div>\n\t\t<\/div>\n\t\t\t\t<div class=\"elementor-column elementor-col-50 elementor-top-column elementor-element elementor-element-b90e4bf elementor-hidden-phone\" data-id=\"b90e4bf\" data-element_type=\"column\">\n\t\t\t<div class=\"elementor-widget-wrap elementor-element-populated\">\n\t\t\t\t\t\t<div class=\"elementor-element elementor-element-1cc3a5a elementor-widget elementor-widget-image\" data-id=\"1cc3a5a\" data-element_type=\"widget\" data-widget_type=\"image.default\">\n\t\t\t\t<div class=\"elementor-widget-container\">\n\t\t\t\t\t\t\t\t\t\t\t\t\t\t\t<img loading=\"lazy\" decoding=\"async\" width=\"1024\" height=\"680\" src=\"https:\/\/traksler.co\/wp-content\/uploads\/2019\/06\/mala-posuda-joha-1-1024x680.jpg\" class=\"attachment-large size-large wp-image-862\" alt=\"\" srcset=\"https:\/\/traksler.co\/wp-content\/uploads\/2019\/06\/mala-posuda-joha-1-1024x680.jpg 1024w, https:\/\/traksler.co\/wp-content\/uploads\/2019\/06\/mala-posuda-joha-1-300x199.jpg 300w, https:\/\/traksler.co\/wp-content\/uploads\/2019\/06\/mala-posuda-joha-1-768x510.jpg 768w, https:\/\/traksler.co\/wp-content\/uploads\/2019\/06\/mala-posuda-joha-1-600x398.jpg 600w, https:\/\/traksler.co\/wp-content\/uploads\/2019\/06\/mala-posuda-joha-1.jpg 1980w\" sizes=\"(max-width: 1024px) 100vw, 1024px\" \/>\t\t\t\t\t\t\t\t\t\t\t\t\t\t\t<\/div>\n\t\t\t\t<\/div>\n\t\t\t\t<section class=\"elementor-section elementor-inner-section elementor-element elementor-element-1f8b1e1 elementor-section-boxed elementor-section-height-default elementor-section-height-default\" data-id=\"1f8b1e1\" data-element_type=\"section\">\n\t\t\t\t\t\t<div class=\"elementor-container elementor-column-gap-default\">\n\t\t\t\t\t<div class=\"elementor-column elementor-col-100 elementor-inner-column elementor-element elementor-element-6a66be5\" data-id=\"6a66be5\" data-element_type=\"column\">\n\t\t\t<div class=\"elementor-widget-wrap elementor-element-populated\">\n\t\t\t\t\t\t<div class=\"elementor-element elementor-element-9a17682 elementor-widget elementor-widget-text-editor\" data-id=\"9a17682\" data-element_type=\"widget\" data-widget_type=\"text-editor.default\">\n\t\t\t\t<div class=\"elementor-widget-container\">\n\t\t\t\t\t\t\t\t\t<p>small wooden bowls are made of one piece of wood, most often walnuts, alder, cherries... they are protected by natural oil certified for direct contact with food.<\/p><p>dimensions: small wooden bowls are hand-made. the width of the bowl is 10.5cm + -2mm and height 4.5cm + 2mm.<\/p>\t\t\t\t\t\t\t\t<\/div>\n\t\t\t\t<\/div>\n\t\t\t\t\t<\/div>\n\t\t<\/div>\n\t\t\t\t\t<\/div>\n\t\t<\/section>\n\t\t\t\t\t<\/div>\n\t\t<\/div>\n\t\t\t\t\t<\/div>\n\t\t<\/section>\n\t\t\t\t<\/div>","protected":false},"excerpt":{"rendered":"<p>male drvene posude male drvene posude se prave iz jednog komada drveta, naj\u010de\u0161\u0107e oraha, johe, tre\u0161nje&#8230; za\u0161ti\u0107ene su prirodnim uljem sertifikovanim za direktan kontakt sa hranom. dimenzije: male drvene posude su ru\u010dne izrade. pre\u010dnik posuda je 10,5cm +-2mm a visina 4,5cm +- 2mm.<\/p>","protected":false},"author":1,"featured_media":0,"parent":0,"menu_order":0,"comment_status":"closed","ping_status":"closed","template":"","meta":{"ngg_post_thumbnail":0,"footnotes":""},"class_list":["post-747","page","type-page","status-publish","hentry"],"yoast_head":"<!-- This site is optimized with the Yoast SEO plugin v27.2 - https:\/\/yoast.com\/product\/yoast-seo-wordpress\/ -->\n<title>male drvene posude - traksler<\/title>\n<meta name=\"robots\" content=\"index, follow, max-snippet:-1, max-image-preview:large, max-video-preview:-1\" \/>\n<link rel=\"canonical\" href=\"https:\/\/traksler.co\/en\/male-drvene-posude\/\" \/>\n<meta property=\"og:locale\" content=\"en_US\" \/>\n<meta property=\"og:type\" content=\"article\" \/>\n<meta property=\"og:title\" content=\"male drvene posude - traksler\" \/>\n<meta property=\"og:description\" content=\"male drvene posude male drvene posude se prave iz jednog komada drveta, naj\u010de\u0161\u0107e oraha, johe, tre\u0161nje&#8230; za\u0161ti\u0107ene su prirodnim uljem sertifikovanim za direktan kontakt sa hranom. dimenzije: male drvene posude su ru\u010dne izrade. pre\u010dnik posuda je 10,5cm +-2mm a visina 4,5cm +- 2mm.\" \/>\n<meta property=\"og:url\" content=\"https:\/\/traksler.co\/en\/male-drvene-posude\/\" \/>\n<meta property=\"og:site_name\" content=\"traksler\" \/>\n<meta property=\"article:publisher\" content=\"https:\/\/www.facebook.com\/trakslershapeswood\/\" \/>\n<meta property=\"article:modified_time\" content=\"2019-06-24T12:36:22+00:00\" \/>\n<meta property=\"og:image\" content=\"https:\/\/traksler.co\/wp-content\/uploads\/2019\/06\/male-posudice-1.jpg\" \/>\n<meta name=\"twitter:card\" content=\"summary_large_image\" \/>\n<script type=\"application\/ld+json\" class=\"yoast-schema-graph\">{\"@context\":\"https:\/\/schema.org\",\"@graph\":[{\"@type\":\"WebPage\",\"@id\":\"https:\/\/traksler.co\/male-drvene-posude\/\",\"url\":\"https:\/\/traksler.co\/male-drvene-posude\/\",\"name\":\"male drvene posude - traksler\",\"isPartOf\":{\"@id\":\"https:\/\/traksler.co\/#website\"},\"primaryImageOfPage\":{\"@id\":\"https:\/\/traksler.co\/male-drvene-posude\/#primaryimage\"},\"image\":{\"@id\":\"https:\/\/traksler.co\/male-drvene-posude\/#primaryimage\"},\"thumbnailUrl\":\"https:\/\/traksler.co\/wp-content\/uploads\/2019\/06\/male-posudice-1.jpg\",\"datePublished\":\"2019-06-12T12:55:19+00:00\",\"dateModified\":\"2019-06-24T12:36:22+00:00\",\"breadcrumb\":{\"@id\":\"https:\/\/traksler.co\/male-drvene-posude\/#breadcrumb\"},\"inLanguage\":\"en-US\",\"potentialAction\":[{\"@type\":\"ReadAction\",\"target\":[\"https:\/\/traksler.co\/male-drvene-posude\/\"]}]},{\"@type\":\"ImageObject\",\"inLanguage\":\"en-US\",\"@id\":\"https:\/\/traksler.co\/male-drvene-posude\/#primaryimage\",\"url\":\"https:\/\/traksler.co\/wp-content\/uploads\/2019\/06\/male-posudice-1.jpg\",\"contentUrl\":\"https:\/\/traksler.co\/wp-content\/uploads\/2019\/06\/male-posudice-1.jpg\"},{\"@type\":\"BreadcrumbList\",\"@id\":\"https:\/\/traksler.co\/male-drvene-posude\/#breadcrumb\",\"itemListElement\":[{\"@type\":\"ListItem\",\"position\":1,\"name\":\"Home\",\"item\":\"https:\/\/traksler.co\/\"},{\"@type\":\"ListItem\",\"position\":2,\"name\":\"male drvene posude\"}]},{\"@type\":\"WebSite\",\"@id\":\"https:\/\/traksler.co\/#website\",\"url\":\"https:\/\/traksler.co\/\",\"name\":\"traksler\",\"description\":\"wood products\",\"publisher\":{\"@id\":\"https:\/\/traksler.co\/#organization\"},\"potentialAction\":[{\"@type\":\"SearchAction\",\"target\":{\"@type\":\"EntryPoint\",\"urlTemplate\":\"https:\/\/traksler.co\/?s={search_term_string}\"},\"query-input\":{\"@type\":\"PropertyValueSpecification\",\"valueRequired\":true,\"valueName\":\"search_term_string\"}}],\"inLanguage\":\"en-US\"},{\"@type\":\"Organization\",\"@id\":\"https:\/\/traksler.co\/#organization\",\"name\":\"traksler\",\"url\":\"https:\/\/traksler.co\/\",\"logo\":{\"@type\":\"ImageObject\",\"inLanguage\":\"en-US\",\"@id\":\"https:\/\/traksler.co\/#\/schema\/logo\/image\/\",\"url\":\"https:\/\/traksler.co\/wp-content\/uploads\/2019\/01\/vertikalni.jpg\",\"contentUrl\":\"https:\/\/traksler.co\/wp-content\/uploads\/2019\/01\/vertikalni.jpg\",\"width\":2158,\"height\":2494,\"caption\":\"traksler\"},\"image\":{\"@id\":\"https:\/\/traksler.co\/#\/schema\/logo\/image\/\"},\"sameAs\":[\"https:\/\/www.facebook.com\/trakslershapeswood\/\",\"https:\/\/www.instagram.com\/traksler_shapeswood\/\"]}]}<\/script>\n<!-- \/ Yoast SEO plugin. -->","yoast_head_json":{"title":"male drvene posude - traksler","robots":{"index":"index","follow":"follow","max-snippet":"max-snippet:-1","max-image-preview":"max-image-preview:large","max-video-preview":"max-video-preview:-1"},"canonical":"https:\/\/traksler.co\/en\/male-drvene-posude\/","og_locale":"en_US","og_type":"article","og_title":"male drvene posude - traksler","og_description":"male drvene posude male drvene posude se prave iz jednog komada drveta, naj\u010de\u0161\u0107e oraha, johe, tre\u0161nje&#8230; za\u0161ti\u0107ene su prirodnim uljem sertifikovanim za direktan kontakt sa hranom. dimenzije: male drvene posude su ru\u010dne izrade. pre\u010dnik posuda je 10,5cm +-2mm a visina 4,5cm +- 2mm.","og_url":"https:\/\/traksler.co\/en\/male-drvene-posude\/","og_site_name":"traksler","article_publisher":"https:\/\/www.facebook.com\/trakslershapeswood\/","article_modified_time":"2019-06-24T12:36:22+00:00","og_image":[{"url":"https:\/\/traksler.co\/wp-content\/uploads\/2019\/06\/male-posudice-1.jpg","type":"","width":"","height":""}],"twitter_card":"summary_large_image","schema":{"@context":"https:\/\/schema.org","@graph":[{"@type":"WebPage","@id":"https:\/\/traksler.co\/male-drvene-posude\/","url":"https:\/\/traksler.co\/male-drvene-posude\/","name":"male drvene posude - traksler","isPartOf":{"@id":"https:\/\/traksler.co\/#website"},"primaryImageOfPage":{"@id":"https:\/\/traksler.co\/male-drvene-posude\/#primaryimage"},"image":{"@id":"https:\/\/traksler.co\/male-drvene-posude\/#primaryimage"},"thumbnailUrl":"https:\/\/traksler.co\/wp-content\/uploads\/2019\/06\/male-posudice-1.jpg","datePublished":"2019-06-12T12:55:19+00:00","dateModified":"2019-06-24T12:36:22+00:00","breadcrumb":{"@id":"https:\/\/traksler.co\/male-drvene-posude\/#breadcrumb"},"inLanguage":"en-US","potentialAction":[{"@type":"ReadAction","target":["https:\/\/traksler.co\/male-drvene-posude\/"]}]},{"@type":"ImageObject","inLanguage":"en-US","@id":"https:\/\/traksler.co\/male-drvene-posude\/#primaryimage","url":"https:\/\/traksler.co\/wp-content\/uploads\/2019\/06\/male-posudice-1.jpg","contentUrl":"https:\/\/traksler.co\/wp-content\/uploads\/2019\/06\/male-posudice-1.jpg"},{"@type":"BreadcrumbList","@id":"https:\/\/traksler.co\/male-drvene-posude\/#breadcrumb","itemListElement":[{"@type":"ListItem","position":1,"name":"Home","item":"https:\/\/traksler.co\/"},{"@type":"ListItem","position":2,"name":"male drvene posude"}]},{"@type":"WebSite","@id":"https:\/\/traksler.co\/#website","url":"https:\/\/traksler.co\/","name":"traksler","description":"wood products","publisher":{"@id":"https:\/\/traksler.co\/#organization"},"potentialAction":[{"@type":"SearchAction","target":{"@type":"EntryPoint","urlTemplate":"https:\/\/traksler.co\/?s={search_term_string}"},"query-input":{"@type":"PropertyValueSpecification","valueRequired":true,"valueName":"search_term_string"}}],"inLanguage":"en-US"},{"@type":"Organization","@id":"https:\/\/traksler.co\/#organization","name":"traksler","url":"https:\/\/traksler.co\/","logo":{"@type":"ImageObject","inLanguage":"en-US","@id":"https:\/\/traksler.co\/#\/schema\/logo\/image\/","url":"https:\/\/traksler.co\/wp-content\/uploads\/2019\/01\/vertikalni.jpg","contentUrl":"https:\/\/traksler.co\/wp-content\/uploads\/2019\/01\/vertikalni.jpg","width":2158,"height":2494,"caption":"traksler"},"image":{"@id":"https:\/\/traksler.co\/#\/schema\/logo\/image\/"},"sameAs":["https:\/\/www.facebook.com\/trakslershapeswood\/","https:\/\/www.instagram.com\/traksler_shapeswood\/"]}]}},"_links":{"self":[{"href":"https:\/\/traksler.co\/en\/wp-json\/wp\/v2\/pages\/747","targetHints":{"allow":["GET"]}}],"collection":[{"href":"https:\/\/traksler.co\/en\/wp-json\/wp\/v2\/pages"}],"about":[{"href":"https:\/\/traksler.co\/en\/wp-json\/wp\/v2\/types\/page"}],"author":[{"embeddable":true,"href":"https:\/\/traksler.co\/en\/wp-json\/wp\/v2\/users\/1"}],"replies":[{"embeddable":true,"href":"https:\/\/traksler.co\/en\/wp-json\/wp\/v2\/comments?post=747"}],"version-history":[{"count":9,"href":"https:\/\/traksler.co\/en\/wp-json\/wp\/v2\/pages\/747\/revisions"}],"predecessor-version":[{"id":1034,"href":"https:\/\/traksler.co\/en\/wp-json\/wp\/v2\/pages\/747\/revisions\/1034"}],"wp:attachment":[{"href":"https:\/\/traksler.co\/en\/wp-json\/wp\/v2\/media?parent=747"}],"curies":[{"name":"wp","href":"https:\/\/api.w.org\/{rel}","templated":true}]}}