{"id":757,"date":"2019-06-12T13:34:27","date_gmt":"2019-06-12T13:34:27","guid":{"rendered":"http:\/\/traksler.co\/?page_id=757"},"modified":"2019-06-21T09:10:00","modified_gmt":"2019-06-21T09:10:00","slug":"spatule-za-kuvanje","status":"publish","type":"page","link":"https:\/\/traksler.co\/en\/spatule-za-kuvanje\/","title":{"rendered":"spatulas"},"content":{"rendered":"<div data-elementor-type=\"wp-post\" data-elementor-id=\"757\" class=\"elementor elementor-757\">\n\t\t\t\t\t\t<section class=\"elementor-section elementor-top-section elementor-element elementor-element-51d4b4f elementor-section-boxed elementor-section-height-default elementor-section-height-default\" data-id=\"51d4b4f\" data-element_type=\"section\">\n\t\t\t\t\t\t<div class=\"elementor-container elementor-column-gap-default\">\n\t\t\t\t\t<div class=\"elementor-column elementor-col-100 elementor-top-column elementor-element elementor-element-c93acc0\" data-id=\"c93acc0\" data-element_type=\"column\">\n\t\t\t<div class=\"elementor-widget-wrap elementor-element-populated\">\n\t\t\t\t\t\t<div class=\"elementor-element elementor-element-0ee4872 elementor-widget elementor-widget-spacer\" data-id=\"0ee4872\" data-element_type=\"widget\" data-widget_type=\"spacer.default\">\n\t\t\t\t<div class=\"elementor-widget-container\">\n\t\t\t\t\t\t\t<div class=\"elementor-spacer\">\n\t\t\t<div class=\"elementor-spacer-inner\"><\/div>\n\t\t<\/div>\n\t\t\t\t\t\t<\/div>\n\t\t\t\t<\/div>\n\t\t\t\t<div class=\"elementor-element elementor-element-81cecc8 elementor-invisible elementor-widget elementor-widget-heading\" data-id=\"81cecc8\" data-element_type=\"widget\" data-settings=\"{&quot;_animation&quot;:&quot;fadeIn&quot;}\" data-widget_type=\"heading.default\">\n\t\t\t\t<div class=\"elementor-widget-container\">\n\t\t\t\t\t<h2 class=\"elementor-heading-title elementor-size-default\">spatulas<\/h2>\t\t\t\t<\/div>\n\t\t\t\t<\/div>\n\t\t\t\t<div class=\"elementor-element elementor-element-0e7a470 elementor-widget elementor-widget-spacer\" data-id=\"0e7a470\" data-element_type=\"widget\" data-widget_type=\"spacer.default\">\n\t\t\t\t<div class=\"elementor-widget-container\">\n\t\t\t\t\t\t\t<div class=\"elementor-spacer\">\n\t\t\t<div class=\"elementor-spacer-inner\"><\/div>\n\t\t<\/div>\n\t\t\t\t\t\t<\/div>\n\t\t\t\t<\/div>\n\t\t\t\t\t<\/div>\n\t\t<\/div>\n\t\t\t\t\t<\/div>\n\t\t<\/section>\n\t\t\t\t<section class=\"elementor-section elementor-top-section elementor-element elementor-element-dc01ae8 elementor-section-boxed elementor-section-height-default elementor-section-height-default elementor-invisible\" data-id=\"dc01ae8\" data-element_type=\"section\" data-settings=\"{&quot;animation&quot;:&quot;fadeIn&quot;}\">\n\t\t\t\t\t\t<div class=\"elementor-container elementor-column-gap-default\">\n\t\t\t\t\t<div class=\"elementor-column elementor-col-50 elementor-top-column elementor-element elementor-element-a2f4bdd\" data-id=\"a2f4bdd\" data-element_type=\"column\">\n\t\t\t<div class=\"elementor-widget-wrap elementor-element-populated\">\n\t\t\t\t\t\t<div class=\"elementor-element elementor-element-3f0eaa8 elementor-widget elementor-widget-image-gallery\" data-id=\"3f0eaa8\" data-element_type=\"widget\" data-widget_type=\"image-gallery.default\">\n\t\t\t\t<div class=\"elementor-widget-container\">\n\t\t\t\t\t\t\t<div class=\"elementor-image-gallery\">\n\t\t\t<div id='gallery-1' class='gallery galleryid-757 gallery-columns-1 gallery-size-full'><figure class='gallery-item'>\n\t\t\t<div class='gallery-icon landscape'>\n\t\t\t\t<a data-elementor-open-lightbox=\"yes\" data-elementor-lightbox-slideshow=\"3f0eaa8\" data-elementor-lightbox-title=\"spatula-3-crop\" data-e-action-hash=\"#elementor-action%3Aaction%3Dlightbox%26settings%3DeyJpZCI6OTQ2LCJ1cmwiOiJodHRwczpcL1wvdHJha3NsZXIuY29cL3dwLWNvbnRlbnRcL3VwbG9hZHNcLzIwMTlcLzA2XC9zcGF0dWxhLTMtY3JvcC5qcGciLCJzbGlkZXNob3ciOiIzZjBlYWE4In0%3D\" href='https:\/\/traksler.co\/wp-content\/uploads\/2019\/06\/spatula-3-crop.jpg'><img fetchpriority=\"high\" decoding=\"async\" width=\"1968\" height=\"1315\" src=\"https:\/\/traksler.co\/wp-content\/uploads\/2019\/06\/spatula-3-crop.jpg\" class=\"attachment-full size-full\" alt=\"\" srcset=\"https:\/\/traksler.co\/wp-content\/uploads\/2019\/06\/spatula-3-crop.jpg 1968w, https:\/\/traksler.co\/wp-content\/uploads\/2019\/06\/spatula-3-crop-300x200.jpg 300w, https:\/\/traksler.co\/wp-content\/uploads\/2019\/06\/spatula-3-crop-768x513.jpg 768w, https:\/\/traksler.co\/wp-content\/uploads\/2019\/06\/spatula-3-crop-1024x684.jpg 1024w, https:\/\/traksler.co\/wp-content\/uploads\/2019\/06\/spatula-3-crop-600x401.jpg 600w\" sizes=\"(max-width: 1968px) 100vw, 1968px\" \/><\/a>\n\t\t\t<\/div><\/figure><figure class='gallery-item'>\n\t\t\t<div class='gallery-icon landscape'>\n\t\t\t\t<a data-elementor-open-lightbox=\"yes\" data-elementor-lightbox-slideshow=\"3f0eaa8\" data-elementor-lightbox-title=\"spatule-1\" data-e-action-hash=\"#elementor-action%3Aaction%3Dlightbox%26settings%3DeyJpZCI6OTQ3LCJ1cmwiOiJodHRwczpcL1wvdHJha3NsZXIuY29cL3dwLWNvbnRlbnRcL3VwbG9hZHNcLzIwMTlcLzA2XC9zcGF0dWxlLTEuanBnIiwic2xpZGVzaG93IjoiM2YwZWFhOCJ9\" href='https:\/\/traksler.co\/wp-content\/uploads\/2019\/06\/spatule-1.jpg'><img decoding=\"async\" width=\"1980\" height=\"1315\" src=\"https:\/\/traksler.co\/wp-content\/uploads\/2019\/06\/spatule-1.jpg\" class=\"attachment-full size-full\" alt=\"\" srcset=\"https:\/\/traksler.co\/wp-content\/uploads\/2019\/06\/spatule-1.jpg 1980w, https:\/\/traksler.co\/wp-content\/uploads\/2019\/06\/spatule-1-300x199.jpg 300w, https:\/\/traksler.co\/wp-content\/uploads\/2019\/06\/spatule-1-768x510.jpg 768w, https:\/\/traksler.co\/wp-content\/uploads\/2019\/06\/spatule-1-1024x680.jpg 1024w, https:\/\/traksler.co\/wp-content\/uploads\/2019\/06\/spatule-1-600x398.jpg 600w\" sizes=\"(max-width: 1980px) 100vw, 1980px\" \/><\/a>\n\t\t\t<\/div><\/figure><figure class='gallery-item'>\n\t\t\t<div class='gallery-icon portrait'>\n\t\t\t\t<a data-elementor-open-lightbox=\"yes\" data-elementor-lightbox-slideshow=\"3f0eaa8\" data-elementor-lightbox-title=\"spatule-2\" data-e-action-hash=\"#elementor-action%3Aaction%3Dlightbox%26settings%3DeyJpZCI6OTQ4LCJ1cmwiOiJodHRwczpcL1wvdHJha3NsZXIuY29cL3dwLWNvbnRlbnRcL3VwbG9hZHNcLzIwMTlcLzA2XC9zcGF0dWxlLTIuanBnIiwic2xpZGVzaG93IjoiM2YwZWFhOCJ9\" href='https:\/\/traksler.co\/wp-content\/uploads\/2019\/06\/spatule-2.jpg'><img decoding=\"async\" width=\"1780\" height=\"1785\" src=\"https:\/\/traksler.co\/wp-content\/uploads\/2019\/06\/spatule-2.jpg\" class=\"attachment-full size-full\" alt=\"\" srcset=\"https:\/\/traksler.co\/wp-content\/uploads\/2019\/06\/spatule-2.jpg 1780w, https:\/\/traksler.co\/wp-content\/uploads\/2019\/06\/spatule-2-150x150.jpg 150w, https:\/\/traksler.co\/wp-content\/uploads\/2019\/06\/spatule-2-300x300.jpg 300w, https:\/\/traksler.co\/wp-content\/uploads\/2019\/06\/spatule-2-768x770.jpg 768w, https:\/\/traksler.co\/wp-content\/uploads\/2019\/06\/spatule-2-1021x1024.jpg 1021w, https:\/\/traksler.co\/wp-content\/uploads\/2019\/06\/spatule-2-600x602.jpg 600w, https:\/\/traksler.co\/wp-content\/uploads\/2019\/06\/spatule-2-100x100.jpg 100w\" sizes=\"(max-width: 1780px) 100vw, 1780px\" \/><\/a>\n\t\t\t<\/div><\/figure><figure class='gallery-item'>\n\t\t\t<div class='gallery-icon portrait'>\n\t\t\t\t<a data-elementor-open-lightbox=\"yes\" data-elementor-lightbox-slideshow=\"3f0eaa8\" data-elementor-lightbox-title=\"spatula-1\" data-e-action-hash=\"#elementor-action%3Aaction%3Dlightbox%26settings%3DeyJpZCI6ODcwLCJ1cmwiOiJodHRwczpcL1wvdHJha3NsZXIuY29cL3dwLWNvbnRlbnRcL3VwbG9hZHNcLzIwMTlcLzA2XC9zcGF0dWxhLTEuanBnIiwic2xpZGVzaG93IjoiM2YwZWFhOCJ9\" href='https:\/\/traksler.co\/wp-content\/uploads\/2019\/06\/spatula-1.jpg'><img loading=\"lazy\" decoding=\"async\" width=\"1450\" height=\"1823\" src=\"https:\/\/traksler.co\/wp-content\/uploads\/2019\/06\/spatula-1.jpg\" class=\"attachment-full size-full\" alt=\"\" srcset=\"https:\/\/traksler.co\/wp-content\/uploads\/2019\/06\/spatula-1.jpg 1450w, https:\/\/traksler.co\/wp-content\/uploads\/2019\/06\/spatula-1-239x300.jpg 239w, https:\/\/traksler.co\/wp-content\/uploads\/2019\/06\/spatula-1-768x966.jpg 768w, https:\/\/traksler.co\/wp-content\/uploads\/2019\/06\/spatula-1-814x1024.jpg 814w, https:\/\/traksler.co\/wp-content\/uploads\/2019\/06\/spatula-1-600x754.jpg 600w\" sizes=\"(max-width: 1450px) 100vw, 1450px\" \/><\/a>\n\t\t\t<\/div><\/figure><figure class='gallery-item'>\n\t\t\t<div class='gallery-icon landscape'>\n\t\t\t\t<a data-elementor-open-lightbox=\"yes\" data-elementor-lightbox-slideshow=\"3f0eaa8\" data-elementor-lightbox-title=\"spatula\" data-e-action-hash=\"#elementor-action%3Aaction%3Dlightbox%26settings%3DeyJpZCI6ODMyLCJ1cmwiOiJodHRwczpcL1wvdHJha3NsZXIuY29cL3dwLWNvbnRlbnRcL3VwbG9hZHNcLzIwMTlcLzA2XC9zcGF0dWxhLmpwZyIsInNsaWRlc2hvdyI6IjNmMGVhYTgifQ%3D%3D\" href='https:\/\/traksler.co\/wp-content\/uploads\/2019\/06\/spatula.jpg'><img loading=\"lazy\" decoding=\"async\" width=\"1980\" height=\"1315\" src=\"https:\/\/traksler.co\/wp-content\/uploads\/2019\/06\/spatula.jpg\" class=\"attachment-full size-full\" alt=\"\" srcset=\"https:\/\/traksler.co\/wp-content\/uploads\/2019\/06\/spatula.jpg 1980w, https:\/\/traksler.co\/wp-content\/uploads\/2019\/06\/spatula-300x199.jpg 300w, https:\/\/traksler.co\/wp-content\/uploads\/2019\/06\/spatula-768x510.jpg 768w, https:\/\/traksler.co\/wp-content\/uploads\/2019\/06\/spatula-1024x680.jpg 1024w, https:\/\/traksler.co\/wp-content\/uploads\/2019\/06\/spatula-600x398.jpg 600w\" sizes=\"(max-width: 1980px) 100vw, 1980px\" \/><\/a>\n\t\t\t<\/div><\/figure>\n\t\t<\/div>\n\t\t<\/div>\n\t\t\t\t\t\t<\/div>\n\t\t\t\t<\/div>\n\t\t\t\t\t<\/div>\n\t\t<\/div>\n\t\t\t\t<div class=\"elementor-column elementor-col-50 elementor-top-column elementor-element elementor-element-91476a1 elementor-hidden-phone\" data-id=\"91476a1\" data-element_type=\"column\">\n\t\t\t<div class=\"elementor-widget-wrap elementor-element-populated\">\n\t\t\t\t\t\t<div class=\"elementor-element elementor-element-1924696 elementor-widget elementor-widget-image\" data-id=\"1924696\" data-element_type=\"widget\" data-widget_type=\"image.default\">\n\t\t\t\t<div class=\"elementor-widget-container\">\n\t\t\t\t\t\t\t\t\t\t\t\t\t\t\t<img loading=\"lazy\" decoding=\"async\" width=\"1024\" height=\"680\" src=\"https:\/\/traksler.co\/wp-content\/uploads\/2019\/06\/spatula-1024x680.jpg\" class=\"attachment-large size-large wp-image-832\" alt=\"\" srcset=\"https:\/\/traksler.co\/wp-content\/uploads\/2019\/06\/spatula-1024x680.jpg 1024w, https:\/\/traksler.co\/wp-content\/uploads\/2019\/06\/spatula-300x199.jpg 300w, https:\/\/traksler.co\/wp-content\/uploads\/2019\/06\/spatula-768x510.jpg 768w, https:\/\/traksler.co\/wp-content\/uploads\/2019\/06\/spatula-600x398.jpg 600w, https:\/\/traksler.co\/wp-content\/uploads\/2019\/06\/spatula.jpg 1980w\" sizes=\"(max-width: 1024px) 100vw, 1024px\" \/>\t\t\t\t\t\t\t\t\t\t\t\t\t\t\t<\/div>\n\t\t\t\t<\/div>\n\t\t\t\t<div class=\"elementor-element elementor-element-f8a104d elementor-widget elementor-widget-text-editor\" data-id=\"f8a104d\" data-element_type=\"widget\" data-widget_type=\"text-editor.default\">\n\t\t\t\t<div class=\"elementor-widget-container\">\n\t\t\t\t\t\t\t\t\t<p>spatulas are hand-made from one piece of wood, plum, cherry and walnut. they are protected by natural oil certified for direct contact with food.<\/p><p>dimensions: dimensions of the spatula may vary depending on the type of wood we are using. the length is about 36cm and the width at the widest part about 6cm.<\/p>\t\t\t\t\t\t\t\t<\/div>\n\t\t\t\t<\/div>\n\t\t\t\t\t<\/div>\n\t\t<\/div>\n\t\t\t\t\t<\/div>\n\t\t<\/section>\n\t\t\t\t<\/div>","protected":false},"excerpt":{"rendered":"<p>\u0161patule za kuvanje \u0161patule za kuvanje se prave ru\u010dno iz jednog komada drveta, u ponudi je \u0161ljiva, tre\u0161nja I orah. Za\u0161ti\u0107ene su prirodnim uljem sertifikovanim za direktan kontakt sa hranom. dimenzije: dimezije spatula variraju u zavisnosti od odabranog drveta. du\u017eina je oko 36cm a \u0161irina u naj\u0161irem delu oko 6cm.<\/p>","protected":false},"author":1,"featured_media":0,"parent":0,"menu_order":0,"comment_status":"closed","ping_status":"closed","template":"","meta":{"ngg_post_thumbnail":0,"footnotes":""},"class_list":["post-757","page","type-page","status-publish","hentry"],"yoast_head":"<!-- This site is optimized with the Yoast SEO plugin v27.2 - https:\/\/yoast.com\/product\/yoast-seo-wordpress\/ -->\n<title>\u0161patule za kuvanje - traksler<\/title>\n<meta name=\"robots\" content=\"index, follow, max-snippet:-1, max-image-preview:large, max-video-preview:-1\" \/>\n<link rel=\"canonical\" href=\"https:\/\/traksler.co\/en\/spatule-za-kuvanje\/\" \/>\n<meta property=\"og:locale\" content=\"en_US\" \/>\n<meta property=\"og:type\" content=\"article\" \/>\n<meta property=\"og:title\" content=\"\u0161patule za kuvanje - traksler\" \/>\n<meta property=\"og:description\" content=\"\u0161patule za kuvanje \u0161patule za kuvanje se prave ru\u010dno iz jednog komada drveta, u ponudi je \u0161ljiva, tre\u0161nja I orah. Za\u0161ti\u0107ene su prirodnim uljem sertifikovanim za direktan kontakt sa hranom. dimenzije: dimezije spatula variraju u zavisnosti od odabranog drveta. du\u017eina je oko 36cm a \u0161irina u naj\u0161irem delu oko 6cm.\" \/>\n<meta property=\"og:url\" content=\"https:\/\/traksler.co\/en\/spatule-za-kuvanje\/\" \/>\n<meta property=\"og:site_name\" content=\"traksler\" \/>\n<meta property=\"article:publisher\" content=\"https:\/\/www.facebook.com\/trakslershapeswood\/\" \/>\n<meta property=\"article:modified_time\" content=\"2019-06-21T09:10:00+00:00\" \/>\n<meta property=\"og:image\" content=\"http:\/\/traksler.co\/wp-content\/uploads\/2019\/06\/spatula-3-crop.jpg\" \/>\n<meta name=\"twitter:card\" content=\"summary_large_image\" \/>\n<script type=\"application\/ld+json\" class=\"yoast-schema-graph\">{\"@context\":\"https:\/\/schema.org\",\"@graph\":[{\"@type\":\"WebPage\",\"@id\":\"https:\/\/traksler.co\/spatule-za-kuvanje\/\",\"url\":\"https:\/\/traksler.co\/spatule-za-kuvanje\/\",\"name\":\"\u0161patule za kuvanje - traksler\",\"isPartOf\":{\"@id\":\"https:\/\/traksler.co\/#website\"},\"primaryImageOfPage\":{\"@id\":\"https:\/\/traksler.co\/spatule-za-kuvanje\/#primaryimage\"},\"image\":{\"@id\":\"https:\/\/traksler.co\/spatule-za-kuvanje\/#primaryimage\"},\"thumbnailUrl\":\"http:\/\/traksler.co\/wp-content\/uploads\/2019\/06\/spatula-3-crop.jpg\",\"datePublished\":\"2019-06-12T13:34:27+00:00\",\"dateModified\":\"2019-06-21T09:10:00+00:00\",\"breadcrumb\":{\"@id\":\"https:\/\/traksler.co\/spatule-za-kuvanje\/#breadcrumb\"},\"inLanguage\":\"en-US\",\"potentialAction\":[{\"@type\":\"ReadAction\",\"target\":[\"https:\/\/traksler.co\/spatule-za-kuvanje\/\"]}]},{\"@type\":\"ImageObject\",\"inLanguage\":\"en-US\",\"@id\":\"https:\/\/traksler.co\/spatule-za-kuvanje\/#primaryimage\",\"url\":\"http:\/\/traksler.co\/wp-content\/uploads\/2019\/06\/spatula-3-crop.jpg\",\"contentUrl\":\"http:\/\/traksler.co\/wp-content\/uploads\/2019\/06\/spatula-3-crop.jpg\"},{\"@type\":\"BreadcrumbList\",\"@id\":\"https:\/\/traksler.co\/spatule-za-kuvanje\/#breadcrumb\",\"itemListElement\":[{\"@type\":\"ListItem\",\"position\":1,\"name\":\"Home\",\"item\":\"https:\/\/traksler.co\/\"},{\"@type\":\"ListItem\",\"position\":2,\"name\":\"\u0161patule za kuvanje\"}]},{\"@type\":\"WebSite\",\"@id\":\"https:\/\/traksler.co\/#website\",\"url\":\"https:\/\/traksler.co\/\",\"name\":\"traksler\",\"description\":\"wood products\",\"publisher\":{\"@id\":\"https:\/\/traksler.co\/#organization\"},\"potentialAction\":[{\"@type\":\"SearchAction\",\"target\":{\"@type\":\"EntryPoint\",\"urlTemplate\":\"https:\/\/traksler.co\/?s={search_term_string}\"},\"query-input\":{\"@type\":\"PropertyValueSpecification\",\"valueRequired\":true,\"valueName\":\"search_term_string\"}}],\"inLanguage\":\"en-US\"},{\"@type\":\"Organization\",\"@id\":\"https:\/\/traksler.co\/#organization\",\"name\":\"traksler\",\"url\":\"https:\/\/traksler.co\/\",\"logo\":{\"@type\":\"ImageObject\",\"inLanguage\":\"en-US\",\"@id\":\"https:\/\/traksler.co\/#\/schema\/logo\/image\/\",\"url\":\"https:\/\/traksler.co\/wp-content\/uploads\/2019\/01\/vertikalni.jpg\",\"contentUrl\":\"https:\/\/traksler.co\/wp-content\/uploads\/2019\/01\/vertikalni.jpg\",\"width\":2158,\"height\":2494,\"caption\":\"traksler\"},\"image\":{\"@id\":\"https:\/\/traksler.co\/#\/schema\/logo\/image\/\"},\"sameAs\":[\"https:\/\/www.facebook.com\/trakslershapeswood\/\",\"https:\/\/www.instagram.com\/traksler_shapeswood\/\"]}]}<\/script>\n<!-- \/ Yoast SEO plugin. -->","yoast_head_json":{"title":"\u0161patule za kuvanje - traksler","robots":{"index":"index","follow":"follow","max-snippet":"max-snippet:-1","max-image-preview":"max-image-preview:large","max-video-preview":"max-video-preview:-1"},"canonical":"https:\/\/traksler.co\/en\/spatule-za-kuvanje\/","og_locale":"en_US","og_type":"article","og_title":"\u0161patule za kuvanje - traksler","og_description":"\u0161patule za kuvanje \u0161patule za kuvanje se prave ru\u010dno iz jednog komada drveta, u ponudi je \u0161ljiva, tre\u0161nja I orah. Za\u0161ti\u0107ene su prirodnim uljem sertifikovanim za direktan kontakt sa hranom. dimenzije: dimezije spatula variraju u zavisnosti od odabranog drveta. du\u017eina je oko 36cm a \u0161irina u naj\u0161irem delu oko 6cm.","og_url":"https:\/\/traksler.co\/en\/spatule-za-kuvanje\/","og_site_name":"traksler","article_publisher":"https:\/\/www.facebook.com\/trakslershapeswood\/","article_modified_time":"2019-06-21T09:10:00+00:00","og_image":[{"url":"http:\/\/traksler.co\/wp-content\/uploads\/2019\/06\/spatula-3-crop.jpg","type":"","width":"","height":""}],"twitter_card":"summary_large_image","schema":{"@context":"https:\/\/schema.org","@graph":[{"@type":"WebPage","@id":"https:\/\/traksler.co\/spatule-za-kuvanje\/","url":"https:\/\/traksler.co\/spatule-za-kuvanje\/","name":"\u0161patule za kuvanje - traksler","isPartOf":{"@id":"https:\/\/traksler.co\/#website"},"primaryImageOfPage":{"@id":"https:\/\/traksler.co\/spatule-za-kuvanje\/#primaryimage"},"image":{"@id":"https:\/\/traksler.co\/spatule-za-kuvanje\/#primaryimage"},"thumbnailUrl":"http:\/\/traksler.co\/wp-content\/uploads\/2019\/06\/spatula-3-crop.jpg","datePublished":"2019-06-12T13:34:27+00:00","dateModified":"2019-06-21T09:10:00+00:00","breadcrumb":{"@id":"https:\/\/traksler.co\/spatule-za-kuvanje\/#breadcrumb"},"inLanguage":"en-US","potentialAction":[{"@type":"ReadAction","target":["https:\/\/traksler.co\/spatule-za-kuvanje\/"]}]},{"@type":"ImageObject","inLanguage":"en-US","@id":"https:\/\/traksler.co\/spatule-za-kuvanje\/#primaryimage","url":"http:\/\/traksler.co\/wp-content\/uploads\/2019\/06\/spatula-3-crop.jpg","contentUrl":"http:\/\/traksler.co\/wp-content\/uploads\/2019\/06\/spatula-3-crop.jpg"},{"@type":"BreadcrumbList","@id":"https:\/\/traksler.co\/spatule-za-kuvanje\/#breadcrumb","itemListElement":[{"@type":"ListItem","position":1,"name":"Home","item":"https:\/\/traksler.co\/"},{"@type":"ListItem","position":2,"name":"\u0161patule za kuvanje"}]},{"@type":"WebSite","@id":"https:\/\/traksler.co\/#website","url":"https:\/\/traksler.co\/","name":"traksler","description":"wood products","publisher":{"@id":"https:\/\/traksler.co\/#organization"},"potentialAction":[{"@type":"SearchAction","target":{"@type":"EntryPoint","urlTemplate":"https:\/\/traksler.co\/?s={search_term_string}"},"query-input":{"@type":"PropertyValueSpecification","valueRequired":true,"valueName":"search_term_string"}}],"inLanguage":"en-US"},{"@type":"Organization","@id":"https:\/\/traksler.co\/#organization","name":"traksler","url":"https:\/\/traksler.co\/","logo":{"@type":"ImageObject","inLanguage":"en-US","@id":"https:\/\/traksler.co\/#\/schema\/logo\/image\/","url":"https:\/\/traksler.co\/wp-content\/uploads\/2019\/01\/vertikalni.jpg","contentUrl":"https:\/\/traksler.co\/wp-content\/uploads\/2019\/01\/vertikalni.jpg","width":2158,"height":2494,"caption":"traksler"},"image":{"@id":"https:\/\/traksler.co\/#\/schema\/logo\/image\/"},"sameAs":["https:\/\/www.facebook.com\/trakslershapeswood\/","https:\/\/www.instagram.com\/traksler_shapeswood\/"]}]}},"_links":{"self":[{"href":"https:\/\/traksler.co\/en\/wp-json\/wp\/v2\/pages\/757","targetHints":{"allow":["GET"]}}],"collection":[{"href":"https:\/\/traksler.co\/en\/wp-json\/wp\/v2\/pages"}],"about":[{"href":"https:\/\/traksler.co\/en\/wp-json\/wp\/v2\/types\/page"}],"author":[{"embeddable":true,"href":"https:\/\/traksler.co\/en\/wp-json\/wp\/v2\/users\/1"}],"replies":[{"embeddable":true,"href":"https:\/\/traksler.co\/en\/wp-json\/wp\/v2\/comments?post=757"}],"version-history":[{"count":7,"href":"https:\/\/traksler.co\/en\/wp-json\/wp\/v2\/pages\/757\/revisions"}],"predecessor-version":[{"id":949,"href":"https:\/\/traksler.co\/en\/wp-json\/wp\/v2\/pages\/757\/revisions\/949"}],"wp:attachment":[{"href":"https:\/\/traksler.co\/en\/wp-json\/wp\/v2\/media?parent=757"}],"curies":[{"name":"wp","href":"https:\/\/api.w.org\/{rel}","templated":true}]}}