{"id":763,"date":"2019-06-12T13:39:43","date_gmt":"2019-06-12T13:39:43","guid":{"rendered":"http:\/\/traksler.co\/?page_id=763"},"modified":"2019-06-21T07:49:23","modified_gmt":"2019-06-21T07:49:23","slug":"ovalni-platoi-za-serviranje-hrane","status":"publish","type":"page","link":"https:\/\/traksler.co\/en\/ovalni-platoi-za-serviranje-hrane\/","title":{"rendered":"oval plateau"},"content":{"rendered":"<div data-elementor-type=\"wp-post\" data-elementor-id=\"763\" class=\"elementor elementor-763\">\n\t\t\t\t\t\t<section class=\"elementor-section elementor-top-section elementor-element elementor-element-982498c elementor-section-boxed elementor-section-height-default elementor-section-height-default\" data-id=\"982498c\" data-element_type=\"section\">\n\t\t\t\t\t\t<div class=\"elementor-container elementor-column-gap-default\">\n\t\t\t\t\t<div class=\"elementor-column elementor-col-100 elementor-top-column elementor-element elementor-element-470d851\" data-id=\"470d851\" data-element_type=\"column\">\n\t\t\t<div class=\"elementor-widget-wrap elementor-element-populated\">\n\t\t\t\t\t\t<div class=\"elementor-element elementor-element-b0d78cd elementor-widget elementor-widget-spacer\" data-id=\"b0d78cd\" data-element_type=\"widget\" data-widget_type=\"spacer.default\">\n\t\t\t\t<div class=\"elementor-widget-container\">\n\t\t\t\t\t\t\t<div class=\"elementor-spacer\">\n\t\t\t<div class=\"elementor-spacer-inner\"><\/div>\n\t\t<\/div>\n\t\t\t\t\t\t<\/div>\n\t\t\t\t<\/div>\n\t\t\t\t<div class=\"elementor-element elementor-element-4d5f937 elementor-invisible elementor-widget elementor-widget-heading\" data-id=\"4d5f937\" data-element_type=\"widget\" data-settings=\"{&quot;_animation&quot;:&quot;fadeIn&quot;}\" data-widget_type=\"heading.default\">\n\t\t\t\t<div class=\"elementor-widget-container\">\n\t\t\t\t\t<h2 class=\"elementor-heading-title elementor-size-default\">oval plateau<\/h2>\t\t\t\t<\/div>\n\t\t\t\t<\/div>\n\t\t\t\t<div class=\"elementor-element elementor-element-3f88538 elementor-widget elementor-widget-spacer\" data-id=\"3f88538\" data-element_type=\"widget\" data-widget_type=\"spacer.default\">\n\t\t\t\t<div class=\"elementor-widget-container\">\n\t\t\t\t\t\t\t<div class=\"elementor-spacer\">\n\t\t\t<div class=\"elementor-spacer-inner\"><\/div>\n\t\t<\/div>\n\t\t\t\t\t\t<\/div>\n\t\t\t\t<\/div>\n\t\t\t\t\t<\/div>\n\t\t<\/div>\n\t\t\t\t\t<\/div>\n\t\t<\/section>\n\t\t\t\t<section class=\"elementor-section elementor-top-section elementor-element elementor-element-0ca1e9a elementor-section-boxed elementor-section-height-default elementor-section-height-default elementor-invisible\" data-id=\"0ca1e9a\" data-element_type=\"section\" data-settings=\"{&quot;animation&quot;:&quot;fadeIn&quot;}\">\n\t\t\t\t\t\t<div class=\"elementor-container elementor-column-gap-default\">\n\t\t\t\t\t<div class=\"elementor-column elementor-col-50 elementor-top-column elementor-element elementor-element-8c441ec\" data-id=\"8c441ec\" data-element_type=\"column\">\n\t\t\t<div class=\"elementor-widget-wrap elementor-element-populated\">\n\t\t\t\t\t\t<div class=\"elementor-element elementor-element-4984ad9 elementor-widget elementor-widget-image-gallery\" data-id=\"4984ad9\" data-element_type=\"widget\" data-widget_type=\"image-gallery.default\">\n\t\t\t\t<div class=\"elementor-widget-container\">\n\t\t\t\t\t\t\t<div class=\"elementor-image-gallery\">\n\t\t\t<div id='gallery-1' class='gallery galleryid-763 gallery-columns-1 gallery-size-full'><figure class='gallery-item'>\n\t\t\t<div class='gallery-icon landscape'>\n\t\t\t\t<a data-elementor-open-lightbox=\"yes\" data-elementor-lightbox-slideshow=\"4984ad9\" data-elementor-lightbox-title=\"ovalni-plato\" data-e-action-hash=\"#elementor-action%3Aaction%3Dlightbox%26settings%3DeyJpZCI6OTA2LCJ1cmwiOiJodHRwczpcL1wvdHJha3NsZXIuY29cL3dwLWNvbnRlbnRcL3VwbG9hZHNcLzIwMTlcLzA2XC9vdmFsbmktcGxhdG8uanBnIiwic2xpZGVzaG93IjoiNDk4NGFkOSJ9\" href='https:\/\/traksler.co\/wp-content\/uploads\/2019\/06\/ovalni-plato.jpg'><img fetchpriority=\"high\" decoding=\"async\" width=\"1980\" height=\"1050\" src=\"https:\/\/traksler.co\/wp-content\/uploads\/2019\/06\/ovalni-plato.jpg\" class=\"attachment-full size-full\" alt=\"\" srcset=\"https:\/\/traksler.co\/wp-content\/uploads\/2019\/06\/ovalni-plato.jpg 1980w, https:\/\/traksler.co\/wp-content\/uploads\/2019\/06\/ovalni-plato-300x159.jpg 300w, https:\/\/traksler.co\/wp-content\/uploads\/2019\/06\/ovalni-plato-768x407.jpg 768w, https:\/\/traksler.co\/wp-content\/uploads\/2019\/06\/ovalni-plato-1024x543.jpg 1024w, https:\/\/traksler.co\/wp-content\/uploads\/2019\/06\/ovalni-plato-600x318.jpg 600w\" sizes=\"(max-width: 1980px) 100vw, 1980px\" \/><\/a>\n\t\t\t<\/div><\/figure><figure class='gallery-item'>\n\t\t\t<div class='gallery-icon landscape'>\n\t\t\t\t<a data-elementor-open-lightbox=\"yes\" data-elementor-lightbox-slideshow=\"4984ad9\" data-elementor-lightbox-title=\"IMG_0382\" data-e-action-hash=\"#elementor-action%3Aaction%3Dlightbox%26settings%3DeyJpZCI6ODQ0LCJ1cmwiOiJodHRwczpcL1wvdHJha3NsZXIuY29cL3dwLWNvbnRlbnRcL3VwbG9hZHNcLzIwMTlcLzA2XC9JTUdfMDM4Mi0xLmpwZyIsInNsaWRlc2hvdyI6IjQ5ODRhZDkifQ%3D%3D\" href='https:\/\/traksler.co\/wp-content\/uploads\/2019\/06\/IMG_0382-1.jpg'><img decoding=\"async\" width=\"1980\" height=\"1250\" src=\"https:\/\/traksler.co\/wp-content\/uploads\/2019\/06\/IMG_0382-1.jpg\" class=\"attachment-full size-full\" alt=\"\" srcset=\"https:\/\/traksler.co\/wp-content\/uploads\/2019\/06\/IMG_0382-1.jpg 1980w, https:\/\/traksler.co\/wp-content\/uploads\/2019\/06\/IMG_0382-1-300x189.jpg 300w, https:\/\/traksler.co\/wp-content\/uploads\/2019\/06\/IMG_0382-1-768x485.jpg 768w, https:\/\/traksler.co\/wp-content\/uploads\/2019\/06\/IMG_0382-1-1024x646.jpg 1024w, https:\/\/traksler.co\/wp-content\/uploads\/2019\/06\/IMG_0382-1-600x379.jpg 600w\" sizes=\"(max-width: 1980px) 100vw, 1980px\" \/><\/a>\n\t\t\t<\/div><\/figure><figure class='gallery-item'>\n\t\t\t<div class='gallery-icon landscape'>\n\t\t\t\t<a data-elementor-open-lightbox=\"yes\" data-elementor-lightbox-slideshow=\"4984ad9\" data-elementor-lightbox-title=\"IMG_0383\" data-e-action-hash=\"#elementor-action%3Aaction%3Dlightbox%26settings%3DeyJpZCI6ODQzLCJ1cmwiOiJodHRwczpcL1wvdHJha3NsZXIuY29cL3dwLWNvbnRlbnRcL3VwbG9hZHNcLzIwMTlcLzA2XC9JTUdfMDM4My0xLmpwZyIsInNsaWRlc2hvdyI6IjQ5ODRhZDkifQ%3D%3D\" href='https:\/\/traksler.co\/wp-content\/uploads\/2019\/06\/IMG_0383-1.jpg'><img decoding=\"async\" width=\"1980\" height=\"1320\" src=\"https:\/\/traksler.co\/wp-content\/uploads\/2019\/06\/IMG_0383-1.jpg\" class=\"attachment-full size-full\" alt=\"\" srcset=\"https:\/\/traksler.co\/wp-content\/uploads\/2019\/06\/IMG_0383-1.jpg 1980w, https:\/\/traksler.co\/wp-content\/uploads\/2019\/06\/IMG_0383-1-300x200.jpg 300w, https:\/\/traksler.co\/wp-content\/uploads\/2019\/06\/IMG_0383-1-768x512.jpg 768w, https:\/\/traksler.co\/wp-content\/uploads\/2019\/06\/IMG_0383-1-1024x683.jpg 1024w, https:\/\/traksler.co\/wp-content\/uploads\/2019\/06\/IMG_0383-1-600x400.jpg 600w\" sizes=\"(max-width: 1980px) 100vw, 1980px\" \/><\/a>\n\t\t\t<\/div><\/figure><figure class='gallery-item'>\n\t\t\t<div class='gallery-icon portrait'>\n\t\t\t\t<a data-elementor-open-lightbox=\"yes\" data-elementor-lightbox-slideshow=\"4984ad9\" data-elementor-lightbox-title=\"0-02-05-aa7efd50d00f0c4f63eb2bea674bbda2718355e96e6c0bc74e8f30e8b7107592_3f3d7d8d\" data-e-action-hash=\"#elementor-action%3Aaction%3Dlightbox%26settings%3DeyJpZCI6ODY4LCJ1cmwiOiJodHRwczpcL1wvdHJha3NsZXIuY29cL3dwLWNvbnRlbnRcL3VwbG9hZHNcLzIwMTlcLzA2XC8wLTAyLTA1LWFhN2VmZDUwZDAwZjBjNGY2M2ViMmJlYTY3NGJiZGEyNzE4MzU1ZTk2ZTZjMGJjNzRlOGYzMGU4YjcxMDc1OTJfM2YzZDdkOGQtMS5qcGciLCJzbGlkZXNob3ciOiI0OTg0YWQ5In0%3D\" href='https:\/\/traksler.co\/wp-content\/uploads\/2019\/06\/0-02-05-aa7efd50d00f0c4f63eb2bea674bbda2718355e96e6c0bc74e8f30e8b7107592_3f3d7d8d-1.jpg'><img loading=\"lazy\" decoding=\"async\" width=\"1180\" height=\"1280\" src=\"https:\/\/traksler.co\/wp-content\/uploads\/2019\/06\/0-02-05-aa7efd50d00f0c4f63eb2bea674bbda2718355e96e6c0bc74e8f30e8b7107592_3f3d7d8d-1.jpg\" class=\"attachment-full size-full\" alt=\"\" srcset=\"https:\/\/traksler.co\/wp-content\/uploads\/2019\/06\/0-02-05-aa7efd50d00f0c4f63eb2bea674bbda2718355e96e6c0bc74e8f30e8b7107592_3f3d7d8d-1.jpg 1180w, https:\/\/traksler.co\/wp-content\/uploads\/2019\/06\/0-02-05-aa7efd50d00f0c4f63eb2bea674bbda2718355e96e6c0bc74e8f30e8b7107592_3f3d7d8d-1-277x300.jpg 277w, https:\/\/traksler.co\/wp-content\/uploads\/2019\/06\/0-02-05-aa7efd50d00f0c4f63eb2bea674bbda2718355e96e6c0bc74e8f30e8b7107592_3f3d7d8d-1-768x833.jpg 768w, https:\/\/traksler.co\/wp-content\/uploads\/2019\/06\/0-02-05-aa7efd50d00f0c4f63eb2bea674bbda2718355e96e6c0bc74e8f30e8b7107592_3f3d7d8d-1-944x1024.jpg 944w, https:\/\/traksler.co\/wp-content\/uploads\/2019\/06\/0-02-05-aa7efd50d00f0c4f63eb2bea674bbda2718355e96e6c0bc74e8f30e8b7107592_3f3d7d8d-1-600x651.jpg 600w\" sizes=\"(max-width: 1180px) 100vw, 1180px\" \/><\/a>\n\t\t\t<\/div><\/figure>\n\t\t<\/div>\n\t\t<\/div>\n\t\t\t\t\t\t<\/div>\n\t\t\t\t<\/div>\n\t\t\t\t\t<\/div>\n\t\t<\/div>\n\t\t\t\t<div class=\"elementor-column elementor-col-50 elementor-top-column elementor-element elementor-element-b6d572e elementor-hidden-phone\" data-id=\"b6d572e\" data-element_type=\"column\">\n\t\t\t<div class=\"elementor-widget-wrap elementor-element-populated\">\n\t\t\t\t\t\t<div class=\"elementor-element elementor-element-68a94b2 elementor-widget elementor-widget-image\" data-id=\"68a94b2\" data-element_type=\"widget\" data-widget_type=\"image.default\">\n\t\t\t\t<div class=\"elementor-widget-container\">\n\t\t\t\t\t\t\t\t\t\t\t\t\t\t\t<img loading=\"lazy\" decoding=\"async\" width=\"1024\" height=\"646\" src=\"https:\/\/traksler.co\/wp-content\/uploads\/2019\/06\/IMG_0382-1-1024x646.jpg\" class=\"attachment-large size-large wp-image-844\" alt=\"\" srcset=\"https:\/\/traksler.co\/wp-content\/uploads\/2019\/06\/IMG_0382-1-1024x646.jpg 1024w, https:\/\/traksler.co\/wp-content\/uploads\/2019\/06\/IMG_0382-1-300x189.jpg 300w, https:\/\/traksler.co\/wp-content\/uploads\/2019\/06\/IMG_0382-1-768x485.jpg 768w, https:\/\/traksler.co\/wp-content\/uploads\/2019\/06\/IMG_0382-1-600x379.jpg 600w, https:\/\/traksler.co\/wp-content\/uploads\/2019\/06\/IMG_0382-1.jpg 1980w\" sizes=\"(max-width: 1024px) 100vw, 1024px\" \/>\t\t\t\t\t\t\t\t\t\t\t\t\t\t\t<\/div>\n\t\t\t\t<\/div>\n\t\t\t\t\t<\/div>\n\t\t<\/div>\n\t\t\t\t\t<\/div>\n\t\t<\/section>\n\t\t\t\t<section class=\"elementor-section elementor-top-section elementor-element elementor-element-6b0de3d elementor-section-boxed elementor-section-height-default elementor-section-height-default\" data-id=\"6b0de3d\" data-element_type=\"section\">\n\t\t\t\t\t\t<div class=\"elementor-container elementor-column-gap-default\">\n\t\t\t\t\t<div class=\"elementor-column elementor-col-100 elementor-top-column elementor-element elementor-element-e0dc32c\" data-id=\"e0dc32c\" data-element_type=\"column\">\n\t\t\t<div class=\"elementor-widget-wrap elementor-element-populated\">\n\t\t\t\t\t\t<div class=\"elementor-element elementor-element-cc891a8 elementor-widget elementor-widget-text-editor\" data-id=\"cc891a8\" data-element_type=\"widget\" data-widget_type=\"text-editor.default\">\n\t\t\t\t<div class=\"elementor-widget-container\">\n\t\t\t\t\t\t\t\t\t<p>food serving oval plateau is made from one piece of wood nuts, cherries, oaks... they are protected by natural oil certified for direct contact with food.<\/p><p>dimensions: there are two types of the plateau: length 60cm, width at it's the widest part 15cm and length 49cm, width at it's widest part 9.5cm.<\/p>\t\t\t\t\t\t\t\t<\/div>\n\t\t\t\t<\/div>\n\t\t\t\t\t<\/div>\n\t\t<\/div>\n\t\t\t\t\t<\/div>\n\t\t<\/section>\n\t\t\t\t<\/div>","protected":false},"excerpt":{"rendered":"<p>ovalni platoi za serviranje hrane ovalni platoi za serviranje hrane prave iz jednog komada drveta oraha, tre\u0161nje, hrasta&#8230; za\u0161ti\u0107eni su prirodnim uljem sertifikovanim za direktan kontakt sa hranom. dimenzije: u ponudi su dve dimenzije platoa. du\u017eina 60cm, \u0161irina u naj\u0161irem delu 15cm i du\u017eina 49cm, \u0161irina u naj\u0161irem delu 9,5cm.<\/p>","protected":false},"author":1,"featured_media":0,"parent":0,"menu_order":0,"comment_status":"closed","ping_status":"closed","template":"","meta":{"ngg_post_thumbnail":0,"footnotes":""},"class_list":["post-763","page","type-page","status-publish","hentry"],"yoast_head":"<!-- This site is optimized with the Yoast SEO plugin v27.2 - https:\/\/yoast.com\/product\/yoast-seo-wordpress\/ -->\n<title>ovalni platoi za serviranje hrane - traksler<\/title>\n<meta name=\"robots\" content=\"index, follow, max-snippet:-1, max-image-preview:large, max-video-preview:-1\" \/>\n<link rel=\"canonical\" href=\"https:\/\/traksler.co\/en\/ovalni-platoi-za-serviranje-hrane\/\" \/>\n<meta property=\"og:locale\" content=\"en_US\" \/>\n<meta property=\"og:type\" content=\"article\" \/>\n<meta property=\"og:title\" content=\"ovalni platoi za serviranje hrane - traksler\" \/>\n<meta property=\"og:description\" content=\"ovalni platoi za serviranje hrane ovalni platoi za serviranje hrane prave iz jednog komada drveta oraha, tre\u0161nje, hrasta&#8230; za\u0161ti\u0107eni su prirodnim uljem sertifikovanim za direktan kontakt sa hranom. dimenzije: u ponudi su dve dimenzije platoa. du\u017eina 60cm, \u0161irina u naj\u0161irem delu 15cm i du\u017eina 49cm, \u0161irina u naj\u0161irem delu 9,5cm.\" \/>\n<meta property=\"og:url\" content=\"https:\/\/traksler.co\/en\/ovalni-platoi-za-serviranje-hrane\/\" \/>\n<meta property=\"og:site_name\" content=\"traksler\" \/>\n<meta property=\"article:publisher\" content=\"https:\/\/www.facebook.com\/trakslershapeswood\/\" \/>\n<meta property=\"article:modified_time\" content=\"2019-06-21T07:49:23+00:00\" \/>\n<meta property=\"og:image\" content=\"http:\/\/traksler.co\/wp-content\/uploads\/2019\/06\/ovalni-plato.jpg\" \/>\n<meta name=\"twitter:card\" content=\"summary_large_image\" \/>\n<script type=\"application\/ld+json\" class=\"yoast-schema-graph\">{\"@context\":\"https:\/\/schema.org\",\"@graph\":[{\"@type\":\"WebPage\",\"@id\":\"https:\/\/traksler.co\/ovalni-platoi-za-serviranje-hrane\/\",\"url\":\"https:\/\/traksler.co\/ovalni-platoi-za-serviranje-hrane\/\",\"name\":\"ovalni platoi za serviranje hrane - traksler\",\"isPartOf\":{\"@id\":\"https:\/\/traksler.co\/#website\"},\"primaryImageOfPage\":{\"@id\":\"https:\/\/traksler.co\/ovalni-platoi-za-serviranje-hrane\/#primaryimage\"},\"image\":{\"@id\":\"https:\/\/traksler.co\/ovalni-platoi-za-serviranje-hrane\/#primaryimage\"},\"thumbnailUrl\":\"http:\/\/traksler.co\/wp-content\/uploads\/2019\/06\/ovalni-plato.jpg\",\"datePublished\":\"2019-06-12T13:39:43+00:00\",\"dateModified\":\"2019-06-21T07:49:23+00:00\",\"breadcrumb\":{\"@id\":\"https:\/\/traksler.co\/ovalni-platoi-za-serviranje-hrane\/#breadcrumb\"},\"inLanguage\":\"en-US\",\"potentialAction\":[{\"@type\":\"ReadAction\",\"target\":[\"https:\/\/traksler.co\/ovalni-platoi-za-serviranje-hrane\/\"]}]},{\"@type\":\"ImageObject\",\"inLanguage\":\"en-US\",\"@id\":\"https:\/\/traksler.co\/ovalni-platoi-za-serviranje-hrane\/#primaryimage\",\"url\":\"http:\/\/traksler.co\/wp-content\/uploads\/2019\/06\/ovalni-plato.jpg\",\"contentUrl\":\"http:\/\/traksler.co\/wp-content\/uploads\/2019\/06\/ovalni-plato.jpg\"},{\"@type\":\"BreadcrumbList\",\"@id\":\"https:\/\/traksler.co\/ovalni-platoi-za-serviranje-hrane\/#breadcrumb\",\"itemListElement\":[{\"@type\":\"ListItem\",\"position\":1,\"name\":\"Home\",\"item\":\"https:\/\/traksler.co\/\"},{\"@type\":\"ListItem\",\"position\":2,\"name\":\"ovalni platoi za serviranje hrane\"}]},{\"@type\":\"WebSite\",\"@id\":\"https:\/\/traksler.co\/#website\",\"url\":\"https:\/\/traksler.co\/\",\"name\":\"traksler\",\"description\":\"wood products\",\"publisher\":{\"@id\":\"https:\/\/traksler.co\/#organization\"},\"potentialAction\":[{\"@type\":\"SearchAction\",\"target\":{\"@type\":\"EntryPoint\",\"urlTemplate\":\"https:\/\/traksler.co\/?s={search_term_string}\"},\"query-input\":{\"@type\":\"PropertyValueSpecification\",\"valueRequired\":true,\"valueName\":\"search_term_string\"}}],\"inLanguage\":\"en-US\"},{\"@type\":\"Organization\",\"@id\":\"https:\/\/traksler.co\/#organization\",\"name\":\"traksler\",\"url\":\"https:\/\/traksler.co\/\",\"logo\":{\"@type\":\"ImageObject\",\"inLanguage\":\"en-US\",\"@id\":\"https:\/\/traksler.co\/#\/schema\/logo\/image\/\",\"url\":\"https:\/\/traksler.co\/wp-content\/uploads\/2019\/01\/vertikalni.jpg\",\"contentUrl\":\"https:\/\/traksler.co\/wp-content\/uploads\/2019\/01\/vertikalni.jpg\",\"width\":2158,\"height\":2494,\"caption\":\"traksler\"},\"image\":{\"@id\":\"https:\/\/traksler.co\/#\/schema\/logo\/image\/\"},\"sameAs\":[\"https:\/\/www.facebook.com\/trakslershapeswood\/\",\"https:\/\/www.instagram.com\/traksler_shapeswood\/\"]}]}<\/script>\n<!-- \/ Yoast SEO plugin. -->","yoast_head_json":{"title":"ovalni platoi za serviranje hrane - traksler","robots":{"index":"index","follow":"follow","max-snippet":"max-snippet:-1","max-image-preview":"max-image-preview:large","max-video-preview":"max-video-preview:-1"},"canonical":"https:\/\/traksler.co\/en\/ovalni-platoi-za-serviranje-hrane\/","og_locale":"en_US","og_type":"article","og_title":"ovalni platoi za serviranje hrane - traksler","og_description":"ovalni platoi za serviranje hrane ovalni platoi za serviranje hrane prave iz jednog komada drveta oraha, tre\u0161nje, hrasta&#8230; za\u0161ti\u0107eni su prirodnim uljem sertifikovanim za direktan kontakt sa hranom. dimenzije: u ponudi su dve dimenzije platoa. du\u017eina 60cm, \u0161irina u naj\u0161irem delu 15cm i du\u017eina 49cm, \u0161irina u naj\u0161irem delu 9,5cm.","og_url":"https:\/\/traksler.co\/en\/ovalni-platoi-za-serviranje-hrane\/","og_site_name":"traksler","article_publisher":"https:\/\/www.facebook.com\/trakslershapeswood\/","article_modified_time":"2019-06-21T07:49:23+00:00","og_image":[{"url":"http:\/\/traksler.co\/wp-content\/uploads\/2019\/06\/ovalni-plato.jpg","type":"","width":"","height":""}],"twitter_card":"summary_large_image","schema":{"@context":"https:\/\/schema.org","@graph":[{"@type":"WebPage","@id":"https:\/\/traksler.co\/ovalni-platoi-za-serviranje-hrane\/","url":"https:\/\/traksler.co\/ovalni-platoi-za-serviranje-hrane\/","name":"ovalni platoi za serviranje hrane - traksler","isPartOf":{"@id":"https:\/\/traksler.co\/#website"},"primaryImageOfPage":{"@id":"https:\/\/traksler.co\/ovalni-platoi-za-serviranje-hrane\/#primaryimage"},"image":{"@id":"https:\/\/traksler.co\/ovalni-platoi-za-serviranje-hrane\/#primaryimage"},"thumbnailUrl":"http:\/\/traksler.co\/wp-content\/uploads\/2019\/06\/ovalni-plato.jpg","datePublished":"2019-06-12T13:39:43+00:00","dateModified":"2019-06-21T07:49:23+00:00","breadcrumb":{"@id":"https:\/\/traksler.co\/ovalni-platoi-za-serviranje-hrane\/#breadcrumb"},"inLanguage":"en-US","potentialAction":[{"@type":"ReadAction","target":["https:\/\/traksler.co\/ovalni-platoi-za-serviranje-hrane\/"]}]},{"@type":"ImageObject","inLanguage":"en-US","@id":"https:\/\/traksler.co\/ovalni-platoi-za-serviranje-hrane\/#primaryimage","url":"http:\/\/traksler.co\/wp-content\/uploads\/2019\/06\/ovalni-plato.jpg","contentUrl":"http:\/\/traksler.co\/wp-content\/uploads\/2019\/06\/ovalni-plato.jpg"},{"@type":"BreadcrumbList","@id":"https:\/\/traksler.co\/ovalni-platoi-za-serviranje-hrane\/#breadcrumb","itemListElement":[{"@type":"ListItem","position":1,"name":"Home","item":"https:\/\/traksler.co\/"},{"@type":"ListItem","position":2,"name":"ovalni platoi za serviranje hrane"}]},{"@type":"WebSite","@id":"https:\/\/traksler.co\/#website","url":"https:\/\/traksler.co\/","name":"traksler","description":"wood products","publisher":{"@id":"https:\/\/traksler.co\/#organization"},"potentialAction":[{"@type":"SearchAction","target":{"@type":"EntryPoint","urlTemplate":"https:\/\/traksler.co\/?s={search_term_string}"},"query-input":{"@type":"PropertyValueSpecification","valueRequired":true,"valueName":"search_term_string"}}],"inLanguage":"en-US"},{"@type":"Organization","@id":"https:\/\/traksler.co\/#organization","name":"traksler","url":"https:\/\/traksler.co\/","logo":{"@type":"ImageObject","inLanguage":"en-US","@id":"https:\/\/traksler.co\/#\/schema\/logo\/image\/","url":"https:\/\/traksler.co\/wp-content\/uploads\/2019\/01\/vertikalni.jpg","contentUrl":"https:\/\/traksler.co\/wp-content\/uploads\/2019\/01\/vertikalni.jpg","width":2158,"height":2494,"caption":"traksler"},"image":{"@id":"https:\/\/traksler.co\/#\/schema\/logo\/image\/"},"sameAs":["https:\/\/www.facebook.com\/trakslershapeswood\/","https:\/\/www.instagram.com\/traksler_shapeswood\/"]}]}},"_links":{"self":[{"href":"https:\/\/traksler.co\/en\/wp-json\/wp\/v2\/pages\/763","targetHints":{"allow":["GET"]}}],"collection":[{"href":"https:\/\/traksler.co\/en\/wp-json\/wp\/v2\/pages"}],"about":[{"href":"https:\/\/traksler.co\/en\/wp-json\/wp\/v2\/types\/page"}],"author":[{"embeddable":true,"href":"https:\/\/traksler.co\/en\/wp-json\/wp\/v2\/users\/1"}],"replies":[{"embeddable":true,"href":"https:\/\/traksler.co\/en\/wp-json\/wp\/v2\/comments?post=763"}],"version-history":[{"count":6,"href":"https:\/\/traksler.co\/en\/wp-json\/wp\/v2\/pages\/763\/revisions"}],"predecessor-version":[{"id":907,"href":"https:\/\/traksler.co\/en\/wp-json\/wp\/v2\/pages\/763\/revisions\/907"}],"wp:attachment":[{"href":"https:\/\/traksler.co\/en\/wp-json\/wp\/v2\/media?parent=763"}],"curies":[{"name":"wp","href":"https:\/\/api.w.org\/{rel}","templated":true}]}}