{"id":767,"date":"2019-06-12T13:44:39","date_gmt":"2019-06-12T13:44:39","guid":{"rendered":"http:\/\/traksler.co\/?page_id=767"},"modified":"2019-06-24T12:37:21","modified_gmt":"2019-06-24T12:37:21","slug":"korpice-za-hleb-i-escajg","status":"publish","type":"page","link":"https:\/\/traksler.co\/en\/korpice-za-hleb-i-escajg\/","title":{"rendered":"bread and cutlery basket"},"content":{"rendered":"<div data-elementor-type=\"wp-post\" data-elementor-id=\"767\" class=\"elementor elementor-767\">\n\t\t\t\t\t\t<section class=\"elementor-section elementor-top-section elementor-element elementor-element-8837de7 elementor-section-boxed elementor-section-height-default elementor-section-height-default\" data-id=\"8837de7\" data-element_type=\"section\">\n\t\t\t\t\t\t<div class=\"elementor-container elementor-column-gap-default\">\n\t\t\t\t\t<div class=\"elementor-column elementor-col-100 elementor-top-column elementor-element elementor-element-0519388\" data-id=\"0519388\" data-element_type=\"column\">\n\t\t\t<div class=\"elementor-widget-wrap elementor-element-populated\">\n\t\t\t\t\t\t<div class=\"elementor-element elementor-element-080d710 elementor-widget elementor-widget-spacer\" data-id=\"080d710\" data-element_type=\"widget\" data-widget_type=\"spacer.default\">\n\t\t\t\t<div class=\"elementor-widget-container\">\n\t\t\t\t\t\t\t<div class=\"elementor-spacer\">\n\t\t\t<div class=\"elementor-spacer-inner\"><\/div>\n\t\t<\/div>\n\t\t\t\t\t\t<\/div>\n\t\t\t\t<\/div>\n\t\t\t\t<div class=\"elementor-element elementor-element-02bba41 elementor-invisible elementor-widget elementor-widget-heading\" data-id=\"02bba41\" data-element_type=\"widget\" data-settings=\"{&quot;_animation&quot;:&quot;fadeIn&quot;}\" data-widget_type=\"heading.default\">\n\t\t\t\t<div class=\"elementor-widget-container\">\n\t\t\t\t\t<h2 class=\"elementor-heading-title elementor-size-default\">bread and cutlery basket<\/h2>\t\t\t\t<\/div>\n\t\t\t\t<\/div>\n\t\t\t\t<div class=\"elementor-element elementor-element-8cdd8d0 elementor-widget elementor-widget-spacer\" data-id=\"8cdd8d0\" data-element_type=\"widget\" data-widget_type=\"spacer.default\">\n\t\t\t\t<div class=\"elementor-widget-container\">\n\t\t\t\t\t\t\t<div class=\"elementor-spacer\">\n\t\t\t<div class=\"elementor-spacer-inner\"><\/div>\n\t\t<\/div>\n\t\t\t\t\t\t<\/div>\n\t\t\t\t<\/div>\n\t\t\t\t\t<\/div>\n\t\t<\/div>\n\t\t\t\t\t<\/div>\n\t\t<\/section>\n\t\t\t\t<section class=\"elementor-section elementor-top-section elementor-element elementor-element-70e96ff elementor-section-boxed elementor-section-height-default elementor-section-height-default elementor-invisible\" data-id=\"70e96ff\" data-element_type=\"section\" data-settings=\"{&quot;animation&quot;:&quot;fadeIn&quot;}\">\n\t\t\t\t\t\t<div class=\"elementor-container elementor-column-gap-default\">\n\t\t\t\t\t<div class=\"elementor-column elementor-col-50 elementor-top-column elementor-element elementor-element-85acbfe\" data-id=\"85acbfe\" data-element_type=\"column\">\n\t\t\t<div class=\"elementor-widget-wrap elementor-element-populated\">\n\t\t\t\t\t\t<div class=\"elementor-element elementor-element-1ce055d elementor-widget elementor-widget-image-gallery\" data-id=\"1ce055d\" data-element_type=\"widget\" data-widget_type=\"image-gallery.default\">\n\t\t\t\t<div class=\"elementor-widget-container\">\n\t\t\t\t\t\t\t<div class=\"elementor-image-gallery\">\n\t\t\t<div id='gallery-1' class='gallery galleryid-767 gallery-columns-1 gallery-size-full'><figure class='gallery-item'>\n\t\t\t<div class='gallery-icon landscape'>\n\t\t\t\t<a data-elementor-open-lightbox=\"yes\" data-elementor-lightbox-slideshow=\"1ce055d\" data-elementor-lightbox-title=\"korpica-za-hleb-3\" data-e-action-hash=\"#elementor-action%3Aaction%3Dlightbox%26settings%3DeyJpZCI6ODU2LCJ1cmwiOiJodHRwczpcL1wvdHJha3NsZXIuY29cL3dwLWNvbnRlbnRcL3VwbG9hZHNcLzIwMTlcLzA2XC9rb3JwaWNhLXphLWhsZWItMy0yLmpwZyIsInNsaWRlc2hvdyI6IjFjZTA1NWQifQ%3D%3D\" href='https:\/\/traksler.co\/wp-content\/uploads\/2019\/06\/korpica-za-hleb-3-2.jpg'><img fetchpriority=\"high\" decoding=\"async\" width=\"1980\" height=\"1385\" src=\"https:\/\/traksler.co\/wp-content\/uploads\/2019\/06\/korpica-za-hleb-3-2.jpg\" class=\"attachment-full size-full\" alt=\"\" srcset=\"https:\/\/traksler.co\/wp-content\/uploads\/2019\/06\/korpica-za-hleb-3-2.jpg 1980w, https:\/\/traksler.co\/wp-content\/uploads\/2019\/06\/korpica-za-hleb-3-2-300x210.jpg 300w, https:\/\/traksler.co\/wp-content\/uploads\/2019\/06\/korpica-za-hleb-3-2-768x537.jpg 768w, https:\/\/traksler.co\/wp-content\/uploads\/2019\/06\/korpica-za-hleb-3-2-1024x716.jpg 1024w, https:\/\/traksler.co\/wp-content\/uploads\/2019\/06\/korpica-za-hleb-3-2-600x420.jpg 600w\" sizes=\"(max-width: 1980px) 100vw, 1980px\" \/><\/a>\n\t\t\t<\/div><\/figure><figure class='gallery-item'>\n\t\t\t<div class='gallery-icon landscape'>\n\t\t\t\t<a data-elementor-open-lightbox=\"yes\" data-elementor-lightbox-slideshow=\"1ce055d\" data-elementor-lightbox-title=\"korpica-za-hleb-i-escajg\" data-e-action-hash=\"#elementor-action%3Aaction%3Dlightbox%26settings%3DeyJpZCI6ODU3LCJ1cmwiOiJodHRwczpcL1wvdHJha3NsZXIuY29cL3dwLWNvbnRlbnRcL3VwbG9hZHNcLzIwMTlcLzA2XC9rb3JwaWNhLXphLWhsZWItaS1lc2NhamcuanBnIiwic2xpZGVzaG93IjoiMWNlMDU1ZCJ9\" href='https:\/\/traksler.co\/wp-content\/uploads\/2019\/06\/korpica-za-hleb-i-escajg.jpg'><img decoding=\"async\" width=\"1980\" height=\"1315\" src=\"https:\/\/traksler.co\/wp-content\/uploads\/2019\/06\/korpica-za-hleb-i-escajg.jpg\" class=\"attachment-full size-full\" alt=\"\" srcset=\"https:\/\/traksler.co\/wp-content\/uploads\/2019\/06\/korpica-za-hleb-i-escajg.jpg 1980w, https:\/\/traksler.co\/wp-content\/uploads\/2019\/06\/korpica-za-hleb-i-escajg-300x199.jpg 300w, https:\/\/traksler.co\/wp-content\/uploads\/2019\/06\/korpica-za-hleb-i-escajg-768x510.jpg 768w, https:\/\/traksler.co\/wp-content\/uploads\/2019\/06\/korpica-za-hleb-i-escajg-1024x680.jpg 1024w, https:\/\/traksler.co\/wp-content\/uploads\/2019\/06\/korpica-za-hleb-i-escajg-600x398.jpg 600w\" sizes=\"(max-width: 1980px) 100vw, 1980px\" \/><\/a>\n\t\t\t<\/div><\/figure><figure class='gallery-item'>\n\t\t\t<div class='gallery-icon portrait'>\n\t\t\t\t<a data-elementor-open-lightbox=\"yes\" data-elementor-lightbox-slideshow=\"1ce055d\" data-elementor-lightbox-title=\"korpica-za-hleb-1\" data-e-action-hash=\"#elementor-action%3Aaction%3Dlightbox%26settings%3DeyJpZCI6ODU4LCJ1cmwiOiJodHRwczpcL1wvdHJha3NsZXIuY29cL3dwLWNvbnRlbnRcL3VwbG9hZHNcLzIwMTlcLzA2XC9rb3JwaWNhLXphLWhsZWItMS5qcGciLCJzbGlkZXNob3ciOiIxY2UwNTVkIn0%3D\" href='https:\/\/traksler.co\/wp-content\/uploads\/2019\/06\/korpica-za-hleb-1.jpg'><img decoding=\"async\" width=\"1200\" height=\"1807\" src=\"https:\/\/traksler.co\/wp-content\/uploads\/2019\/06\/korpica-za-hleb-1.jpg\" class=\"attachment-full size-full\" alt=\"\" srcset=\"https:\/\/traksler.co\/wp-content\/uploads\/2019\/06\/korpica-za-hleb-1.jpg 1200w, https:\/\/traksler.co\/wp-content\/uploads\/2019\/06\/korpica-za-hleb-1-199x300.jpg 199w, https:\/\/traksler.co\/wp-content\/uploads\/2019\/06\/korpica-za-hleb-1-768x1156.jpg 768w, https:\/\/traksler.co\/wp-content\/uploads\/2019\/06\/korpica-za-hleb-1-680x1024.jpg 680w, https:\/\/traksler.co\/wp-content\/uploads\/2019\/06\/korpica-za-hleb-1-600x904.jpg 600w\" sizes=\"(max-width: 1200px) 100vw, 1200px\" \/><\/a>\n\t\t\t<\/div><\/figure><figure class='gallery-item'>\n\t\t\t<div class='gallery-icon landscape'>\n\t\t\t\t<a data-elementor-open-lightbox=\"yes\" data-elementor-lightbox-slideshow=\"1ce055d\" data-elementor-lightbox-title=\"korpica-za-hleb-2\" data-e-action-hash=\"#elementor-action%3Aaction%3Dlightbox%26settings%3DeyJpZCI6ODU5LCJ1cmwiOiJodHRwczpcL1wvdHJha3NsZXIuY29cL3dwLWNvbnRlbnRcL3VwbG9hZHNcLzIwMTlcLzA2XC9rb3JwaWNhLXphLWhsZWItMi0xLmpwZyIsInNsaWRlc2hvdyI6IjFjZTA1NWQifQ%3D%3D\" href='https:\/\/traksler.co\/wp-content\/uploads\/2019\/06\/korpica-za-hleb-2-1.jpg'><img loading=\"lazy\" decoding=\"async\" width=\"1980\" height=\"1315\" src=\"https:\/\/traksler.co\/wp-content\/uploads\/2019\/06\/korpica-za-hleb-2-1.jpg\" class=\"attachment-full size-full\" alt=\"\" srcset=\"https:\/\/traksler.co\/wp-content\/uploads\/2019\/06\/korpica-za-hleb-2-1.jpg 1980w, https:\/\/traksler.co\/wp-content\/uploads\/2019\/06\/korpica-za-hleb-2-1-300x199.jpg 300w, https:\/\/traksler.co\/wp-content\/uploads\/2019\/06\/korpica-za-hleb-2-1-768x510.jpg 768w, https:\/\/traksler.co\/wp-content\/uploads\/2019\/06\/korpica-za-hleb-2-1-1024x680.jpg 1024w, https:\/\/traksler.co\/wp-content\/uploads\/2019\/06\/korpica-za-hleb-2-1-600x398.jpg 600w\" sizes=\"(max-width: 1980px) 100vw, 1980px\" \/><\/a>\n\t\t\t<\/div><\/figure>\n\t\t<\/div>\n\t\t<\/div>\n\t\t\t\t\t\t<\/div>\n\t\t\t\t<\/div>\n\t\t\t\t\t<\/div>\n\t\t<\/div>\n\t\t\t\t<div class=\"elementor-column elementor-col-50 elementor-top-column elementor-element elementor-element-8f17b42 elementor-hidden-phone\" data-id=\"8f17b42\" data-element_type=\"column\">\n\t\t\t<div class=\"elementor-widget-wrap elementor-element-populated\">\n\t\t\t\t\t\t<div class=\"elementor-element elementor-element-c0633aa elementor-widget elementor-widget-image\" data-id=\"c0633aa\" data-element_type=\"widget\" data-widget_type=\"image.default\">\n\t\t\t\t<div class=\"elementor-widget-container\">\n\t\t\t\t\t\t\t\t\t\t\t\t\t\t\t<img loading=\"lazy\" decoding=\"async\" width=\"768\" height=\"510\" src=\"https:\/\/traksler.co\/wp-content\/uploads\/2019\/06\/korpica-za-hleb-2-1-768x510.jpg\" class=\"attachment-medium_large size-medium_large wp-image-859\" alt=\"\" srcset=\"https:\/\/traksler.co\/wp-content\/uploads\/2019\/06\/korpica-za-hleb-2-1-768x510.jpg 768w, https:\/\/traksler.co\/wp-content\/uploads\/2019\/06\/korpica-za-hleb-2-1-300x199.jpg 300w, https:\/\/traksler.co\/wp-content\/uploads\/2019\/06\/korpica-za-hleb-2-1-1024x680.jpg 1024w, https:\/\/traksler.co\/wp-content\/uploads\/2019\/06\/korpica-za-hleb-2-1-600x398.jpg 600w, https:\/\/traksler.co\/wp-content\/uploads\/2019\/06\/korpica-za-hleb-2-1.jpg 1980w\" sizes=\"(max-width: 768px) 100vw, 768px\" \/>\t\t\t\t\t\t\t\t\t\t\t\t\t\t\t<\/div>\n\t\t\t\t<\/div>\n\t\t\t\t\t<\/div>\n\t\t<\/div>\n\t\t\t\t\t<\/div>\n\t\t<\/section>\n\t\t\t\t<section class=\"elementor-section elementor-top-section elementor-element elementor-element-c2d7de8 elementor-section-boxed elementor-section-height-default elementor-section-height-default\" data-id=\"c2d7de8\" data-element_type=\"section\">\n\t\t\t\t\t\t<div class=\"elementor-container elementor-column-gap-default\">\n\t\t\t\t\t<div class=\"elementor-column elementor-col-100 elementor-top-column elementor-element elementor-element-3444af6\" data-id=\"3444af6\" data-element_type=\"column\">\n\t\t\t<div class=\"elementor-widget-wrap elementor-element-populated\">\n\t\t\t\t\t\t<div class=\"elementor-element elementor-element-94e060c elementor-widget elementor-widget-text-editor\" data-id=\"94e060c\" data-element_type=\"widget\" data-widget_type=\"text-editor.default\">\n\t\t\t\t<div class=\"elementor-widget-container\">\n\t\t\t\t\t\t\t\t\t<p>bread and cutlery baskets are made of alder wood. they are protected by natural oil certified for direct contact with food.<\/p><p>dimensions: length 35cm, width 12cm, height 4,4cm.<\/p>\t\t\t\t\t\t\t\t<\/div>\n\t\t\t\t<\/div>\n\t\t\t\t\t<\/div>\n\t\t<\/div>\n\t\t\t\t\t<\/div>\n\t\t<\/section>\n\t\t\t\t<\/div>","protected":false},"excerpt":{"rendered":"<p>korpice za hleb i escajg korpice za hleb i escajg izra\u0111ene su drveta johe. za\u0161ti\u0107ene su prirodnim uljem sertifikovanim za direktan kontakt sa hranom. dimenzije: du\u017eina 35cm, \u0161irina 12cm, visina 4,4cm.<\/p>","protected":false},"author":1,"featured_media":0,"parent":0,"menu_order":0,"comment_status":"closed","ping_status":"closed","template":"","meta":{"ngg_post_thumbnail":0,"footnotes":""},"class_list":["post-767","page","type-page","status-publish","hentry"],"yoast_head":"<!-- This site is optimized with the Yoast SEO plugin v27.2 - https:\/\/yoast.com\/product\/yoast-seo-wordpress\/ -->\n<title>korpice za hleb i escajg - traksler<\/title>\n<meta name=\"robots\" content=\"index, follow, max-snippet:-1, max-image-preview:large, max-video-preview:-1\" \/>\n<link rel=\"canonical\" href=\"https:\/\/traksler.co\/en\/korpice-za-hleb-i-escajg\/\" \/>\n<meta property=\"og:locale\" content=\"en_US\" \/>\n<meta property=\"og:type\" content=\"article\" \/>\n<meta property=\"og:title\" content=\"korpice za hleb i escajg - traksler\" \/>\n<meta property=\"og:description\" content=\"korpice za hleb i escajg korpice za hleb i escajg izra\u0111ene su drveta johe. za\u0161ti\u0107ene su prirodnim uljem sertifikovanim za direktan kontakt sa hranom. dimenzije: du\u017eina 35cm, \u0161irina 12cm, visina 4,4cm.\" \/>\n<meta property=\"og:url\" content=\"https:\/\/traksler.co\/en\/korpice-za-hleb-i-escajg\/\" \/>\n<meta property=\"og:site_name\" content=\"traksler\" \/>\n<meta property=\"article:publisher\" content=\"https:\/\/www.facebook.com\/trakslershapeswood\/\" \/>\n<meta property=\"article:modified_time\" content=\"2019-06-24T12:37:21+00:00\" \/>\n<meta property=\"og:image\" content=\"https:\/\/traksler.co\/wp-content\/uploads\/2019\/06\/korpica-za-hleb-3-2.jpg\" \/>\n<meta name=\"twitter:card\" content=\"summary_large_image\" \/>\n<script type=\"application\/ld+json\" class=\"yoast-schema-graph\">{\"@context\":\"https:\/\/schema.org\",\"@graph\":[{\"@type\":\"WebPage\",\"@id\":\"https:\/\/traksler.co\/korpice-za-hleb-i-escajg\/\",\"url\":\"https:\/\/traksler.co\/korpice-za-hleb-i-escajg\/\",\"name\":\"korpice za hleb i escajg - traksler\",\"isPartOf\":{\"@id\":\"https:\/\/traksler.co\/#website\"},\"primaryImageOfPage\":{\"@id\":\"https:\/\/traksler.co\/korpice-za-hleb-i-escajg\/#primaryimage\"},\"image\":{\"@id\":\"https:\/\/traksler.co\/korpice-za-hleb-i-escajg\/#primaryimage\"},\"thumbnailUrl\":\"https:\/\/traksler.co\/wp-content\/uploads\/2019\/06\/korpica-za-hleb-3-2.jpg\",\"datePublished\":\"2019-06-12T13:44:39+00:00\",\"dateModified\":\"2019-06-24T12:37:21+00:00\",\"breadcrumb\":{\"@id\":\"https:\/\/traksler.co\/korpice-za-hleb-i-escajg\/#breadcrumb\"},\"inLanguage\":\"en-US\",\"potentialAction\":[{\"@type\":\"ReadAction\",\"target\":[\"https:\/\/traksler.co\/korpice-za-hleb-i-escajg\/\"]}]},{\"@type\":\"ImageObject\",\"inLanguage\":\"en-US\",\"@id\":\"https:\/\/traksler.co\/korpice-za-hleb-i-escajg\/#primaryimage\",\"url\":\"https:\/\/traksler.co\/wp-content\/uploads\/2019\/06\/korpica-za-hleb-3-2.jpg\",\"contentUrl\":\"https:\/\/traksler.co\/wp-content\/uploads\/2019\/06\/korpica-za-hleb-3-2.jpg\"},{\"@type\":\"BreadcrumbList\",\"@id\":\"https:\/\/traksler.co\/korpice-za-hleb-i-escajg\/#breadcrumb\",\"itemListElement\":[{\"@type\":\"ListItem\",\"position\":1,\"name\":\"Home\",\"item\":\"https:\/\/traksler.co\/\"},{\"@type\":\"ListItem\",\"position\":2,\"name\":\"korpice za hleb i escajg\"}]},{\"@type\":\"WebSite\",\"@id\":\"https:\/\/traksler.co\/#website\",\"url\":\"https:\/\/traksler.co\/\",\"name\":\"traksler\",\"description\":\"wood products\",\"publisher\":{\"@id\":\"https:\/\/traksler.co\/#organization\"},\"potentialAction\":[{\"@type\":\"SearchAction\",\"target\":{\"@type\":\"EntryPoint\",\"urlTemplate\":\"https:\/\/traksler.co\/?s={search_term_string}\"},\"query-input\":{\"@type\":\"PropertyValueSpecification\",\"valueRequired\":true,\"valueName\":\"search_term_string\"}}],\"inLanguage\":\"en-US\"},{\"@type\":\"Organization\",\"@id\":\"https:\/\/traksler.co\/#organization\",\"name\":\"traksler\",\"url\":\"https:\/\/traksler.co\/\",\"logo\":{\"@type\":\"ImageObject\",\"inLanguage\":\"en-US\",\"@id\":\"https:\/\/traksler.co\/#\/schema\/logo\/image\/\",\"url\":\"https:\/\/traksler.co\/wp-content\/uploads\/2019\/01\/vertikalni.jpg\",\"contentUrl\":\"https:\/\/traksler.co\/wp-content\/uploads\/2019\/01\/vertikalni.jpg\",\"width\":2158,\"height\":2494,\"caption\":\"traksler\"},\"image\":{\"@id\":\"https:\/\/traksler.co\/#\/schema\/logo\/image\/\"},\"sameAs\":[\"https:\/\/www.facebook.com\/trakslershapeswood\/\",\"https:\/\/www.instagram.com\/traksler_shapeswood\/\"]}]}<\/script>\n<!-- \/ Yoast SEO plugin. -->","yoast_head_json":{"title":"korpice za hleb i escajg - traksler","robots":{"index":"index","follow":"follow","max-snippet":"max-snippet:-1","max-image-preview":"max-image-preview:large","max-video-preview":"max-video-preview:-1"},"canonical":"https:\/\/traksler.co\/en\/korpice-za-hleb-i-escajg\/","og_locale":"en_US","og_type":"article","og_title":"korpice za hleb i escajg - traksler","og_description":"korpice za hleb i escajg korpice za hleb i escajg izra\u0111ene su drveta johe. za\u0161ti\u0107ene su prirodnim uljem sertifikovanim za direktan kontakt sa hranom. dimenzije: du\u017eina 35cm, \u0161irina 12cm, visina 4,4cm.","og_url":"https:\/\/traksler.co\/en\/korpice-za-hleb-i-escajg\/","og_site_name":"traksler","article_publisher":"https:\/\/www.facebook.com\/trakslershapeswood\/","article_modified_time":"2019-06-24T12:37:21+00:00","og_image":[{"url":"https:\/\/traksler.co\/wp-content\/uploads\/2019\/06\/korpica-za-hleb-3-2.jpg","type":"","width":"","height":""}],"twitter_card":"summary_large_image","schema":{"@context":"https:\/\/schema.org","@graph":[{"@type":"WebPage","@id":"https:\/\/traksler.co\/korpice-za-hleb-i-escajg\/","url":"https:\/\/traksler.co\/korpice-za-hleb-i-escajg\/","name":"korpice za hleb i escajg - traksler","isPartOf":{"@id":"https:\/\/traksler.co\/#website"},"primaryImageOfPage":{"@id":"https:\/\/traksler.co\/korpice-za-hleb-i-escajg\/#primaryimage"},"image":{"@id":"https:\/\/traksler.co\/korpice-za-hleb-i-escajg\/#primaryimage"},"thumbnailUrl":"https:\/\/traksler.co\/wp-content\/uploads\/2019\/06\/korpica-za-hleb-3-2.jpg","datePublished":"2019-06-12T13:44:39+00:00","dateModified":"2019-06-24T12:37:21+00:00","breadcrumb":{"@id":"https:\/\/traksler.co\/korpice-za-hleb-i-escajg\/#breadcrumb"},"inLanguage":"en-US","potentialAction":[{"@type":"ReadAction","target":["https:\/\/traksler.co\/korpice-za-hleb-i-escajg\/"]}]},{"@type":"ImageObject","inLanguage":"en-US","@id":"https:\/\/traksler.co\/korpice-za-hleb-i-escajg\/#primaryimage","url":"https:\/\/traksler.co\/wp-content\/uploads\/2019\/06\/korpica-za-hleb-3-2.jpg","contentUrl":"https:\/\/traksler.co\/wp-content\/uploads\/2019\/06\/korpica-za-hleb-3-2.jpg"},{"@type":"BreadcrumbList","@id":"https:\/\/traksler.co\/korpice-za-hleb-i-escajg\/#breadcrumb","itemListElement":[{"@type":"ListItem","position":1,"name":"Home","item":"https:\/\/traksler.co\/"},{"@type":"ListItem","position":2,"name":"korpice za hleb i escajg"}]},{"@type":"WebSite","@id":"https:\/\/traksler.co\/#website","url":"https:\/\/traksler.co\/","name":"traksler","description":"wood products","publisher":{"@id":"https:\/\/traksler.co\/#organization"},"potentialAction":[{"@type":"SearchAction","target":{"@type":"EntryPoint","urlTemplate":"https:\/\/traksler.co\/?s={search_term_string}"},"query-input":{"@type":"PropertyValueSpecification","valueRequired":true,"valueName":"search_term_string"}}],"inLanguage":"en-US"},{"@type":"Organization","@id":"https:\/\/traksler.co\/#organization","name":"traksler","url":"https:\/\/traksler.co\/","logo":{"@type":"ImageObject","inLanguage":"en-US","@id":"https:\/\/traksler.co\/#\/schema\/logo\/image\/","url":"https:\/\/traksler.co\/wp-content\/uploads\/2019\/01\/vertikalni.jpg","contentUrl":"https:\/\/traksler.co\/wp-content\/uploads\/2019\/01\/vertikalni.jpg","width":2158,"height":2494,"caption":"traksler"},"image":{"@id":"https:\/\/traksler.co\/#\/schema\/logo\/image\/"},"sameAs":["https:\/\/www.facebook.com\/trakslershapeswood\/","https:\/\/www.instagram.com\/traksler_shapeswood\/"]}]}},"_links":{"self":[{"href":"https:\/\/traksler.co\/en\/wp-json\/wp\/v2\/pages\/767","targetHints":{"allow":["GET"]}}],"collection":[{"href":"https:\/\/traksler.co\/en\/wp-json\/wp\/v2\/pages"}],"about":[{"href":"https:\/\/traksler.co\/en\/wp-json\/wp\/v2\/types\/page"}],"author":[{"embeddable":true,"href":"https:\/\/traksler.co\/en\/wp-json\/wp\/v2\/users\/1"}],"replies":[{"embeddable":true,"href":"https:\/\/traksler.co\/en\/wp-json\/wp\/v2\/comments?post=767"}],"version-history":[{"count":6,"href":"https:\/\/traksler.co\/en\/wp-json\/wp\/v2\/pages\/767\/revisions"}],"predecessor-version":[{"id":1036,"href":"https:\/\/traksler.co\/en\/wp-json\/wp\/v2\/pages\/767\/revisions\/1036"}],"wp:attachment":[{"href":"https:\/\/traksler.co\/en\/wp-json\/wp\/v2\/media?parent=767"}],"curies":[{"name":"wp","href":"https:\/\/api.w.org\/{rel}","templated":true}]}}