{"id":911,"date":"2019-06-21T07:52:50","date_gmt":"2019-06-21T07:52:50","guid":{"rendered":"http:\/\/traksler.co\/?page_id=911"},"modified":"2019-06-22T17:41:52","modified_gmt":"2019-06-22T17:41:52","slug":"daska-okno","status":"publish","type":"page","link":"https:\/\/traksler.co\/en\/daska-okno\/","title":{"rendered":"board okno"},"content":{"rendered":"<div data-elementor-type=\"wp-post\" data-elementor-id=\"911\" class=\"elementor elementor-911\">\n\t\t\t\t\t\t<section class=\"elementor-section elementor-top-section elementor-element elementor-element-87d66c8 elementor-section-boxed elementor-section-height-default elementor-section-height-default\" data-id=\"87d66c8\" data-element_type=\"section\">\n\t\t\t\t\t\t<div class=\"elementor-container elementor-column-gap-default\">\n\t\t\t\t\t<div class=\"elementor-column elementor-col-100 elementor-top-column elementor-element elementor-element-9ce1362\" data-id=\"9ce1362\" data-element_type=\"column\">\n\t\t\t<div class=\"elementor-widget-wrap elementor-element-populated\">\n\t\t\t\t\t\t<div class=\"elementor-element elementor-element-a1b4577 elementor-widget elementor-widget-spacer\" data-id=\"a1b4577\" data-element_type=\"widget\" data-widget_type=\"spacer.default\">\n\t\t\t\t<div class=\"elementor-widget-container\">\n\t\t\t\t\t\t\t<div class=\"elementor-spacer\">\n\t\t\t<div class=\"elementor-spacer-inner\"><\/div>\n\t\t<\/div>\n\t\t\t\t\t\t<\/div>\n\t\t\t\t<\/div>\n\t\t\t\t<div class=\"elementor-element elementor-element-2c183e2 elementor-invisible elementor-widget elementor-widget-heading\" data-id=\"2c183e2\" data-element_type=\"widget\" data-settings=\"{&quot;_animation&quot;:&quot;fadeIn&quot;}\" data-widget_type=\"heading.default\">\n\t\t\t\t<div class=\"elementor-widget-container\">\n\t\t\t\t\t<h2 class=\"elementor-heading-title elementor-size-default\">board okno<\/h2>\t\t\t\t<\/div>\n\t\t\t\t<\/div>\n\t\t\t\t<div class=\"elementor-element elementor-element-311e8b7 elementor-widget elementor-widget-spacer\" data-id=\"311e8b7\" data-element_type=\"widget\" data-widget_type=\"spacer.default\">\n\t\t\t\t<div class=\"elementor-widget-container\">\n\t\t\t\t\t\t\t<div class=\"elementor-spacer\">\n\t\t\t<div class=\"elementor-spacer-inner\"><\/div>\n\t\t<\/div>\n\t\t\t\t\t\t<\/div>\n\t\t\t\t<\/div>\n\t\t\t\t\t<\/div>\n\t\t<\/div>\n\t\t\t\t\t<\/div>\n\t\t<\/section>\n\t\t\t\t<section class=\"elementor-section elementor-top-section elementor-element elementor-element-5a5ae86 elementor-section-boxed elementor-section-height-default elementor-section-height-default elementor-invisible\" data-id=\"5a5ae86\" data-element_type=\"section\" data-settings=\"{&quot;animation&quot;:&quot;fadeIn&quot;}\">\n\t\t\t\t\t\t<div class=\"elementor-container elementor-column-gap-default\">\n\t\t\t\t\t<div class=\"elementor-column elementor-col-50 elementor-top-column elementor-element elementor-element-05e85a0\" data-id=\"05e85a0\" data-element_type=\"column\">\n\t\t\t<div class=\"elementor-widget-wrap elementor-element-populated\">\n\t\t\t\t\t\t<div class=\"elementor-element elementor-element-74bc9e5 elementor-widget elementor-widget-image-gallery\" data-id=\"74bc9e5\" data-element_type=\"widget\" data-widget_type=\"image-gallery.default\">\n\t\t\t\t<div class=\"elementor-widget-container\">\n\t\t\t\t\t\t\t<div class=\"elementor-image-gallery\">\n\t\t\t<div id='gallery-1' class='gallery galleryid-911 gallery-columns-1 gallery-size-full'><figure class='gallery-item'>\n\t\t\t<div class='gallery-icon landscape'>\n\t\t\t\t<a data-elementor-open-lightbox=\"yes\" data-elementor-lightbox-slideshow=\"74bc9e5\" data-elementor-lightbox-title=\"daska-okno-7\" data-e-action-hash=\"#elementor-action%3Aaction%3Dlightbox%26settings%3DeyJpZCI6OTE0LCJ1cmwiOiJodHRwczpcL1wvdHJha3NsZXIuY29cL3dwLWNvbnRlbnRcL3VwbG9hZHNcLzIwMTlcLzA2XC9kYXNrYS1va25vLTcuanBnIiwic2xpZGVzaG93IjoiNzRiYzllNSJ9\" href='https:\/\/traksler.co\/wp-content\/uploads\/2019\/06\/daska-okno-7.jpg'><img fetchpriority=\"high\" decoding=\"async\" width=\"1980\" height=\"1469\" src=\"https:\/\/traksler.co\/wp-content\/uploads\/2019\/06\/daska-okno-7.jpg\" class=\"attachment-full size-full\" alt=\"\" srcset=\"https:\/\/traksler.co\/wp-content\/uploads\/2019\/06\/daska-okno-7.jpg 1980w, https:\/\/traksler.co\/wp-content\/uploads\/2019\/06\/daska-okno-7-300x223.jpg 300w, https:\/\/traksler.co\/wp-content\/uploads\/2019\/06\/daska-okno-7-768x570.jpg 768w, https:\/\/traksler.co\/wp-content\/uploads\/2019\/06\/daska-okno-7-1024x760.jpg 1024w, https:\/\/traksler.co\/wp-content\/uploads\/2019\/06\/daska-okno-7-600x445.jpg 600w\" sizes=\"(max-width: 1980px) 100vw, 1980px\" \/><\/a>\n\t\t\t<\/div><\/figure><figure class='gallery-item'>\n\t\t\t<div class='gallery-icon landscape'>\n\t\t\t\t<a data-elementor-open-lightbox=\"yes\" data-elementor-lightbox-slideshow=\"74bc9e5\" data-elementor-lightbox-title=\"daska okno 1\" data-e-action-hash=\"#elementor-action%3Aaction%3Dlightbox%26settings%3DeyJpZCI6OTE1LCJ1cmwiOiJodHRwczpcL1wvdHJha3NsZXIuY29cL3dwLWNvbnRlbnRcL3VwbG9hZHNcLzIwMTlcLzA2XC9kYXNrYS1va25vLTEuanBnIiwic2xpZGVzaG93IjoiNzRiYzllNSJ9\" href='https:\/\/traksler.co\/wp-content\/uploads\/2019\/06\/daska-okno-1.jpg'><img decoding=\"async\" width=\"1980\" height=\"1315\" src=\"https:\/\/traksler.co\/wp-content\/uploads\/2019\/06\/daska-okno-1.jpg\" class=\"attachment-full size-full\" alt=\"\" srcset=\"https:\/\/traksler.co\/wp-content\/uploads\/2019\/06\/daska-okno-1.jpg 1980w, https:\/\/traksler.co\/wp-content\/uploads\/2019\/06\/daska-okno-1-300x199.jpg 300w, https:\/\/traksler.co\/wp-content\/uploads\/2019\/06\/daska-okno-1-768x510.jpg 768w, https:\/\/traksler.co\/wp-content\/uploads\/2019\/06\/daska-okno-1-1024x680.jpg 1024w, https:\/\/traksler.co\/wp-content\/uploads\/2019\/06\/daska-okno-1-600x398.jpg 600w\" sizes=\"(max-width: 1980px) 100vw, 1980px\" \/><\/a>\n\t\t\t<\/div><\/figure><figure class='gallery-item'>\n\t\t\t<div class='gallery-icon landscape'>\n\t\t\t\t<a data-elementor-open-lightbox=\"yes\" data-elementor-lightbox-slideshow=\"74bc9e5\" data-elementor-lightbox-title=\"daska okno 2\" data-e-action-hash=\"#elementor-action%3Aaction%3Dlightbox%26settings%3DeyJpZCI6OTE2LCJ1cmwiOiJodHRwczpcL1wvdHJha3NsZXIuY29cL3dwLWNvbnRlbnRcL3VwbG9hZHNcLzIwMTlcLzA2XC9kYXNrYS1va25vLTIuanBnIiwic2xpZGVzaG93IjoiNzRiYzllNSJ9\" href='https:\/\/traksler.co\/wp-content\/uploads\/2019\/06\/daska-okno-2.jpg'><img decoding=\"async\" width=\"1980\" height=\"1359\" src=\"https:\/\/traksler.co\/wp-content\/uploads\/2019\/06\/daska-okno-2.jpg\" class=\"attachment-full size-full\" alt=\"\" srcset=\"https:\/\/traksler.co\/wp-content\/uploads\/2019\/06\/daska-okno-2.jpg 1980w, https:\/\/traksler.co\/wp-content\/uploads\/2019\/06\/daska-okno-2-300x206.jpg 300w, https:\/\/traksler.co\/wp-content\/uploads\/2019\/06\/daska-okno-2-768x527.jpg 768w, https:\/\/traksler.co\/wp-content\/uploads\/2019\/06\/daska-okno-2-1024x703.jpg 1024w, https:\/\/traksler.co\/wp-content\/uploads\/2019\/06\/daska-okno-2-600x412.jpg 600w\" sizes=\"(max-width: 1980px) 100vw, 1980px\" \/><\/a>\n\t\t\t<\/div><\/figure><figure class='gallery-item'>\n\t\t\t<div class='gallery-icon landscape'>\n\t\t\t\t<a data-elementor-open-lightbox=\"yes\" data-elementor-lightbox-slideshow=\"74bc9e5\" data-elementor-lightbox-title=\"daska-okno-3\" data-e-action-hash=\"#elementor-action%3Aaction%3Dlightbox%26settings%3DeyJpZCI6OTE3LCJ1cmwiOiJodHRwczpcL1wvdHJha3NsZXIuY29cL3dwLWNvbnRlbnRcL3VwbG9hZHNcLzIwMTlcLzA2XC9kYXNrYS1va25vLTMuanBnIiwic2xpZGVzaG93IjoiNzRiYzllNSJ9\" href='https:\/\/traksler.co\/wp-content\/uploads\/2019\/06\/daska-okno-3.jpg'><img loading=\"lazy\" decoding=\"async\" width=\"1980\" height=\"1315\" src=\"https:\/\/traksler.co\/wp-content\/uploads\/2019\/06\/daska-okno-3.jpg\" class=\"attachment-full size-full\" alt=\"\" srcset=\"https:\/\/traksler.co\/wp-content\/uploads\/2019\/06\/daska-okno-3.jpg 1980w, https:\/\/traksler.co\/wp-content\/uploads\/2019\/06\/daska-okno-3-300x199.jpg 300w, https:\/\/traksler.co\/wp-content\/uploads\/2019\/06\/daska-okno-3-768x510.jpg 768w, https:\/\/traksler.co\/wp-content\/uploads\/2019\/06\/daska-okno-3-1024x680.jpg 1024w, https:\/\/traksler.co\/wp-content\/uploads\/2019\/06\/daska-okno-3-600x398.jpg 600w\" sizes=\"(max-width: 1980px) 100vw, 1980px\" \/><\/a>\n\t\t\t<\/div><\/figure><figure class='gallery-item'>\n\t\t\t<div class='gallery-icon landscape'>\n\t\t\t\t<a data-elementor-open-lightbox=\"yes\" data-elementor-lightbox-slideshow=\"74bc9e5\" data-elementor-lightbox-title=\"daska-okno-4\" data-e-action-hash=\"#elementor-action%3Aaction%3Dlightbox%26settings%3DeyJpZCI6OTE4LCJ1cmwiOiJodHRwczpcL1wvdHJha3NsZXIuY29cL3dwLWNvbnRlbnRcL3VwbG9hZHNcLzIwMTlcLzA2XC9kYXNrYS1va25vLTQuanBnIiwic2xpZGVzaG93IjoiNzRiYzllNSJ9\" href='https:\/\/traksler.co\/wp-content\/uploads\/2019\/06\/daska-okno-4.jpg'><img loading=\"lazy\" decoding=\"async\" width=\"1980\" height=\"1315\" src=\"https:\/\/traksler.co\/wp-content\/uploads\/2019\/06\/daska-okno-4.jpg\" class=\"attachment-full size-full\" alt=\"\" srcset=\"https:\/\/traksler.co\/wp-content\/uploads\/2019\/06\/daska-okno-4.jpg 1980w, https:\/\/traksler.co\/wp-content\/uploads\/2019\/06\/daska-okno-4-300x199.jpg 300w, https:\/\/traksler.co\/wp-content\/uploads\/2019\/06\/daska-okno-4-768x510.jpg 768w, https:\/\/traksler.co\/wp-content\/uploads\/2019\/06\/daska-okno-4-1024x680.jpg 1024w, https:\/\/traksler.co\/wp-content\/uploads\/2019\/06\/daska-okno-4-600x398.jpg 600w\" sizes=\"(max-width: 1980px) 100vw, 1980px\" \/><\/a>\n\t\t\t<\/div><\/figure><figure class='gallery-item'>\n\t\t\t<div class='gallery-icon landscape'>\n\t\t\t\t<a data-elementor-open-lightbox=\"yes\" data-elementor-lightbox-slideshow=\"74bc9e5\" data-elementor-lightbox-title=\"daska-okno-6\" data-e-action-hash=\"#elementor-action%3Aaction%3Dlightbox%26settings%3DeyJpZCI6OTA5LCJ1cmwiOiJodHRwczpcL1wvdHJha3NsZXIuY29cL3dwLWNvbnRlbnRcL3VwbG9hZHNcLzIwMTlcLzA2XC9kYXNrYS1va25vLTYuanBnIiwic2xpZGVzaG93IjoiNzRiYzllNSJ9\" href='https:\/\/traksler.co\/wp-content\/uploads\/2019\/06\/daska-okno-6.jpg'><img loading=\"lazy\" decoding=\"async\" width=\"1974\" height=\"1186\" src=\"https:\/\/traksler.co\/wp-content\/uploads\/2019\/06\/daska-okno-6.jpg\" class=\"attachment-full size-full\" alt=\"\" srcset=\"https:\/\/traksler.co\/wp-content\/uploads\/2019\/06\/daska-okno-6.jpg 1974w, https:\/\/traksler.co\/wp-content\/uploads\/2019\/06\/daska-okno-6-300x180.jpg 300w, https:\/\/traksler.co\/wp-content\/uploads\/2019\/06\/daska-okno-6-768x461.jpg 768w, https:\/\/traksler.co\/wp-content\/uploads\/2019\/06\/daska-okno-6-1024x615.jpg 1024w, https:\/\/traksler.co\/wp-content\/uploads\/2019\/06\/daska-okno-6-600x360.jpg 600w\" sizes=\"(max-width: 1974px) 100vw, 1974px\" \/><\/a>\n\t\t\t<\/div><\/figure><figure class='gallery-item'>\n\t\t\t<div class='gallery-icon landscape'>\n\t\t\t\t<a data-elementor-open-lightbox=\"yes\" data-elementor-lightbox-slideshow=\"74bc9e5\" data-elementor-lightbox-title=\"daska-okno-5\" data-e-action-hash=\"#elementor-action%3Aaction%3Dlightbox%26settings%3DeyJpZCI6OTA4LCJ1cmwiOiJodHRwczpcL1wvdHJha3NsZXIuY29cL3dwLWNvbnRlbnRcL3VwbG9hZHNcLzIwMTlcLzA2XC9kYXNrYS1va25vLTUuanBnIiwic2xpZGVzaG93IjoiNzRiYzllNSJ9\" href='https:\/\/traksler.co\/wp-content\/uploads\/2019\/06\/daska-okno-5.jpg'><img loading=\"lazy\" decoding=\"async\" width=\"1980\" height=\"1315\" src=\"https:\/\/traksler.co\/wp-content\/uploads\/2019\/06\/daska-okno-5.jpg\" class=\"attachment-full size-full\" alt=\"\" srcset=\"https:\/\/traksler.co\/wp-content\/uploads\/2019\/06\/daska-okno-5.jpg 1980w, https:\/\/traksler.co\/wp-content\/uploads\/2019\/06\/daska-okno-5-300x199.jpg 300w, https:\/\/traksler.co\/wp-content\/uploads\/2019\/06\/daska-okno-5-768x510.jpg 768w, https:\/\/traksler.co\/wp-content\/uploads\/2019\/06\/daska-okno-5-1024x680.jpg 1024w, https:\/\/traksler.co\/wp-content\/uploads\/2019\/06\/daska-okno-5-600x398.jpg 600w\" sizes=\"(max-width: 1980px) 100vw, 1980px\" \/><\/a>\n\t\t\t<\/div><\/figure>\n\t\t<\/div>\n\t\t<\/div>\n\t\t\t\t\t\t<\/div>\n\t\t\t\t<\/div>\n\t\t\t\t\t<\/div>\n\t\t<\/div>\n\t\t\t\t<div class=\"elementor-column elementor-col-50 elementor-top-column elementor-element elementor-element-39c49e9 elementor-hidden-phone\" data-id=\"39c49e9\" data-element_type=\"column\">\n\t\t\t<div class=\"elementor-widget-wrap elementor-element-populated\">\n\t\t\t\t\t\t<div class=\"elementor-element elementor-element-fb12896 elementor-widget elementor-widget-image\" data-id=\"fb12896\" data-element_type=\"widget\" data-widget_type=\"image.default\">\n\t\t\t\t<div class=\"elementor-widget-container\">\n\t\t\t\t\t\t\t\t\t\t\t\t\t\t\t<img loading=\"lazy\" decoding=\"async\" width=\"1974\" height=\"1186\" src=\"https:\/\/traksler.co\/wp-content\/uploads\/2019\/06\/daska-okno-6.jpg\" class=\"attachment-full size-full wp-image-909\" alt=\"\" srcset=\"https:\/\/traksler.co\/wp-content\/uploads\/2019\/06\/daska-okno-6.jpg 1974w, https:\/\/traksler.co\/wp-content\/uploads\/2019\/06\/daska-okno-6-300x180.jpg 300w, https:\/\/traksler.co\/wp-content\/uploads\/2019\/06\/daska-okno-6-768x461.jpg 768w, https:\/\/traksler.co\/wp-content\/uploads\/2019\/06\/daska-okno-6-1024x615.jpg 1024w, https:\/\/traksler.co\/wp-content\/uploads\/2019\/06\/daska-okno-6-600x360.jpg 600w\" sizes=\"(max-width: 1974px) 100vw, 1974px\" \/>\t\t\t\t\t\t\t\t\t\t\t\t\t\t\t<\/div>\n\t\t\t\t<\/div>\n\t\t\t\t<div class=\"elementor-element elementor-element-3b68f42 elementor-widget elementor-widget-text-editor\" data-id=\"3b68f42\" data-element_type=\"widget\" data-widget_type=\"text-editor.default\">\n\t\t\t\t<div class=\"elementor-widget-container\">\n\t\t\t\t\t\t\t\t\t<p>this board is made of one piece of oak wood, protected by natural oil certified for direct contact with food.<\/p><p>dimensions: length 45cm, width in the widest part 21.5cm and thickness 1.8cm<\/p>\t\t\t\t\t\t\t\t<\/div>\n\t\t\t\t<\/div>\n\t\t\t\t\t<\/div>\n\t\t<\/div>\n\t\t\t\t\t<\/div>\n\t\t<\/section>\n\t\t\t\t<\/div>","protected":false},"excerpt":{"rendered":"<p>daska okno daska okno se pravi iz jednog komada drveta hrasta, za\u0161ti\u0107ena je prirodnim uljem sertifikovanim za direktan kontakt sa hranom. dimenzije: du\u017eina 45cm, \u0161irina u naj\u0161irem delu 21,5cm a debljina 1,8cm<\/p>","protected":false},"author":1,"featured_media":0,"parent":0,"menu_order":0,"comment_status":"closed","ping_status":"closed","template":"","meta":{"ngg_post_thumbnail":0,"footnotes":""},"class_list":["post-911","page","type-page","status-publish","hentry"],"yoast_head":"<!-- This site is optimized with the Yoast SEO plugin v27.2 - https:\/\/yoast.com\/product\/yoast-seo-wordpress\/ -->\n<title>daska okno - traksler<\/title>\n<meta name=\"robots\" content=\"index, follow, max-snippet:-1, max-image-preview:large, max-video-preview:-1\" \/>\n<link rel=\"canonical\" href=\"https:\/\/traksler.co\/en\/daska-okno\/\" \/>\n<meta property=\"og:locale\" content=\"en_US\" \/>\n<meta property=\"og:type\" content=\"article\" \/>\n<meta property=\"og:title\" content=\"daska okno - traksler\" \/>\n<meta property=\"og:description\" content=\"daska okno daska okno se pravi iz jednog komada drveta hrasta, za\u0161ti\u0107ena je prirodnim uljem sertifikovanim za direktan kontakt sa hranom. dimenzije: du\u017eina 45cm, \u0161irina u naj\u0161irem delu 21,5cm a debljina 1,8cm\" \/>\n<meta property=\"og:url\" content=\"https:\/\/traksler.co\/en\/daska-okno\/\" \/>\n<meta property=\"og:site_name\" content=\"traksler\" \/>\n<meta property=\"article:publisher\" content=\"https:\/\/www.facebook.com\/trakslershapeswood\/\" \/>\n<meta property=\"article:modified_time\" content=\"2019-06-22T17:41:52+00:00\" \/>\n<meta property=\"og:image\" content=\"http:\/\/traksler.co\/wp-content\/uploads\/2019\/06\/daska-okno-7.jpg\" \/>\n<meta name=\"twitter:card\" content=\"summary_large_image\" \/>\n<script type=\"application\/ld+json\" class=\"yoast-schema-graph\">{\"@context\":\"https:\/\/schema.org\",\"@graph\":[{\"@type\":\"WebPage\",\"@id\":\"https:\/\/traksler.co\/daska-okno\/\",\"url\":\"https:\/\/traksler.co\/daska-okno\/\",\"name\":\"daska okno - traksler\",\"isPartOf\":{\"@id\":\"https:\/\/traksler.co\/#website\"},\"primaryImageOfPage\":{\"@id\":\"https:\/\/traksler.co\/daska-okno\/#primaryimage\"},\"image\":{\"@id\":\"https:\/\/traksler.co\/daska-okno\/#primaryimage\"},\"thumbnailUrl\":\"http:\/\/traksler.co\/wp-content\/uploads\/2019\/06\/daska-okno-7.jpg\",\"datePublished\":\"2019-06-21T07:52:50+00:00\",\"dateModified\":\"2019-06-22T17:41:52+00:00\",\"breadcrumb\":{\"@id\":\"https:\/\/traksler.co\/daska-okno\/#breadcrumb\"},\"inLanguage\":\"en-US\",\"potentialAction\":[{\"@type\":\"ReadAction\",\"target\":[\"https:\/\/traksler.co\/daska-okno\/\"]}]},{\"@type\":\"ImageObject\",\"inLanguage\":\"en-US\",\"@id\":\"https:\/\/traksler.co\/daska-okno\/#primaryimage\",\"url\":\"http:\/\/traksler.co\/wp-content\/uploads\/2019\/06\/daska-okno-7.jpg\",\"contentUrl\":\"http:\/\/traksler.co\/wp-content\/uploads\/2019\/06\/daska-okno-7.jpg\"},{\"@type\":\"BreadcrumbList\",\"@id\":\"https:\/\/traksler.co\/daska-okno\/#breadcrumb\",\"itemListElement\":[{\"@type\":\"ListItem\",\"position\":1,\"name\":\"Home\",\"item\":\"https:\/\/traksler.co\/\"},{\"@type\":\"ListItem\",\"position\":2,\"name\":\"daska okno\"}]},{\"@type\":\"WebSite\",\"@id\":\"https:\/\/traksler.co\/#website\",\"url\":\"https:\/\/traksler.co\/\",\"name\":\"traksler\",\"description\":\"wood products\",\"publisher\":{\"@id\":\"https:\/\/traksler.co\/#organization\"},\"potentialAction\":[{\"@type\":\"SearchAction\",\"target\":{\"@type\":\"EntryPoint\",\"urlTemplate\":\"https:\/\/traksler.co\/?s={search_term_string}\"},\"query-input\":{\"@type\":\"PropertyValueSpecification\",\"valueRequired\":true,\"valueName\":\"search_term_string\"}}],\"inLanguage\":\"en-US\"},{\"@type\":\"Organization\",\"@id\":\"https:\/\/traksler.co\/#organization\",\"name\":\"traksler\",\"url\":\"https:\/\/traksler.co\/\",\"logo\":{\"@type\":\"ImageObject\",\"inLanguage\":\"en-US\",\"@id\":\"https:\/\/traksler.co\/#\/schema\/logo\/image\/\",\"url\":\"https:\/\/traksler.co\/wp-content\/uploads\/2019\/01\/vertikalni.jpg\",\"contentUrl\":\"https:\/\/traksler.co\/wp-content\/uploads\/2019\/01\/vertikalni.jpg\",\"width\":2158,\"height\":2494,\"caption\":\"traksler\"},\"image\":{\"@id\":\"https:\/\/traksler.co\/#\/schema\/logo\/image\/\"},\"sameAs\":[\"https:\/\/www.facebook.com\/trakslershapeswood\/\",\"https:\/\/www.instagram.com\/traksler_shapeswood\/\"]}]}<\/script>\n<!-- \/ Yoast SEO plugin. -->","yoast_head_json":{"title":"daska okno - traksler","robots":{"index":"index","follow":"follow","max-snippet":"max-snippet:-1","max-image-preview":"max-image-preview:large","max-video-preview":"max-video-preview:-1"},"canonical":"https:\/\/traksler.co\/en\/daska-okno\/","og_locale":"en_US","og_type":"article","og_title":"daska okno - traksler","og_description":"daska okno daska okno se pravi iz jednog komada drveta hrasta, za\u0161ti\u0107ena je prirodnim uljem sertifikovanim za direktan kontakt sa hranom. dimenzije: du\u017eina 45cm, \u0161irina u naj\u0161irem delu 21,5cm a debljina 1,8cm","og_url":"https:\/\/traksler.co\/en\/daska-okno\/","og_site_name":"traksler","article_publisher":"https:\/\/www.facebook.com\/trakslershapeswood\/","article_modified_time":"2019-06-22T17:41:52+00:00","og_image":[{"url":"http:\/\/traksler.co\/wp-content\/uploads\/2019\/06\/daska-okno-7.jpg","type":"","width":"","height":""}],"twitter_card":"summary_large_image","schema":{"@context":"https:\/\/schema.org","@graph":[{"@type":"WebPage","@id":"https:\/\/traksler.co\/daska-okno\/","url":"https:\/\/traksler.co\/daska-okno\/","name":"daska okno - traksler","isPartOf":{"@id":"https:\/\/traksler.co\/#website"},"primaryImageOfPage":{"@id":"https:\/\/traksler.co\/daska-okno\/#primaryimage"},"image":{"@id":"https:\/\/traksler.co\/daska-okno\/#primaryimage"},"thumbnailUrl":"http:\/\/traksler.co\/wp-content\/uploads\/2019\/06\/daska-okno-7.jpg","datePublished":"2019-06-21T07:52:50+00:00","dateModified":"2019-06-22T17:41:52+00:00","breadcrumb":{"@id":"https:\/\/traksler.co\/daska-okno\/#breadcrumb"},"inLanguage":"en-US","potentialAction":[{"@type":"ReadAction","target":["https:\/\/traksler.co\/daska-okno\/"]}]},{"@type":"ImageObject","inLanguage":"en-US","@id":"https:\/\/traksler.co\/daska-okno\/#primaryimage","url":"http:\/\/traksler.co\/wp-content\/uploads\/2019\/06\/daska-okno-7.jpg","contentUrl":"http:\/\/traksler.co\/wp-content\/uploads\/2019\/06\/daska-okno-7.jpg"},{"@type":"BreadcrumbList","@id":"https:\/\/traksler.co\/daska-okno\/#breadcrumb","itemListElement":[{"@type":"ListItem","position":1,"name":"Home","item":"https:\/\/traksler.co\/"},{"@type":"ListItem","position":2,"name":"daska okno"}]},{"@type":"WebSite","@id":"https:\/\/traksler.co\/#website","url":"https:\/\/traksler.co\/","name":"traksler","description":"wood products","publisher":{"@id":"https:\/\/traksler.co\/#organization"},"potentialAction":[{"@type":"SearchAction","target":{"@type":"EntryPoint","urlTemplate":"https:\/\/traksler.co\/?s={search_term_string}"},"query-input":{"@type":"PropertyValueSpecification","valueRequired":true,"valueName":"search_term_string"}}],"inLanguage":"en-US"},{"@type":"Organization","@id":"https:\/\/traksler.co\/#organization","name":"traksler","url":"https:\/\/traksler.co\/","logo":{"@type":"ImageObject","inLanguage":"en-US","@id":"https:\/\/traksler.co\/#\/schema\/logo\/image\/","url":"https:\/\/traksler.co\/wp-content\/uploads\/2019\/01\/vertikalni.jpg","contentUrl":"https:\/\/traksler.co\/wp-content\/uploads\/2019\/01\/vertikalni.jpg","width":2158,"height":2494,"caption":"traksler"},"image":{"@id":"https:\/\/traksler.co\/#\/schema\/logo\/image\/"},"sameAs":["https:\/\/www.facebook.com\/trakslershapeswood\/","https:\/\/www.instagram.com\/traksler_shapeswood\/"]}]}},"_links":{"self":[{"href":"https:\/\/traksler.co\/en\/wp-json\/wp\/v2\/pages\/911","targetHints":{"allow":["GET"]}}],"collection":[{"href":"https:\/\/traksler.co\/en\/wp-json\/wp\/v2\/pages"}],"about":[{"href":"https:\/\/traksler.co\/en\/wp-json\/wp\/v2\/types\/page"}],"author":[{"embeddable":true,"href":"https:\/\/traksler.co\/en\/wp-json\/wp\/v2\/users\/1"}],"replies":[{"embeddable":true,"href":"https:\/\/traksler.co\/en\/wp-json\/wp\/v2\/comments?post=911"}],"version-history":[{"count":3,"href":"https:\/\/traksler.co\/en\/wp-json\/wp\/v2\/pages\/911\/revisions"}],"predecessor-version":[{"id":976,"href":"https:\/\/traksler.co\/en\/wp-json\/wp\/v2\/pages\/911\/revisions\/976"}],"wp:attachment":[{"href":"https:\/\/traksler.co\/en\/wp-json\/wp\/v2\/media?parent=911"}],"curies":[{"name":"wp","href":"https:\/\/api.w.org\/{rel}","templated":true}]}}