{"id":920,"date":"2019-06-21T08:00:27","date_gmt":"2019-06-21T08:00:27","guid":{"rendered":"http:\/\/traksler.co\/?page_id=920"},"modified":"2019-06-24T12:36:54","modified_gmt":"2019-06-24T12:36:54","slug":"daska-klot-l","status":"publish","type":"page","link":"https:\/\/traksler.co\/en\/daska-klot-l\/","title":{"rendered":"board klot l"},"content":{"rendered":"<div data-elementor-type=\"wp-post\" data-elementor-id=\"920\" class=\"elementor elementor-920\">\n\t\t\t\t\t\t<section class=\"elementor-section elementor-top-section elementor-element elementor-element-2a4793b elementor-section-boxed elementor-section-height-default elementor-section-height-default\" data-id=\"2a4793b\" data-element_type=\"section\">\n\t\t\t\t\t\t<div class=\"elementor-container elementor-column-gap-default\">\n\t\t\t\t\t<div class=\"elementor-column elementor-col-100 elementor-top-column elementor-element elementor-element-0f9cf07\" data-id=\"0f9cf07\" data-element_type=\"column\">\n\t\t\t<div class=\"elementor-widget-wrap elementor-element-populated\">\n\t\t\t\t\t\t<div class=\"elementor-element elementor-element-be00bf3 elementor-widget elementor-widget-spacer\" data-id=\"be00bf3\" data-element_type=\"widget\" data-widget_type=\"spacer.default\">\n\t\t\t\t<div class=\"elementor-widget-container\">\n\t\t\t\t\t\t\t<div class=\"elementor-spacer\">\n\t\t\t<div class=\"elementor-spacer-inner\"><\/div>\n\t\t<\/div>\n\t\t\t\t\t\t<\/div>\n\t\t\t\t<\/div>\n\t\t\t\t<div class=\"elementor-element elementor-element-c98984f elementor-invisible elementor-widget elementor-widget-heading\" data-id=\"c98984f\" data-element_type=\"widget\" data-settings=\"{&quot;_animation&quot;:&quot;fadeIn&quot;}\" data-widget_type=\"heading.default\">\n\t\t\t\t<div class=\"elementor-widget-container\">\n\t\t\t\t\t<h2 class=\"elementor-heading-title elementor-size-default\">board klot l<\/h2>\t\t\t\t<\/div>\n\t\t\t\t<\/div>\n\t\t\t\t<div class=\"elementor-element elementor-element-a97de1b elementor-widget elementor-widget-spacer\" data-id=\"a97de1b\" data-element_type=\"widget\" data-widget_type=\"spacer.default\">\n\t\t\t\t<div class=\"elementor-widget-container\">\n\t\t\t\t\t\t\t<div class=\"elementor-spacer\">\n\t\t\t<div class=\"elementor-spacer-inner\"><\/div>\n\t\t<\/div>\n\t\t\t\t\t\t<\/div>\n\t\t\t\t<\/div>\n\t\t\t\t\t<\/div>\n\t\t<\/div>\n\t\t\t\t\t<\/div>\n\t\t<\/section>\n\t\t\t\t<section class=\"elementor-section elementor-top-section elementor-element elementor-element-6edb4fd elementor-section-boxed elementor-section-height-default elementor-section-height-default elementor-invisible\" data-id=\"6edb4fd\" data-element_type=\"section\" data-settings=\"{&quot;animation&quot;:&quot;fadeIn&quot;}\">\n\t\t\t\t\t\t<div class=\"elementor-container elementor-column-gap-default\">\n\t\t\t\t\t<div class=\"elementor-column elementor-col-50 elementor-top-column elementor-element elementor-element-a3ee7bc\" data-id=\"a3ee7bc\" data-element_type=\"column\">\n\t\t\t<div class=\"elementor-widget-wrap elementor-element-populated\">\n\t\t\t\t\t\t<div class=\"elementor-element elementor-element-16980db elementor-widget elementor-widget-image-gallery\" data-id=\"16980db\" data-element_type=\"widget\" data-widget_type=\"image-gallery.default\">\n\t\t\t\t<div class=\"elementor-widget-container\">\n\t\t\t\t\t\t\t<div class=\"elementor-image-gallery\">\n\t\t\t<div id='gallery-1' class='gallery galleryid-920 gallery-columns-1 gallery-size-full'><figure class='gallery-item'>\n\t\t\t<div class='gallery-icon portrait'>\n\t\t\t\t<a data-elementor-open-lightbox=\"yes\" data-elementor-lightbox-slideshow=\"16980db\" data-elementor-lightbox-title=\"daska-klot-l-1\" data-e-action-hash=\"#elementor-action%3Aaction%3Dlightbox%26settings%3DeyJpZCI6OTI1LCJ1cmwiOiJodHRwczpcL1wvdHJha3NsZXIuY29cL3dwLWNvbnRlbnRcL3VwbG9hZHNcLzIwMTlcLzA2XC9kYXNrYS1rbG90LWwtMS5qcGciLCJzbGlkZXNob3ciOiIxNjk4MGRiIn0%3D\" href='https:\/\/traksler.co\/wp-content\/uploads\/2019\/06\/daska-klot-l-1.jpg'><img fetchpriority=\"high\" decoding=\"async\" width=\"1630\" height=\"1980\" src=\"https:\/\/traksler.co\/wp-content\/uploads\/2019\/06\/daska-klot-l-1.jpg\" class=\"attachment-full size-full\" alt=\"\" srcset=\"https:\/\/traksler.co\/wp-content\/uploads\/2019\/06\/daska-klot-l-1.jpg 1630w, https:\/\/traksler.co\/wp-content\/uploads\/2019\/06\/daska-klot-l-1-247x300.jpg 247w, https:\/\/traksler.co\/wp-content\/uploads\/2019\/06\/daska-klot-l-1-768x933.jpg 768w, https:\/\/traksler.co\/wp-content\/uploads\/2019\/06\/daska-klot-l-1-843x1024.jpg 843w, https:\/\/traksler.co\/wp-content\/uploads\/2019\/06\/daska-klot-l-1-600x729.jpg 600w\" sizes=\"(max-width: 1630px) 100vw, 1630px\" \/><\/a>\n\t\t\t<\/div><\/figure><figure class='gallery-item'>\n\t\t\t<div class='gallery-icon landscape'>\n\t\t\t\t<a data-elementor-open-lightbox=\"yes\" data-elementor-lightbox-slideshow=\"16980db\" data-elementor-lightbox-title=\"daska-klot-l-4\" data-e-action-hash=\"#elementor-action%3Aaction%3Dlightbox%26settings%3DeyJpZCI6OTI2LCJ1cmwiOiJodHRwczpcL1wvdHJha3NsZXIuY29cL3dwLWNvbnRlbnRcL3VwbG9hZHNcLzIwMTlcLzA2XC9kYXNrYS1rbG90LWwtNC5qcGciLCJzbGlkZXNob3ciOiIxNjk4MGRiIn0%3D\" href='https:\/\/traksler.co\/wp-content\/uploads\/2019\/06\/daska-klot-l-4.jpg'><img decoding=\"async\" width=\"1980\" height=\"1284\" src=\"https:\/\/traksler.co\/wp-content\/uploads\/2019\/06\/daska-klot-l-4.jpg\" class=\"attachment-full size-full\" alt=\"\" srcset=\"https:\/\/traksler.co\/wp-content\/uploads\/2019\/06\/daska-klot-l-4.jpg 1980w, https:\/\/traksler.co\/wp-content\/uploads\/2019\/06\/daska-klot-l-4-300x195.jpg 300w, https:\/\/traksler.co\/wp-content\/uploads\/2019\/06\/daska-klot-l-4-768x498.jpg 768w, https:\/\/traksler.co\/wp-content\/uploads\/2019\/06\/daska-klot-l-4-1024x664.jpg 1024w, https:\/\/traksler.co\/wp-content\/uploads\/2019\/06\/daska-klot-l-4-600x389.jpg 600w\" sizes=\"(max-width: 1980px) 100vw, 1980px\" \/><\/a>\n\t\t\t<\/div><\/figure><figure class='gallery-item'>\n\t\t\t<div class='gallery-icon landscape'>\n\t\t\t\t<a data-elementor-open-lightbox=\"yes\" data-elementor-lightbox-slideshow=\"16980db\" data-elementor-lightbox-title=\"daska-klot-l-3\" data-e-action-hash=\"#elementor-action%3Aaction%3Dlightbox%26settings%3DeyJpZCI6OTIzLCJ1cmwiOiJodHRwczpcL1wvdHJha3NsZXIuY29cL3dwLWNvbnRlbnRcL3VwbG9hZHNcLzIwMTlcLzA2XC9kYXNrYS1rbG90LWwtMy5qcGciLCJzbGlkZXNob3ciOiIxNjk4MGRiIn0%3D\" href='https:\/\/traksler.co\/wp-content\/uploads\/2019\/06\/daska-klot-l-3.jpg'><img decoding=\"async\" width=\"1980\" height=\"1444\" src=\"https:\/\/traksler.co\/wp-content\/uploads\/2019\/06\/daska-klot-l-3.jpg\" class=\"attachment-full size-full\" alt=\"\" srcset=\"https:\/\/traksler.co\/wp-content\/uploads\/2019\/06\/daska-klot-l-3.jpg 1980w, https:\/\/traksler.co\/wp-content\/uploads\/2019\/06\/daska-klot-l-3-300x219.jpg 300w, https:\/\/traksler.co\/wp-content\/uploads\/2019\/06\/daska-klot-l-3-768x560.jpg 768w, https:\/\/traksler.co\/wp-content\/uploads\/2019\/06\/daska-klot-l-3-1024x747.jpg 1024w, https:\/\/traksler.co\/wp-content\/uploads\/2019\/06\/daska-klot-l-3-600x438.jpg 600w\" sizes=\"(max-width: 1980px) 100vw, 1980px\" \/><\/a>\n\t\t\t<\/div><\/figure><figure class='gallery-item'>\n\t\t\t<div class='gallery-icon landscape'>\n\t\t\t\t<a data-elementor-open-lightbox=\"yes\" data-elementor-lightbox-slideshow=\"16980db\" data-elementor-lightbox-title=\"daska-klot-l-2\" data-e-action-hash=\"#elementor-action%3Aaction%3Dlightbox%26settings%3DeyJpZCI6OTIyLCJ1cmwiOiJodHRwczpcL1wvdHJha3NsZXIuY29cL3dwLWNvbnRlbnRcL3VwbG9hZHNcLzIwMTlcLzA2XC9kYXNrYS1rbG90LWwtMi5qcGciLCJzbGlkZXNob3ciOiIxNjk4MGRiIn0%3D\" href='https:\/\/traksler.co\/wp-content\/uploads\/2019\/06\/daska-klot-l-2.jpg'><img loading=\"lazy\" decoding=\"async\" width=\"1980\" height=\"1427\" src=\"https:\/\/traksler.co\/wp-content\/uploads\/2019\/06\/daska-klot-l-2.jpg\" class=\"attachment-full size-full\" alt=\"\" srcset=\"https:\/\/traksler.co\/wp-content\/uploads\/2019\/06\/daska-klot-l-2.jpg 1980w, https:\/\/traksler.co\/wp-content\/uploads\/2019\/06\/daska-klot-l-2-300x216.jpg 300w, https:\/\/traksler.co\/wp-content\/uploads\/2019\/06\/daska-klot-l-2-768x554.jpg 768w, https:\/\/traksler.co\/wp-content\/uploads\/2019\/06\/daska-klot-l-2-1024x738.jpg 1024w, https:\/\/traksler.co\/wp-content\/uploads\/2019\/06\/daska-klot-l-2-600x432.jpg 600w\" sizes=\"(max-width: 1980px) 100vw, 1980px\" \/><\/a>\n\t\t\t<\/div><\/figure>\n\t\t<\/div>\n\t\t<\/div>\n\t\t\t\t\t\t<\/div>\n\t\t\t\t<\/div>\n\t\t\t\t\t<\/div>\n\t\t<\/div>\n\t\t\t\t<div class=\"elementor-column elementor-col-50 elementor-top-column elementor-element elementor-element-0ead897 elementor-hidden-phone\" data-id=\"0ead897\" data-element_type=\"column\">\n\t\t\t<div class=\"elementor-widget-wrap elementor-element-populated\">\n\t\t\t\t\t\t<div class=\"elementor-element elementor-element-8163b53 elementor-widget elementor-widget-image\" data-id=\"8163b53\" data-element_type=\"widget\" data-widget_type=\"image.default\">\n\t\t\t\t<div class=\"elementor-widget-container\">\n\t\t\t\t\t\t\t\t\t\t\t\t\t\t\t<img loading=\"lazy\" decoding=\"async\" width=\"1980\" height=\"1427\" src=\"https:\/\/traksler.co\/wp-content\/uploads\/2019\/06\/daska-klot-l-2.jpg\" class=\"attachment-full size-full wp-image-922\" alt=\"\" srcset=\"https:\/\/traksler.co\/wp-content\/uploads\/2019\/06\/daska-klot-l-2.jpg 1980w, https:\/\/traksler.co\/wp-content\/uploads\/2019\/06\/daska-klot-l-2-300x216.jpg 300w, https:\/\/traksler.co\/wp-content\/uploads\/2019\/06\/daska-klot-l-2-768x554.jpg 768w, https:\/\/traksler.co\/wp-content\/uploads\/2019\/06\/daska-klot-l-2-1024x738.jpg 1024w, https:\/\/traksler.co\/wp-content\/uploads\/2019\/06\/daska-klot-l-2-600x432.jpg 600w\" sizes=\"(max-width: 1980px) 100vw, 1980px\" \/>\t\t\t\t\t\t\t\t\t\t\t\t\t\t\t<\/div>\n\t\t\t\t<\/div>\n\t\t\t\t<div class=\"elementor-element elementor-element-7d2bf5e elementor-widget elementor-widget-text-editor\" data-id=\"7d2bf5e\" data-element_type=\"widget\" data-widget_type=\"text-editor.default\">\n\t\t\t\t<div class=\"elementor-widget-container\">\n\t\t\t\t\t\t\t\t\t<p>board klot l is made of several wooden elements that are jagged and connected to increase quality. the used adhesive has a food contact certificate as well as an protective oil.<\/p><p>dimensions: length 40cm, width 22 and thickness 1.8cm<\/p>\t\t\t\t\t\t\t\t<\/div>\n\t\t\t\t<\/div>\n\t\t\t\t\t<\/div>\n\t\t<\/div>\n\t\t\t\t\t<\/div>\n\t\t<\/section>\n\t\t\t\t<\/div>","protected":false},"excerpt":{"rendered":"<p>daska klot l daska klot l se pravi iz vi\u0161e drvenih elemenata spojenih zup\u010dastom vezom koja pove\u0107ava povr\u0161inu lepljenja i daje veliku \u010dvrsto\u0107u daskama. za lepljenje koristi se lepak koji ima sertifikat za kontakt sa hranom kao i ulje kojim je za\u0161ti\u0107ena. dimenzije: du\u017eina 40cm, \u0161irina 22 a debljina 1,8cm<\/p>","protected":false},"author":1,"featured_media":0,"parent":0,"menu_order":0,"comment_status":"closed","ping_status":"closed","template":"","meta":{"ngg_post_thumbnail":0,"footnotes":""},"class_list":["post-920","page","type-page","status-publish","hentry"],"yoast_head":"<!-- This site is optimized with the Yoast SEO plugin v27.2 - https:\/\/yoast.com\/product\/yoast-seo-wordpress\/ -->\n<title>daska klot l - traksler<\/title>\n<meta name=\"robots\" content=\"index, follow, max-snippet:-1, max-image-preview:large, max-video-preview:-1\" \/>\n<link rel=\"canonical\" href=\"https:\/\/traksler.co\/en\/daska-klot-l\/\" \/>\n<meta property=\"og:locale\" content=\"en_US\" \/>\n<meta property=\"og:type\" content=\"article\" \/>\n<meta property=\"og:title\" content=\"daska klot l - traksler\" \/>\n<meta property=\"og:description\" content=\"daska klot l daska klot l se pravi iz vi\u0161e drvenih elemenata spojenih zup\u010dastom vezom koja pove\u0107ava povr\u0161inu lepljenja i daje veliku \u010dvrsto\u0107u daskama. za lepljenje koristi se lepak koji ima sertifikat za kontakt sa hranom kao i ulje kojim je za\u0161ti\u0107ena. dimenzije: du\u017eina 40cm, \u0161irina 22 a debljina 1,8cm\" \/>\n<meta property=\"og:url\" content=\"https:\/\/traksler.co\/en\/daska-klot-l\/\" \/>\n<meta property=\"og:site_name\" content=\"traksler\" \/>\n<meta property=\"article:publisher\" content=\"https:\/\/www.facebook.com\/trakslershapeswood\/\" \/>\n<meta property=\"article:modified_time\" content=\"2019-06-24T12:36:54+00:00\" \/>\n<meta property=\"og:image\" content=\"https:\/\/traksler.co\/wp-content\/uploads\/2019\/06\/daska-klot-l-1.jpg\" \/>\n<meta name=\"twitter:card\" content=\"summary_large_image\" \/>\n<script type=\"application\/ld+json\" class=\"yoast-schema-graph\">{\"@context\":\"https:\/\/schema.org\",\"@graph\":[{\"@type\":\"WebPage\",\"@id\":\"https:\/\/traksler.co\/daska-klot-l\/\",\"url\":\"https:\/\/traksler.co\/daska-klot-l\/\",\"name\":\"daska klot l - traksler\",\"isPartOf\":{\"@id\":\"https:\/\/traksler.co\/#website\"},\"primaryImageOfPage\":{\"@id\":\"https:\/\/traksler.co\/daska-klot-l\/#primaryimage\"},\"image\":{\"@id\":\"https:\/\/traksler.co\/daska-klot-l\/#primaryimage\"},\"thumbnailUrl\":\"https:\/\/traksler.co\/wp-content\/uploads\/2019\/06\/daska-klot-l-1.jpg\",\"datePublished\":\"2019-06-21T08:00:27+00:00\",\"dateModified\":\"2019-06-24T12:36:54+00:00\",\"breadcrumb\":{\"@id\":\"https:\/\/traksler.co\/daska-klot-l\/#breadcrumb\"},\"inLanguage\":\"en-US\",\"potentialAction\":[{\"@type\":\"ReadAction\",\"target\":[\"https:\/\/traksler.co\/daska-klot-l\/\"]}]},{\"@type\":\"ImageObject\",\"inLanguage\":\"en-US\",\"@id\":\"https:\/\/traksler.co\/daska-klot-l\/#primaryimage\",\"url\":\"https:\/\/traksler.co\/wp-content\/uploads\/2019\/06\/daska-klot-l-1.jpg\",\"contentUrl\":\"https:\/\/traksler.co\/wp-content\/uploads\/2019\/06\/daska-klot-l-1.jpg\"},{\"@type\":\"BreadcrumbList\",\"@id\":\"https:\/\/traksler.co\/daska-klot-l\/#breadcrumb\",\"itemListElement\":[{\"@type\":\"ListItem\",\"position\":1,\"name\":\"Home\",\"item\":\"https:\/\/traksler.co\/\"},{\"@type\":\"ListItem\",\"position\":2,\"name\":\"daska klot l\"}]},{\"@type\":\"WebSite\",\"@id\":\"https:\/\/traksler.co\/#website\",\"url\":\"https:\/\/traksler.co\/\",\"name\":\"traksler\",\"description\":\"wood products\",\"publisher\":{\"@id\":\"https:\/\/traksler.co\/#organization\"},\"potentialAction\":[{\"@type\":\"SearchAction\",\"target\":{\"@type\":\"EntryPoint\",\"urlTemplate\":\"https:\/\/traksler.co\/?s={search_term_string}\"},\"query-input\":{\"@type\":\"PropertyValueSpecification\",\"valueRequired\":true,\"valueName\":\"search_term_string\"}}],\"inLanguage\":\"en-US\"},{\"@type\":\"Organization\",\"@id\":\"https:\/\/traksler.co\/#organization\",\"name\":\"traksler\",\"url\":\"https:\/\/traksler.co\/\",\"logo\":{\"@type\":\"ImageObject\",\"inLanguage\":\"en-US\",\"@id\":\"https:\/\/traksler.co\/#\/schema\/logo\/image\/\",\"url\":\"https:\/\/traksler.co\/wp-content\/uploads\/2019\/01\/vertikalni.jpg\",\"contentUrl\":\"https:\/\/traksler.co\/wp-content\/uploads\/2019\/01\/vertikalni.jpg\",\"width\":2158,\"height\":2494,\"caption\":\"traksler\"},\"image\":{\"@id\":\"https:\/\/traksler.co\/#\/schema\/logo\/image\/\"},\"sameAs\":[\"https:\/\/www.facebook.com\/trakslershapeswood\/\",\"https:\/\/www.instagram.com\/traksler_shapeswood\/\"]}]}<\/script>\n<!-- \/ Yoast SEO plugin. -->","yoast_head_json":{"title":"daska klot l - traksler","robots":{"index":"index","follow":"follow","max-snippet":"max-snippet:-1","max-image-preview":"max-image-preview:large","max-video-preview":"max-video-preview:-1"},"canonical":"https:\/\/traksler.co\/en\/daska-klot-l\/","og_locale":"en_US","og_type":"article","og_title":"daska klot l - traksler","og_description":"daska klot l daska klot l se pravi iz vi\u0161e drvenih elemenata spojenih zup\u010dastom vezom koja pove\u0107ava povr\u0161inu lepljenja i daje veliku \u010dvrsto\u0107u daskama. za lepljenje koristi se lepak koji ima sertifikat za kontakt sa hranom kao i ulje kojim je za\u0161ti\u0107ena. dimenzije: du\u017eina 40cm, \u0161irina 22 a debljina 1,8cm","og_url":"https:\/\/traksler.co\/en\/daska-klot-l\/","og_site_name":"traksler","article_publisher":"https:\/\/www.facebook.com\/trakslershapeswood\/","article_modified_time":"2019-06-24T12:36:54+00:00","og_image":[{"url":"https:\/\/traksler.co\/wp-content\/uploads\/2019\/06\/daska-klot-l-1.jpg","type":"","width":"","height":""}],"twitter_card":"summary_large_image","schema":{"@context":"https:\/\/schema.org","@graph":[{"@type":"WebPage","@id":"https:\/\/traksler.co\/daska-klot-l\/","url":"https:\/\/traksler.co\/daska-klot-l\/","name":"daska klot l - traksler","isPartOf":{"@id":"https:\/\/traksler.co\/#website"},"primaryImageOfPage":{"@id":"https:\/\/traksler.co\/daska-klot-l\/#primaryimage"},"image":{"@id":"https:\/\/traksler.co\/daska-klot-l\/#primaryimage"},"thumbnailUrl":"https:\/\/traksler.co\/wp-content\/uploads\/2019\/06\/daska-klot-l-1.jpg","datePublished":"2019-06-21T08:00:27+00:00","dateModified":"2019-06-24T12:36:54+00:00","breadcrumb":{"@id":"https:\/\/traksler.co\/daska-klot-l\/#breadcrumb"},"inLanguage":"en-US","potentialAction":[{"@type":"ReadAction","target":["https:\/\/traksler.co\/daska-klot-l\/"]}]},{"@type":"ImageObject","inLanguage":"en-US","@id":"https:\/\/traksler.co\/daska-klot-l\/#primaryimage","url":"https:\/\/traksler.co\/wp-content\/uploads\/2019\/06\/daska-klot-l-1.jpg","contentUrl":"https:\/\/traksler.co\/wp-content\/uploads\/2019\/06\/daska-klot-l-1.jpg"},{"@type":"BreadcrumbList","@id":"https:\/\/traksler.co\/daska-klot-l\/#breadcrumb","itemListElement":[{"@type":"ListItem","position":1,"name":"Home","item":"https:\/\/traksler.co\/"},{"@type":"ListItem","position":2,"name":"daska klot l"}]},{"@type":"WebSite","@id":"https:\/\/traksler.co\/#website","url":"https:\/\/traksler.co\/","name":"traksler","description":"wood products","publisher":{"@id":"https:\/\/traksler.co\/#organization"},"potentialAction":[{"@type":"SearchAction","target":{"@type":"EntryPoint","urlTemplate":"https:\/\/traksler.co\/?s={search_term_string}"},"query-input":{"@type":"PropertyValueSpecification","valueRequired":true,"valueName":"search_term_string"}}],"inLanguage":"en-US"},{"@type":"Organization","@id":"https:\/\/traksler.co\/#organization","name":"traksler","url":"https:\/\/traksler.co\/","logo":{"@type":"ImageObject","inLanguage":"en-US","@id":"https:\/\/traksler.co\/#\/schema\/logo\/image\/","url":"https:\/\/traksler.co\/wp-content\/uploads\/2019\/01\/vertikalni.jpg","contentUrl":"https:\/\/traksler.co\/wp-content\/uploads\/2019\/01\/vertikalni.jpg","width":2158,"height":2494,"caption":"traksler"},"image":{"@id":"https:\/\/traksler.co\/#\/schema\/logo\/image\/"},"sameAs":["https:\/\/www.facebook.com\/trakslershapeswood\/","https:\/\/www.instagram.com\/traksler_shapeswood\/"]}]}},"_links":{"self":[{"href":"https:\/\/traksler.co\/en\/wp-json\/wp\/v2\/pages\/920","targetHints":{"allow":["GET"]}}],"collection":[{"href":"https:\/\/traksler.co\/en\/wp-json\/wp\/v2\/pages"}],"about":[{"href":"https:\/\/traksler.co\/en\/wp-json\/wp\/v2\/types\/page"}],"author":[{"embeddable":true,"href":"https:\/\/traksler.co\/en\/wp-json\/wp\/v2\/users\/1"}],"replies":[{"embeddable":true,"href":"https:\/\/traksler.co\/en\/wp-json\/wp\/v2\/comments?post=920"}],"version-history":[{"count":3,"href":"https:\/\/traksler.co\/en\/wp-json\/wp\/v2\/pages\/920\/revisions"}],"predecessor-version":[{"id":1035,"href":"https:\/\/traksler.co\/en\/wp-json\/wp\/v2\/pages\/920\/revisions\/1035"}],"wp:attachment":[{"href":"https:\/\/traksler.co\/en\/wp-json\/wp\/v2\/media?parent=920"}],"curies":[{"name":"wp","href":"https:\/\/api.w.org\/{rel}","templated":true}]}}