{"id":937,"date":"2019-06-21T08:55:31","date_gmt":"2019-06-21T08:55:31","guid":{"rendered":"http:\/\/traksler.co\/?page_id=937"},"modified":"2019-06-21T08:59:45","modified_gmt":"2019-06-21T08:59:45","slug":"velike-drvene-kasike","status":"publish","type":"page","link":"https:\/\/traksler.co\/en\/velike-drvene-kasike\/","title":{"rendered":"large wooden spoons"},"content":{"rendered":"<div data-elementor-type=\"wp-post\" data-elementor-id=\"937\" class=\"elementor elementor-937\">\n\t\t\t\t\t\t<section class=\"elementor-section elementor-top-section elementor-element elementor-element-87bd98d elementor-section-boxed elementor-section-height-default elementor-section-height-default\" data-id=\"87bd98d\" data-element_type=\"section\">\n\t\t\t\t\t\t<div class=\"elementor-container elementor-column-gap-default\">\n\t\t\t\t\t<div class=\"elementor-column elementor-col-100 elementor-top-column elementor-element elementor-element-b9293bb\" data-id=\"b9293bb\" data-element_type=\"column\">\n\t\t\t<div class=\"elementor-widget-wrap elementor-element-populated\">\n\t\t\t\t\t\t<div class=\"elementor-element elementor-element-8febd36 elementor-widget elementor-widget-spacer\" data-id=\"8febd36\" data-element_type=\"widget\" data-widget_type=\"spacer.default\">\n\t\t\t\t<div class=\"elementor-widget-container\">\n\t\t\t\t\t\t\t<div class=\"elementor-spacer\">\n\t\t\t<div class=\"elementor-spacer-inner\"><\/div>\n\t\t<\/div>\n\t\t\t\t\t\t<\/div>\n\t\t\t\t<\/div>\n\t\t\t\t<div class=\"elementor-element elementor-element-c1e70de elementor-invisible elementor-widget elementor-widget-heading\" data-id=\"c1e70de\" data-element_type=\"widget\" data-settings=\"{&quot;_animation&quot;:&quot;fadeIn&quot;}\" data-widget_type=\"heading.default\">\n\t\t\t\t<div class=\"elementor-widget-container\">\n\t\t\t\t\t<h2 class=\"elementor-heading-title elementor-size-default\">large wooden spoons<\/h2>\t\t\t\t<\/div>\n\t\t\t\t<\/div>\n\t\t\t\t<div class=\"elementor-element elementor-element-9044a7b elementor-widget elementor-widget-spacer\" data-id=\"9044a7b\" data-element_type=\"widget\" data-widget_type=\"spacer.default\">\n\t\t\t\t<div class=\"elementor-widget-container\">\n\t\t\t\t\t\t\t<div class=\"elementor-spacer\">\n\t\t\t<div class=\"elementor-spacer-inner\"><\/div>\n\t\t<\/div>\n\t\t\t\t\t\t<\/div>\n\t\t\t\t<\/div>\n\t\t\t\t\t<\/div>\n\t\t<\/div>\n\t\t\t\t\t<\/div>\n\t\t<\/section>\n\t\t\t\t<section class=\"elementor-section elementor-top-section elementor-element elementor-element-0032c26 elementor-section-boxed elementor-section-height-default elementor-section-height-default elementor-invisible\" data-id=\"0032c26\" data-element_type=\"section\" data-settings=\"{&quot;animation&quot;:&quot;fadeIn&quot;}\">\n\t\t\t\t\t\t<div class=\"elementor-container elementor-column-gap-default\">\n\t\t\t\t\t<div class=\"elementor-column elementor-col-50 elementor-top-column elementor-element elementor-element-5fea9bf\" data-id=\"5fea9bf\" data-element_type=\"column\">\n\t\t\t<div class=\"elementor-widget-wrap elementor-element-populated\">\n\t\t\t\t\t\t<div class=\"elementor-element elementor-element-6960086 elementor-widget elementor-widget-image-gallery\" data-id=\"6960086\" data-element_type=\"widget\" data-widget_type=\"image-gallery.default\">\n\t\t\t\t<div class=\"elementor-widget-container\">\n\t\t\t\t\t\t\t<div class=\"elementor-image-gallery\">\n\t\t\t<div id='gallery-1' class='gallery galleryid-937 gallery-columns-1 gallery-size-full'><figure class='gallery-item'>\n\t\t\t<div class='gallery-icon landscape'>\n\t\t\t\t<a data-elementor-open-lightbox=\"yes\" data-elementor-lightbox-slideshow=\"6960086\" data-elementor-lightbox-title=\"velika-kasika-2\" data-e-action-hash=\"#elementor-action%3Aaction%3Dlightbox%26settings%3DeyJpZCI6OTM5LCJ1cmwiOiJodHRwczpcL1wvdHJha3NsZXIuY29cL3dwLWNvbnRlbnRcL3VwbG9hZHNcLzIwMTlcLzA2XC92ZWxpa2Eta2FzaWthLTIuanBnIiwic2xpZGVzaG93IjoiNjk2MDA4NiJ9\" href='https:\/\/traksler.co\/wp-content\/uploads\/2019\/06\/velika-kasika-2.jpg'><img fetchpriority=\"high\" decoding=\"async\" width=\"1980\" height=\"1122\" src=\"https:\/\/traksler.co\/wp-content\/uploads\/2019\/06\/velika-kasika-2.jpg\" class=\"attachment-full size-full\" alt=\"\" srcset=\"https:\/\/traksler.co\/wp-content\/uploads\/2019\/06\/velika-kasika-2.jpg 1980w, https:\/\/traksler.co\/wp-content\/uploads\/2019\/06\/velika-kasika-2-300x170.jpg 300w, https:\/\/traksler.co\/wp-content\/uploads\/2019\/06\/velika-kasika-2-768x435.jpg 768w, https:\/\/traksler.co\/wp-content\/uploads\/2019\/06\/velika-kasika-2-1024x580.jpg 1024w, https:\/\/traksler.co\/wp-content\/uploads\/2019\/06\/velika-kasika-2-600x340.jpg 600w\" sizes=\"(max-width: 1980px) 100vw, 1980px\" \/><\/a>\n\t\t\t<\/div><\/figure><figure class='gallery-item'>\n\t\t\t<div class='gallery-icon landscape'>\n\t\t\t\t<a data-elementor-open-lightbox=\"yes\" data-elementor-lightbox-slideshow=\"6960086\" data-elementor-lightbox-title=\"velika-kasika-3\" data-e-action-hash=\"#elementor-action%3Aaction%3Dlightbox%26settings%3DeyJpZCI6OTQwLCJ1cmwiOiJodHRwczpcL1wvdHJha3NsZXIuY29cL3dwLWNvbnRlbnRcL3VwbG9hZHNcLzIwMTlcLzA2XC92ZWxpa2Eta2FzaWthLTMuanBnIiwic2xpZGVzaG93IjoiNjk2MDA4NiJ9\" href='https:\/\/traksler.co\/wp-content\/uploads\/2019\/06\/velika-kasika-3.jpg'><img decoding=\"async\" width=\"1980\" height=\"1315\" src=\"https:\/\/traksler.co\/wp-content\/uploads\/2019\/06\/velika-kasika-3.jpg\" class=\"attachment-full size-full\" alt=\"\" srcset=\"https:\/\/traksler.co\/wp-content\/uploads\/2019\/06\/velika-kasika-3.jpg 1980w, https:\/\/traksler.co\/wp-content\/uploads\/2019\/06\/velika-kasika-3-300x199.jpg 300w, https:\/\/traksler.co\/wp-content\/uploads\/2019\/06\/velika-kasika-3-768x510.jpg 768w, https:\/\/traksler.co\/wp-content\/uploads\/2019\/06\/velika-kasika-3-1024x680.jpg 1024w, https:\/\/traksler.co\/wp-content\/uploads\/2019\/06\/velika-kasika-3-600x398.jpg 600w\" sizes=\"(max-width: 1980px) 100vw, 1980px\" \/><\/a>\n\t\t\t<\/div><\/figure><figure class='gallery-item'>\n\t\t\t<div class='gallery-icon landscape'>\n\t\t\t\t<a data-elementor-open-lightbox=\"yes\" data-elementor-lightbox-slideshow=\"6960086\" data-elementor-lightbox-title=\"velika-kasika-1\" data-e-action-hash=\"#elementor-action%3Aaction%3Dlightbox%26settings%3DeyJpZCI6OTQxLCJ1cmwiOiJodHRwczpcL1wvdHJha3NsZXIuY29cL3dwLWNvbnRlbnRcL3VwbG9hZHNcLzIwMTlcLzA2XC92ZWxpa2Eta2FzaWthLTEuanBnIiwic2xpZGVzaG93IjoiNjk2MDA4NiJ9\" href='https:\/\/traksler.co\/wp-content\/uploads\/2019\/06\/velika-kasika-1.jpg'><img decoding=\"async\" width=\"1980\" height=\"1149\" src=\"https:\/\/traksler.co\/wp-content\/uploads\/2019\/06\/velika-kasika-1.jpg\" class=\"attachment-full size-full\" alt=\"\" srcset=\"https:\/\/traksler.co\/wp-content\/uploads\/2019\/06\/velika-kasika-1.jpg 1980w, https:\/\/traksler.co\/wp-content\/uploads\/2019\/06\/velika-kasika-1-300x174.jpg 300w, https:\/\/traksler.co\/wp-content\/uploads\/2019\/06\/velika-kasika-1-768x446.jpg 768w, https:\/\/traksler.co\/wp-content\/uploads\/2019\/06\/velika-kasika-1-1024x594.jpg 1024w, https:\/\/traksler.co\/wp-content\/uploads\/2019\/06\/velika-kasika-1-600x348.jpg 600w\" sizes=\"(max-width: 1980px) 100vw, 1980px\" \/><\/a>\n\t\t\t<\/div><\/figure><figure class='gallery-item'>\n\t\t\t<div class='gallery-icon landscape'>\n\t\t\t\t<a data-elementor-open-lightbox=\"yes\" data-elementor-lightbox-slideshow=\"6960086\" data-elementor-lightbox-title=\"0-02-04-be620264b80728d4f54a3368abe2a7d11138ddb4debce7fa946d65d48fdc7d4f_5f3f106f\" data-e-action-hash=\"#elementor-action%3Aaction%3Dlightbox%26settings%3DeyJpZCI6ODM2LCJ1cmwiOiJodHRwczpcL1wvdHJha3NsZXIuY29cL3dwLWNvbnRlbnRcL3VwbG9hZHNcLzIwMTlcLzA2XC8wLTAyLTA0LWJlNjIwMjY0YjgwNzI4ZDRmNTRhMzM2OGFiZTJhN2QxMTEzOGRkYjRkZWJjZTdmYTk0NmQ2NWQ0OGZkYzdkNGZfNWYzZjEwNmYuanBnIiwic2xpZGVzaG93IjoiNjk2MDA4NiJ9\" href='https:\/\/traksler.co\/wp-content\/uploads\/2019\/06\/0-02-04-be620264b80728d4f54a3368abe2a7d11138ddb4debce7fa946d65d48fdc7d4f_5f3f106f.jpg'><img loading=\"lazy\" decoding=\"async\" width=\"1280\" height=\"853\" src=\"https:\/\/traksler.co\/wp-content\/uploads\/2019\/06\/0-02-04-be620264b80728d4f54a3368abe2a7d11138ddb4debce7fa946d65d48fdc7d4f_5f3f106f.jpg\" class=\"attachment-full size-full\" alt=\"\" srcset=\"https:\/\/traksler.co\/wp-content\/uploads\/2019\/06\/0-02-04-be620264b80728d4f54a3368abe2a7d11138ddb4debce7fa946d65d48fdc7d4f_5f3f106f.jpg 1280w, https:\/\/traksler.co\/wp-content\/uploads\/2019\/06\/0-02-04-be620264b80728d4f54a3368abe2a7d11138ddb4debce7fa946d65d48fdc7d4f_5f3f106f-300x200.jpg 300w, https:\/\/traksler.co\/wp-content\/uploads\/2019\/06\/0-02-04-be620264b80728d4f54a3368abe2a7d11138ddb4debce7fa946d65d48fdc7d4f_5f3f106f-768x512.jpg 768w, https:\/\/traksler.co\/wp-content\/uploads\/2019\/06\/0-02-04-be620264b80728d4f54a3368abe2a7d11138ddb4debce7fa946d65d48fdc7d4f_5f3f106f-1024x682.jpg 1024w, https:\/\/traksler.co\/wp-content\/uploads\/2019\/06\/0-02-04-be620264b80728d4f54a3368abe2a7d11138ddb4debce7fa946d65d48fdc7d4f_5f3f106f-600x400.jpg 600w\" sizes=\"(max-width: 1280px) 100vw, 1280px\" \/><\/a>\n\t\t\t<\/div><\/figure><figure class='gallery-item'>\n\t\t\t<div class='gallery-icon landscape'>\n\t\t\t\t<a data-elementor-open-lightbox=\"yes\" data-elementor-lightbox-slideshow=\"6960086\" data-elementor-lightbox-title=\"IMG_0517\" data-e-action-hash=\"#elementor-action%3Aaction%3Dlightbox%26settings%3DeyJpZCI6ODM3LCJ1cmwiOiJodHRwczpcL1wvdHJha3NsZXIuY29cL3dwLWNvbnRlbnRcL3VwbG9hZHNcLzIwMTlcLzA2XC9JTUdfMDUxNy5qcGciLCJzbGlkZXNob3ciOiI2OTYwMDg2In0%3D\" href='https:\/\/traksler.co\/wp-content\/uploads\/2019\/06\/IMG_0517.jpg'><img loading=\"lazy\" decoding=\"async\" width=\"1980\" height=\"1320\" src=\"https:\/\/traksler.co\/wp-content\/uploads\/2019\/06\/IMG_0517.jpg\" class=\"attachment-full size-full\" alt=\"\" srcset=\"https:\/\/traksler.co\/wp-content\/uploads\/2019\/06\/IMG_0517.jpg 1980w, https:\/\/traksler.co\/wp-content\/uploads\/2019\/06\/IMG_0517-300x200.jpg 300w, https:\/\/traksler.co\/wp-content\/uploads\/2019\/06\/IMG_0517-768x512.jpg 768w, https:\/\/traksler.co\/wp-content\/uploads\/2019\/06\/IMG_0517-1024x683.jpg 1024w, https:\/\/traksler.co\/wp-content\/uploads\/2019\/06\/IMG_0517-600x400.jpg 600w\" sizes=\"(max-width: 1980px) 100vw, 1980px\" \/><\/a>\n\t\t\t<\/div><\/figure>\n\t\t<\/div>\n\t\t<\/div>\n\t\t\t\t\t\t<\/div>\n\t\t\t\t<\/div>\n\t\t\t\t\t<\/div>\n\t\t<\/div>\n\t\t\t\t<div class=\"elementor-column elementor-col-50 elementor-top-column elementor-element elementor-element-5b7b52d elementor-hidden-phone\" data-id=\"5b7b52d\" data-element_type=\"column\">\n\t\t\t<div class=\"elementor-widget-wrap elementor-element-populated\">\n\t\t\t\t\t\t<div class=\"elementor-element elementor-element-7b8c669 elementor-widget elementor-widget-image\" data-id=\"7b8c669\" data-element_type=\"widget\" data-widget_type=\"image.default\">\n\t\t\t\t<div class=\"elementor-widget-container\">\n\t\t\t\t\t\t\t\t\t\t\t\t\t\t\t<img loading=\"lazy\" decoding=\"async\" width=\"1280\" height=\"853\" src=\"https:\/\/traksler.co\/wp-content\/uploads\/2019\/06\/0-02-04-be620264b80728d4f54a3368abe2a7d11138ddb4debce7fa946d65d48fdc7d4f_5f3f106f.jpg\" class=\"attachment-full size-full wp-image-836\" alt=\"\" srcset=\"https:\/\/traksler.co\/wp-content\/uploads\/2019\/06\/0-02-04-be620264b80728d4f54a3368abe2a7d11138ddb4debce7fa946d65d48fdc7d4f_5f3f106f.jpg 1280w, https:\/\/traksler.co\/wp-content\/uploads\/2019\/06\/0-02-04-be620264b80728d4f54a3368abe2a7d11138ddb4debce7fa946d65d48fdc7d4f_5f3f106f-300x200.jpg 300w, https:\/\/traksler.co\/wp-content\/uploads\/2019\/06\/0-02-04-be620264b80728d4f54a3368abe2a7d11138ddb4debce7fa946d65d48fdc7d4f_5f3f106f-768x512.jpg 768w, https:\/\/traksler.co\/wp-content\/uploads\/2019\/06\/0-02-04-be620264b80728d4f54a3368abe2a7d11138ddb4debce7fa946d65d48fdc7d4f_5f3f106f-1024x682.jpg 1024w, https:\/\/traksler.co\/wp-content\/uploads\/2019\/06\/0-02-04-be620264b80728d4f54a3368abe2a7d11138ddb4debce7fa946d65d48fdc7d4f_5f3f106f-600x400.jpg 600w\" sizes=\"(max-width: 1280px) 100vw, 1280px\" \/>\t\t\t\t\t\t\t\t\t\t\t\t\t\t\t<\/div>\n\t\t\t\t<\/div>\n\t\t\t\t<div class=\"elementor-element elementor-element-7c441cb elementor-widget elementor-widget-text-editor\" data-id=\"7c441cb\" data-element_type=\"widget\" data-widget_type=\"text-editor.default\">\n\t\t\t\t<div class=\"elementor-widget-container\">\n\t\t\t\t\t\t\t\t\t<p>large wooden spoons are hand-made from one piece of wood of walnut, oak, cherry, maple... they are protected by natural oil certified for direct contact with food.<\/p><p>dimensions: the length is 34cm - + 10mm and width in it's widest part is 5.5cm - + 3mm.<\/p>\t\t\t\t\t\t\t\t<\/div>\n\t\t\t\t<\/div>\n\t\t\t\t\t<\/div>\n\t\t<\/div>\n\t\t\t\t\t<\/div>\n\t\t<\/section>\n\t\t\t\t<\/div>","protected":false},"excerpt":{"rendered":"<p>velike drvene ka\u0161ike velike drvene ka\u0161ike se prave ru\u010dno, iz jednog komada drveta oraha, hrasta, tre\u0161nje, javora&#8230; za\u0161ti\u0107ene su prirodnim uljem sertifikovanim za direktan kontakt sa hranom. dimenzija: du\u017eina velikih drvenih ka\u0161ika je 34cm -+10mm a \u0161irina u naj\u0161irem delu 5,5cm -+3mm.<\/p>","protected":false},"author":1,"featured_media":0,"parent":0,"menu_order":0,"comment_status":"closed","ping_status":"closed","template":"","meta":{"ngg_post_thumbnail":0,"footnotes":""},"class_list":["post-937","page","type-page","status-publish","hentry"],"yoast_head":"<!-- This site is optimized with the Yoast SEO plugin v27.2 - https:\/\/yoast.com\/product\/yoast-seo-wordpress\/ -->\n<title>velike drvene ka\u0161ike - traksler<\/title>\n<meta name=\"robots\" content=\"index, follow, max-snippet:-1, max-image-preview:large, max-video-preview:-1\" \/>\n<link rel=\"canonical\" href=\"https:\/\/traksler.co\/en\/velike-drvene-kasike\/\" \/>\n<meta property=\"og:locale\" content=\"en_US\" \/>\n<meta property=\"og:type\" content=\"article\" \/>\n<meta property=\"og:title\" content=\"velike drvene ka\u0161ike - traksler\" \/>\n<meta property=\"og:description\" content=\"velike drvene ka\u0161ike velike drvene ka\u0161ike se prave ru\u010dno, iz jednog komada drveta oraha, hrasta, tre\u0161nje, javora&#8230; za\u0161ti\u0107ene su prirodnim uljem sertifikovanim za direktan kontakt sa hranom. dimenzija: du\u017eina velikih drvenih ka\u0161ika je 34cm -+10mm a \u0161irina u naj\u0161irem delu 5,5cm -+3mm.\" \/>\n<meta property=\"og:url\" content=\"https:\/\/traksler.co\/en\/velike-drvene-kasike\/\" \/>\n<meta property=\"og:site_name\" content=\"traksler\" \/>\n<meta property=\"article:publisher\" content=\"https:\/\/www.facebook.com\/trakslershapeswood\/\" \/>\n<meta property=\"article:modified_time\" content=\"2019-06-21T08:59:45+00:00\" \/>\n<meta property=\"og:image\" content=\"http:\/\/traksler.co\/wp-content\/uploads\/2019\/06\/velika-kasika-2.jpg\" \/>\n<meta name=\"twitter:card\" content=\"summary_large_image\" \/>\n<script type=\"application\/ld+json\" class=\"yoast-schema-graph\">{\"@context\":\"https:\/\/schema.org\",\"@graph\":[{\"@type\":\"WebPage\",\"@id\":\"https:\/\/traksler.co\/velike-drvene-kasike\/\",\"url\":\"https:\/\/traksler.co\/velike-drvene-kasike\/\",\"name\":\"velike drvene ka\u0161ike - traksler\",\"isPartOf\":{\"@id\":\"https:\/\/traksler.co\/#website\"},\"primaryImageOfPage\":{\"@id\":\"https:\/\/traksler.co\/velike-drvene-kasike\/#primaryimage\"},\"image\":{\"@id\":\"https:\/\/traksler.co\/velike-drvene-kasike\/#primaryimage\"},\"thumbnailUrl\":\"http:\/\/traksler.co\/wp-content\/uploads\/2019\/06\/velika-kasika-2.jpg\",\"datePublished\":\"2019-06-21T08:55:31+00:00\",\"dateModified\":\"2019-06-21T08:59:45+00:00\",\"breadcrumb\":{\"@id\":\"https:\/\/traksler.co\/velike-drvene-kasike\/#breadcrumb\"},\"inLanguage\":\"en-US\",\"potentialAction\":[{\"@type\":\"ReadAction\",\"target\":[\"https:\/\/traksler.co\/velike-drvene-kasike\/\"]}]},{\"@type\":\"ImageObject\",\"inLanguage\":\"en-US\",\"@id\":\"https:\/\/traksler.co\/velike-drvene-kasike\/#primaryimage\",\"url\":\"http:\/\/traksler.co\/wp-content\/uploads\/2019\/06\/velika-kasika-2.jpg\",\"contentUrl\":\"http:\/\/traksler.co\/wp-content\/uploads\/2019\/06\/velika-kasika-2.jpg\"},{\"@type\":\"BreadcrumbList\",\"@id\":\"https:\/\/traksler.co\/velike-drvene-kasike\/#breadcrumb\",\"itemListElement\":[{\"@type\":\"ListItem\",\"position\":1,\"name\":\"Home\",\"item\":\"https:\/\/traksler.co\/\"},{\"@type\":\"ListItem\",\"position\":2,\"name\":\"velike drvene ka\u0161ike\"}]},{\"@type\":\"WebSite\",\"@id\":\"https:\/\/traksler.co\/#website\",\"url\":\"https:\/\/traksler.co\/\",\"name\":\"traksler\",\"description\":\"wood products\",\"publisher\":{\"@id\":\"https:\/\/traksler.co\/#organization\"},\"potentialAction\":[{\"@type\":\"SearchAction\",\"target\":{\"@type\":\"EntryPoint\",\"urlTemplate\":\"https:\/\/traksler.co\/?s={search_term_string}\"},\"query-input\":{\"@type\":\"PropertyValueSpecification\",\"valueRequired\":true,\"valueName\":\"search_term_string\"}}],\"inLanguage\":\"en-US\"},{\"@type\":\"Organization\",\"@id\":\"https:\/\/traksler.co\/#organization\",\"name\":\"traksler\",\"url\":\"https:\/\/traksler.co\/\",\"logo\":{\"@type\":\"ImageObject\",\"inLanguage\":\"en-US\",\"@id\":\"https:\/\/traksler.co\/#\/schema\/logo\/image\/\",\"url\":\"https:\/\/traksler.co\/wp-content\/uploads\/2019\/01\/vertikalni.jpg\",\"contentUrl\":\"https:\/\/traksler.co\/wp-content\/uploads\/2019\/01\/vertikalni.jpg\",\"width\":2158,\"height\":2494,\"caption\":\"traksler\"},\"image\":{\"@id\":\"https:\/\/traksler.co\/#\/schema\/logo\/image\/\"},\"sameAs\":[\"https:\/\/www.facebook.com\/trakslershapeswood\/\",\"https:\/\/www.instagram.com\/traksler_shapeswood\/\"]}]}<\/script>\n<!-- \/ Yoast SEO plugin. -->","yoast_head_json":{"title":"velike drvene ka\u0161ike - traksler","robots":{"index":"index","follow":"follow","max-snippet":"max-snippet:-1","max-image-preview":"max-image-preview:large","max-video-preview":"max-video-preview:-1"},"canonical":"https:\/\/traksler.co\/en\/velike-drvene-kasike\/","og_locale":"en_US","og_type":"article","og_title":"velike drvene ka\u0161ike - traksler","og_description":"velike drvene ka\u0161ike velike drvene ka\u0161ike se prave ru\u010dno, iz jednog komada drveta oraha, hrasta, tre\u0161nje, javora&#8230; za\u0161ti\u0107ene su prirodnim uljem sertifikovanim za direktan kontakt sa hranom. dimenzija: du\u017eina velikih drvenih ka\u0161ika je 34cm -+10mm a \u0161irina u naj\u0161irem delu 5,5cm -+3mm.","og_url":"https:\/\/traksler.co\/en\/velike-drvene-kasike\/","og_site_name":"traksler","article_publisher":"https:\/\/www.facebook.com\/trakslershapeswood\/","article_modified_time":"2019-06-21T08:59:45+00:00","og_image":[{"url":"http:\/\/traksler.co\/wp-content\/uploads\/2019\/06\/velika-kasika-2.jpg","type":"","width":"","height":""}],"twitter_card":"summary_large_image","schema":{"@context":"https:\/\/schema.org","@graph":[{"@type":"WebPage","@id":"https:\/\/traksler.co\/velike-drvene-kasike\/","url":"https:\/\/traksler.co\/velike-drvene-kasike\/","name":"velike drvene ka\u0161ike - traksler","isPartOf":{"@id":"https:\/\/traksler.co\/#website"},"primaryImageOfPage":{"@id":"https:\/\/traksler.co\/velike-drvene-kasike\/#primaryimage"},"image":{"@id":"https:\/\/traksler.co\/velike-drvene-kasike\/#primaryimage"},"thumbnailUrl":"http:\/\/traksler.co\/wp-content\/uploads\/2019\/06\/velika-kasika-2.jpg","datePublished":"2019-06-21T08:55:31+00:00","dateModified":"2019-06-21T08:59:45+00:00","breadcrumb":{"@id":"https:\/\/traksler.co\/velike-drvene-kasike\/#breadcrumb"},"inLanguage":"en-US","potentialAction":[{"@type":"ReadAction","target":["https:\/\/traksler.co\/velike-drvene-kasike\/"]}]},{"@type":"ImageObject","inLanguage":"en-US","@id":"https:\/\/traksler.co\/velike-drvene-kasike\/#primaryimage","url":"http:\/\/traksler.co\/wp-content\/uploads\/2019\/06\/velika-kasika-2.jpg","contentUrl":"http:\/\/traksler.co\/wp-content\/uploads\/2019\/06\/velika-kasika-2.jpg"},{"@type":"BreadcrumbList","@id":"https:\/\/traksler.co\/velike-drvene-kasike\/#breadcrumb","itemListElement":[{"@type":"ListItem","position":1,"name":"Home","item":"https:\/\/traksler.co\/"},{"@type":"ListItem","position":2,"name":"velike drvene ka\u0161ike"}]},{"@type":"WebSite","@id":"https:\/\/traksler.co\/#website","url":"https:\/\/traksler.co\/","name":"traksler","description":"wood products","publisher":{"@id":"https:\/\/traksler.co\/#organization"},"potentialAction":[{"@type":"SearchAction","target":{"@type":"EntryPoint","urlTemplate":"https:\/\/traksler.co\/?s={search_term_string}"},"query-input":{"@type":"PropertyValueSpecification","valueRequired":true,"valueName":"search_term_string"}}],"inLanguage":"en-US"},{"@type":"Organization","@id":"https:\/\/traksler.co\/#organization","name":"traksler","url":"https:\/\/traksler.co\/","logo":{"@type":"ImageObject","inLanguage":"en-US","@id":"https:\/\/traksler.co\/#\/schema\/logo\/image\/","url":"https:\/\/traksler.co\/wp-content\/uploads\/2019\/01\/vertikalni.jpg","contentUrl":"https:\/\/traksler.co\/wp-content\/uploads\/2019\/01\/vertikalni.jpg","width":2158,"height":2494,"caption":"traksler"},"image":{"@id":"https:\/\/traksler.co\/#\/schema\/logo\/image\/"},"sameAs":["https:\/\/www.facebook.com\/trakslershapeswood\/","https:\/\/www.instagram.com\/traksler_shapeswood\/"]}]}},"_links":{"self":[{"href":"https:\/\/traksler.co\/en\/wp-json\/wp\/v2\/pages\/937","targetHints":{"allow":["GET"]}}],"collection":[{"href":"https:\/\/traksler.co\/en\/wp-json\/wp\/v2\/pages"}],"about":[{"href":"https:\/\/traksler.co\/en\/wp-json\/wp\/v2\/types\/page"}],"author":[{"embeddable":true,"href":"https:\/\/traksler.co\/en\/wp-json\/wp\/v2\/users\/1"}],"replies":[{"embeddable":true,"href":"https:\/\/traksler.co\/en\/wp-json\/wp\/v2\/comments?post=937"}],"version-history":[{"count":2,"href":"https:\/\/traksler.co\/en\/wp-json\/wp\/v2\/pages\/937\/revisions"}],"predecessor-version":[{"id":943,"href":"https:\/\/traksler.co\/en\/wp-json\/wp\/v2\/pages\/937\/revisions\/943"}],"wp:attachment":[{"href":"https:\/\/traksler.co\/en\/wp-json\/wp\/v2\/media?parent=937"}],"curies":[{"name":"wp","href":"https:\/\/api.w.org\/{rel}","templated":true}]}}